{"id":3419,"date":"2026-05-09T09:53:47","date_gmt":"2026-05-09T07:53:47","guid":{"rendered":"https:\/\/sonatacustom.com\/?post_type=product&#038;p=3419"},"modified":"2026-05-09T16:21:16","modified_gmt":"2026-05-09T14:21:16","slug":"toms","status":"publish","type":"product","link":"https:\/\/sonatacustom.com\/es\/producto\/toms\/","title":{"rendered":"Toms individuales"},"content":{"rendered":"<p data-start=\"0\" data-end=\"236\">\u00a1Crea tus toms totalmente personalizados con el configurador de toms de Sonata Custom! Elige di\u00e1metro, profundidad, acabado, color del hardware y otras caracter\u00edsticas para dise\u00f1ar el tom que mejor se adapte a tu sonido y configuraci\u00f3n.<\/p>\n<p data-start=\"238\" data-end=\"564\">Tambi\u00e9n puedes optar por una construcci\u00f3n anidable, incorporando anclajes que permiten abrir el casco para almacenar otros elementos en su interior y facilitar el transporte. Ten en cuenta que los cascos con profundidades de 6&#8243; o inferiores se fabrican con bellotas dobles, por lo que no est\u00e1n disponibles en versi\u00f3n anidable.<\/p>\n<p data-start=\"566\" data-end=\"672\" data-is-last-node=\"\" data-is-only-node=\"\">Todos los toms pueden configurarse como tom a\u00e9reo, montado mediante suspensi\u00f3n, o como tom base con patas.<\/p>\n<p>Si quieres otros acabados o caracter\u00edsticas, puedes utilizar el <a href=\"https:\/\/sonatacustom.com\/producto-personalizado\/\">formulario de producto personalizado<\/a>.<\/p>\n","protected":false},"excerpt":{"rendered":"<ul>\n<li>Cascos de madera de abedul (birch) 100%.<\/li>\n<li>Aros triple flange de 2,3 mm.<\/li>\n<li>Hardware disponible en cromado, dorado y negro (toms de 15&#8243; y 16&#8243; con 6 puntos de tensi\u00f3n s\u00f3lo disponibles en cromado).<\/li>\n<li>Parches SpareDrum incluidos. Otros parches disponibles bajo pedido.<\/li>\n<\/ul>\n","protected":false},"featured_media":2682,"comment_status":"open","ping_status":"closed","template":"","meta":{"_uag_custom_page_level_css":"","site-sidebar-layout":"default","site-content-layout":"","ast-site-content-layout":"default","site-content-style":"default","site-sidebar-style":"default","ast-global-header-display":"","ast-banner-title-visibility":"","ast-main-header-display":"","ast-hfb-above-header-display":"","ast-hfb-below-header-display":"","ast-hfb-mobile-header-display":"","site-post-title":"","ast-breadcrumbs-content":"","ast-featured-img":"","footer-sml-layout":"","ast-disable-related-posts":"","theme-transparent-header-meta":"default","adv-header-id-meta":"","stick-header-meta":"","header-above-stick-meta":"","header-main-stick-meta":"","header-below-stick-meta":"","astra-migrate-meta-layouts":"set","ast-page-background-enabled":"default","ast-page-background-meta":{"desktop":{"background-color":"var(--ast-global-color-4)","background-image":"","background-repeat":"repeat","background-position":"center center","background-size":"auto","background-attachment":"scroll","background-type":"","background-media":"","overlay-type":"","overlay-color":"","overlay-opacity":"","overlay-gradient":""},"tablet":{"background-color":"","background-image":"","background-repeat":"repeat","background-position":"center center","background-size":"auto","background-attachment":"scroll","background-type":"","background-media":"","overlay-type":"","overlay-color":"","overlay-opacity":"","overlay-gradient":""},"mobile":{"background-color":"","background-image":"","background-repeat":"repeat","background-position":"center center","background-size":"auto","background-attachment":"scroll","background-type":"","background-media":"","overlay-type":"","overlay-color":"","overlay-opacity":"","overlay-gradient":""}},"ast-content-background-meta":{"desktop":{"background-color":"var(--ast-global-color-5)","background-image":"","background-repeat":"repeat","background-position":"center center","background-size":"auto","background-attachment":"scroll","background-type":"","background-media":"","overlay-type":"","overlay-color":"","overlay-opacity":"","overlay-gradient":""},"tablet":{"background-color":"var(--ast-global-color-5)","background-image":"","background-repeat":"repeat","background-position":"center center","background-size":"auto","background-attachment":"scroll","background-type":"","background-media":"","overlay-type":"","overlay-color":"","overlay-opacity":"","overlay-gradient":""},"mobile":{"background-color":"var(--ast-global-color-5)","background-image":"","background-repeat":"repeat","background-position":"center center","background-size":"auto","background-attachment":"scroll","background-type":"","background-media":"","overlay-type":"","overlay-color":"","overlay-opacity":"","overlay-gradient":""}}},"product_brand":[],"product_cat":[27],"product_tag":[],"class_list":{"0":"post-3419","1":"product","2":"type-product","3":"status-publish","4":"has-post-thumbnail","6":"product_cat-baterias","7":"desktop-align-left","8":"tablet-align-left","9":"mobile-align-left","11":"first","12":"instock","13":"taxable","14":"shipping-taxable","15":"purchasable","16":"product-type-variable"},"uagb_featured_image_src":{"full":["https:\/\/sonatacustom.com\/wp-content\/uploads\/2025\/03\/nest_kit_18_tom-scaled.jpg",2560,1707,false],"thumbnail":["https:\/\/sonatacustom.com\/wp-content\/uploads\/2025\/03\/nest_kit_18_tom-150x150.jpg",150,150,true],"medium":["https:\/\/sonatacustom.com\/wp-content\/uploads\/2025\/03\/nest_kit_18_tom-300x200.jpg",300,200,true],"medium_large":["https:\/\/sonatacustom.com\/wp-content\/uploads\/2025\/03\/nest_kit_18_tom-768x512.jpg",768,512,true],"large":["https:\/\/sonatacustom.com\/wp-content\/uploads\/2025\/03\/nest_kit_18_tom-1024x683.jpg",1024,683,true],"1536x1536":["https:\/\/sonatacustom.com\/wp-content\/uploads\/2025\/03\/nest_kit_18_tom-1536x1024.jpg",1536,1024,true],"2048x2048":["https:\/\/sonatacustom.com\/wp-content\/uploads\/2025\/03\/nest_kit_18_tom-2048x1365.jpg",2048,1365,true],"trp-custom-language-flag":["https:\/\/sonatacustom.com\/wp-content\/uploads\/2025\/03\/nest_kit_18_tom-scaled.jpg",18,12,false],"woocommerce_thumbnail":["https:\/\/sonatacustom.com\/wp-content\/uploads\/2025\/03\/nest_kit_18_tom-scaled-300x200.jpg",300,200,true],"woocommerce_single":["https:\/\/sonatacustom.com\/wp-content\/uploads\/2025\/03\/nest_kit_18_tom-scaled-600x400.jpg",600,400,true],"woocommerce_gallery_thumbnail":["https:\/\/sonatacustom.com\/wp-content\/uploads\/2025\/03\/nest_kit_18_tom-scaled-100x100.jpg",100,100,true]},"uagb_author_info":{"display_name":"Alejandrez","author_link":"https:\/\/sonatacustom.com\/es\/author\/"},"uagb_comment_info":0,"uagb_excerpt":"Cascos de madera de abedul (birch) 100%. Aros triple flange de 2,3 mm. Hardware disponible en cromado, dorado y negro (toms de 15\" y 16\" con 6 puntos de tensi\u00f3n s\u00f3lo disponibles en cromado). Parches SpareDrum incluidos. Otros parches disponibles bajo pedido.","_links":{"self":[{"href":"https:\/\/sonatacustom.com\/es\/wp-json\/wp\/v2\/product\/3419","targetHints":{"allow":["GET"]}}],"collection":[{"href":"https:\/\/sonatacustom.com\/es\/wp-json\/wp\/v2\/product"}],"about":[{"href":"https:\/\/sonatacustom.com\/es\/wp-json\/wp\/v2\/types\/product"}],"replies":[{"embeddable":true,"href":"https:\/\/sonatacustom.com\/es\/wp-json\/wp\/v2\/comments?post=3419"}],"wp:featuredmedia":[{"embeddable":true,"href":"https:\/\/sonatacustom.com\/es\/wp-json\/wp\/v2\/media\/2682"}],"wp:attachment":[{"href":"https:\/\/sonatacustom.com\/es\/wp-json\/wp\/v2\/media?parent=3419"}],"wp:term":[{"taxonomy":"product_brand","embeddable":true,"href":"https:\/\/sonatacustom.com\/es\/wp-json\/wp\/v2\/product_brand?post=3419"},{"taxonomy":"product_cat","embeddable":true,"href":"https:\/\/sonatacustom.com\/es\/wp-json\/wp\/v2\/product_cat?post=3419"},{"taxonomy":"product_tag","embeddable":true,"href":"https:\/\/sonatacustom.com\/es\/wp-json\/wp\/v2\/product_tag?post=3419"}],"curies":[{"name":"wp","href":"https:\/\/api.w.org\/{rel}","templated":true}]}}