{"id":3382,"date":"2026-04-25T12:05:06","date_gmt":"2026-04-25T10:05:06","guid":{"rendered":"https:\/\/sonatacustom.com\/?post_type=product&#038;p=3382"},"modified":"2026-05-08T12:02:10","modified_gmt":"2026-05-08T10:02:10","slug":"custom-flightcase","status":"publish","type":"product","link":"https:\/\/sonatacustom.com\/es\/producto\/custom-flightcase\/","title":{"rendered":"Flightcase a medida"},"content":{"rendered":"<p data-start=\"336\" data-end=\"633\">Tu equipo merece la mejor protecci\u00f3n: la que solo un flightcase hecho a medida puede ofrecer. Los estuches de Sonata Custom est\u00e1n fabricados con materiales de alta calidad y dise\u00f1ados para minimizar el movimiento del equipo durante el transporte gracias a su acolchado interior de espuma de 25 mm.<\/p>\n<p data-start=\"635\" data-end=\"834\">El modelo que aparece en las im\u00e1genes ha sido realizado para una Tascam Model 24 e incorpora cierres de mariposa, bisagras desmontables y un asa ergon\u00f3mica que aporta comodidad y un acabado elegante.<\/p>\n<p data-start=\"836\" data-end=\"1236\">Cada flightcase se fabrica de forma totalmente personalizada, tanto en funcionalidad como en est\u00e9tica. \u00bfNecesitas un compartimento extra para cables o soportes? \u00bfTe gustar\u00eda que el estuche de tu teclado sirviese tambi\u00e9n como banqueta durante la actuaci\u00f3n? \u00bfQuieres un acabado amarillo chill\u00f3n para no perderlo nunca de vista? Todas estas opciones y m\u00e1s est\u00e1n disponibles a trav\u00e9s del <a href=\"https:\/\/sonatacustom.com\/es\/producto-personalizado\/\">formulario de producto personalizado<\/a>.<\/p>\n","protected":false},"excerpt":{"rendered":"<ul>\n<li>Flightcase fabricado a medida para tu equipo.<\/li>\n<li>Interior acolchado con espuma de 25 mm para mayor protecci\u00f3n.<\/li>\n<li>Ajuste preciso para minimizar movimientos durante el transporte.<\/li>\n<li>Materiales resistentes y de alta calidad.<\/li>\n<li>Multitud de opciones de personalizaci\u00f3n: medidas, bisagras desmontables, diferentes cierres&#8230;<\/li>\n<li>Posibilidad de compartimentos extra para cables o accesorios.<\/li>\n<li>Dise\u00f1o totalmente personalizable en medidas, funciones y acabados.<\/li>\n<\/ul>\n","protected":false},"featured_media":3384,"comment_status":"open","ping_status":"closed","template":"","meta":{"_uag_custom_page_level_css":"","site-sidebar-layout":"default","site-content-layout":"","ast-site-content-layout":"default","site-content-style":"default","site-sidebar-style":"default","ast-global-header-display":"","ast-banner-title-visibility":"","ast-main-header-display":"","ast-hfb-above-header-display":"","ast-hfb-below-header-display":"","ast-hfb-mobile-header-display":"","site-post-title":"","ast-breadcrumbs-content":"","ast-featured-img":"","footer-sml-layout":"","ast-disable-related-posts":"","theme-transparent-header-meta":"default","adv-header-id-meta":"","stick-header-meta":"","header-above-stick-meta":"","header-main-stick-meta":"","header-below-stick-meta":"","astra-migrate-meta-layouts":"set","ast-page-background-enabled":"default","ast-page-background-meta":{"desktop":{"background-color":"var(--ast-global-color-4)","background-image":"","background-repeat":"repeat","background-position":"center center","background-size":"auto","background-attachment":"scroll","background-type":"","background-media":"","overlay-type":"","overlay-color":"","overlay-opacity":"","overlay-gradient":""},"tablet":{"background-color":"","background-image":"","background-repeat":"repeat","background-position":"center center","background-size":"auto","background-attachment":"scroll","background-type":"","background-media":"","overlay-type":"","overlay-color":"","overlay-opacity":"","overlay-gradient":""},"mobile":{"background-color":"","background-image":"","background-repeat":"repeat","background-position":"center center","background-size":"auto","background-attachment":"scroll","background-type":"","background-media":"","overlay-type":"","overlay-color":"","overlay-opacity":"","overlay-gradient":""}},"ast-content-background-meta":{"desktop":{"background-color":"var(--ast-global-color-5)","background-image":"","background-repeat":"repeat","background-position":"center center","background-size":"auto","background-attachment":"scroll","background-type":"","background-media":"","overlay-type":"","overlay-color":"","overlay-opacity":"","overlay-gradient":""},"tablet":{"background-color":"var(--ast-global-color-5)","background-image":"","background-repeat":"repeat","background-position":"center center","background-size":"auto","background-attachment":"scroll","background-type":"","background-media":"","overlay-type":"","overlay-color":"","overlay-opacity":"","overlay-gradient":""},"mobile":{"background-color":"var(--ast-global-color-5)","background-image":"","background-repeat":"repeat","background-position":"center center","background-size":"auto","background-attachment":"scroll","background-type":"","background-media":"","overlay-type":"","overlay-color":"","overlay-opacity":"","overlay-gradient":""}}},"product_brand":[],"product_cat":[47],"product_tag":[],"class_list":{"0":"post-3382","1":"product","2":"type-product","3":"status-publish","4":"has-post-thumbnail","6":"product_cat-accesorios","7":"desktop-align-left","8":"tablet-align-left","9":"mobile-align-left","11":"first","12":"instock","13":"taxable","14":"shipping-taxable","15":"purchasable","16":"product-type-simple"},"uagb_featured_image_src":{"full":["https:\/\/sonatacustom.com\/wp-content\/uploads\/2026\/04\/PXL_20260420_153416576-scaled-e1777112470445.jpg",2560,1707,false],"thumbnail":["https:\/\/sonatacustom.com\/wp-content\/uploads\/2026\/04\/PXL_20260420_153416576-scaled-e1777112470445-150x150.jpg",150,150,true],"medium":["https:\/\/sonatacustom.com\/wp-content\/uploads\/2026\/04\/PXL_20260420_153416576-scaled-e1777112470445-300x200.jpg",300,200,true],"medium_large":["https:\/\/sonatacustom.com\/wp-content\/uploads\/2026\/04\/PXL_20260420_153416576-scaled-e1777112470445-768x512.jpg",768,512,true],"large":["https:\/\/sonatacustom.com\/wp-content\/uploads\/2026\/04\/PXL_20260420_153416576-scaled-e1777112470445-1024x683.jpg",1024,683,true],"1536x1536":["https:\/\/sonatacustom.com\/wp-content\/uploads\/2026\/04\/PXL_20260420_153416576-scaled-e1777112470445-1536x1024.jpg",1536,1024,true],"2048x2048":["https:\/\/sonatacustom.com\/wp-content\/uploads\/2026\/04\/PXL_20260420_153416576-scaled-e1777112470445-2048x1366.jpg",2048,1366,true],"trp-custom-language-flag":["https:\/\/sonatacustom.com\/wp-content\/uploads\/2026\/04\/PXL_20260420_153416576-scaled-e1777112470445-18x12.jpg",18,12,true],"woocommerce_thumbnail":["https:\/\/sonatacustom.com\/wp-content\/uploads\/2026\/04\/PXL_20260420_153416576-scaled-e1777112470445-300x200.jpg",300,200,true],"woocommerce_single":["https:\/\/sonatacustom.com\/wp-content\/uploads\/2026\/04\/PXL_20260420_153416576-scaled-e1777112470445-600x400.jpg",600,400,true],"woocommerce_gallery_thumbnail":["https:\/\/sonatacustom.com\/wp-content\/uploads\/2026\/04\/PXL_20260420_153416576-scaled-e1777112470445-100x100.jpg",100,100,true]},"uagb_author_info":{"display_name":"Alejandrez","author_link":"https:\/\/sonatacustom.com\/es\/author\/"},"uagb_comment_info":0,"uagb_excerpt":"Flightcase fabricado a medida para tu equipo. Interior acolchado con espuma de 25 mm para mayor protecci\u00f3n. Ajuste preciso para minimizar movimientos durante el transporte. Materiales resistentes y de alta calidad. Multitud de opciones de personalizaci\u00f3n: medidas, bisagras desmontables, diferentes cierres... Posibilidad de compartimentos extra para cables o accesorios. Dise\u00f1o totalmente personalizable en medidas, funciones&hellip;","_links":{"self":[{"href":"https:\/\/sonatacustom.com\/es\/wp-json\/wp\/v2\/product\/3382","targetHints":{"allow":["GET"]}}],"collection":[{"href":"https:\/\/sonatacustom.com\/es\/wp-json\/wp\/v2\/product"}],"about":[{"href":"https:\/\/sonatacustom.com\/es\/wp-json\/wp\/v2\/types\/product"}],"replies":[{"embeddable":true,"href":"https:\/\/sonatacustom.com\/es\/wp-json\/wp\/v2\/comments?post=3382"}],"wp:featuredmedia":[{"embeddable":true,"href":"https:\/\/sonatacustom.com\/es\/wp-json\/wp\/v2\/media\/3384"}],"wp:attachment":[{"href":"https:\/\/sonatacustom.com\/es\/wp-json\/wp\/v2\/media?parent=3382"}],"wp:term":[{"taxonomy":"product_brand","embeddable":true,"href":"https:\/\/sonatacustom.com\/es\/wp-json\/wp\/v2\/product_brand?post=3382"},{"taxonomy":"product_cat","embeddable":true,"href":"https:\/\/sonatacustom.com\/es\/wp-json\/wp\/v2\/product_cat?post=3382"},{"taxonomy":"product_tag","embeddable":true,"href":"https:\/\/sonatacustom.com\/es\/wp-json\/wp\/v2\/product_tag?post=3382"}],"curies":[{"name":"wp","href":"https:\/\/api.w.org\/{rel}","templated":true}]}}