{"id":3332,"date":"2026-04-04T10:57:49","date_gmt":"2026-04-04T08:57:49","guid":{"rendered":"https:\/\/sonatacustom.com\/?post_type=product&#038;p=3332"},"modified":"2026-05-08T12:01:48","modified_gmt":"2026-05-08T10:01:48","slug":"nesting-kit-20-5","status":"publish","type":"product","link":"https:\/\/sonatacustom.com\/es\/producto\/nesting-kit-20-5\/","title":{"rendered":"Nesting Kit 20 (5 piezas)"},"content":{"rendered":"<p>\u00a1Descubre la revoluci\u00f3n en el mundo de la percusi\u00f3n con nuestra bater\u00eda port\u00e1til! Dise\u00f1ada para m\u00fasicos en movimiento, esta bater\u00eda combina portabilidad con un sonido excepcional. Los cascos de este kit se pueden guardar f\u00e1cilmente dentro del s\u00ed mismos, haciendo que el transporte sea m\u00e1s sencillo que nunca. Gracias a su dise\u00f1o compacto, el kit cabe c\u00f3modamente en el maletero de cualquier coche, permiti\u00e9ndote llevar tu m\u00fasica a todas partes, desde jam sessions en bares hasta fiestas en casa de amigos y conciertos en vivo. El montaje y desmontaje de la bater\u00eda port\u00e1til es r\u00e1pido y f\u00e1cil, lo que te ahorra tiempo y esfuerzo. A pesar de su dise\u00f1o compacto, no se ha comprometido la calidad del sonido. Cada golpe resuena con la misma profundidad y riqueza que esperar\u00edas de una bater\u00eda est\u00e1ndar. \u00a1Experimenta la libertad de tocar en cualquier lugar sin sacrificar tu calidad de sonido!<\/p>\n<ul>\n<li>Cascos de madera de abedul (birch) 100%.<\/li>\n<li>Toms a\u00e9reos de 10\u00d78\u2033 y 13\u00d79\u2033 con roseta atornillada.<\/li>\n<li>Tom base de 16\u00d716\u2033 con patas.<\/li>\n<li>Bombo de 20\u00d717\u2033 con aros de arce (22\u00d717\u2033 opcional).<\/li>\n<li>Caja de 13&#215;5&#8243;con bordonero deluxe.<\/li>\n<li>Soportes no incluidos.<\/li>\n<li>Hardware disponible en cromado, dorado y negro.<\/li>\n<li>Parches Encore incluidos. Otros parches disponibles bajo pedido.<\/li>\n<li>Funda de bombo Ortol\u00e1 33 mm inclu\u00edda.<\/li>\n<\/ul>\n<p>Si quieres saber m\u00e1s sobre el producto puedes consultar la <a href=\"https:\/\/sonatacustom.com\/guias-de-compra\/guia-kits-de-bateria\/\">gu\u00eda de compra<\/a>.<\/p>\n<p>Si quieres otras medidas o caracter\u00edsticas, puedes utilizar el <a href=\"https:\/\/sonatacustom.com\/producto-personalizado\/\">formulario de producto personalizado<\/a>.<\/p>\n<div class=\"ast-oembed-container \" style=\"height: 100%;\"><iframe loading=\"lazy\" title=\"How to nest the Sonata Custom 5-piece Nesting Kit 20\" width=\"500\" height=\"281\" src=\"https:\/\/www.youtube.com\/embed\/X8uQg_Q4Iy8?feature=oembed\" frameborder=\"0\" allow=\"accelerometer; autoplay; clipboard-write; encrypted-media; gyroscope; picture-in-picture; web-share\" referrerpolicy=\"strict-origin-when-cross-origin\" allowfullscreen><\/iframe><\/div>\n","protected":false},"excerpt":{"rendered":"<ul>\n<li>Nesting kit de 5 piezas.<\/li>\n<li>Cascos de madera de abedul (birch) 100%.<\/li>\n<li>Todos los cascos se almacenan dentro del bombo.<\/li>\n<li>Toms a\u00e9reos de 10\u00d78\u2033 y 13\u00d79\u2033 con roseta atornillada.<\/li>\n<li>Tom base de 16\u00d716\u2033 con patas.<\/li>\n<li>Bombo de 20\u00d717\u2033 con aros de arce (22\u00d717\u2033 opcional).<\/li>\n<li>Caja de 13&#215;5&#8243;con bordonero deluxe.<\/li>\n<li>Soportes no incluidos.<\/li>\n<li>Hardware disponible en cromado, dorado y negro.<\/li>\n<li>Parches SpareDrum incluidos. Otros parches disponibles bajo pedido.<\/li>\n<li>Funda de bombo Ortol\u00e1 33 mm inclu\u00edda.<\/li>\n<\/ul>\n","protected":false},"featured_media":3334,"comment_status":"open","ping_status":"closed","template":"","meta":{"_uag_custom_page_level_css":"","site-sidebar-layout":"default","site-content-layout":"","ast-site-content-layout":"default","site-content-style":"default","site-sidebar-style":"default","ast-global-header-display":"","ast-banner-title-visibility":"","ast-main-header-display":"","ast-hfb-above-header-display":"","ast-hfb-below-header-display":"","ast-hfb-mobile-header-display":"","site-post-title":"","ast-breadcrumbs-content":"","ast-featured-img":"","footer-sml-layout":"","ast-disable-related-posts":"","theme-transparent-header-meta":"default","adv-header-id-meta":"","stick-header-meta":"","header-above-stick-meta":"","header-main-stick-meta":"","header-below-stick-meta":"","astra-migrate-meta-layouts":"set","ast-page-background-enabled":"default","ast-page-background-meta":{"desktop":{"background-color":"var(--ast-global-color-4)","background-image":"","background-repeat":"repeat","background-position":"center center","background-size":"auto","background-attachment":"scroll","background-type":"","background-media":"","overlay-type":"","overlay-color":"","overlay-opacity":"","overlay-gradient":""},"tablet":{"background-color":"","background-image":"","background-repeat":"repeat","background-position":"center center","background-size":"auto","background-attachment":"scroll","background-type":"","background-media":"","overlay-type":"","overlay-color":"","overlay-opacity":"","overlay-gradient":""},"mobile":{"background-color":"","background-image":"","background-repeat":"repeat","background-position":"center center","background-size":"auto","background-attachment":"scroll","background-type":"","background-media":"","overlay-type":"","overlay-color":"","overlay-opacity":"","overlay-gradient":""}},"ast-content-background-meta":{"desktop":{"background-color":"var(--ast-global-color-5)","background-image":"","background-repeat":"repeat","background-position":"center center","background-size":"auto","background-attachment":"scroll","background-type":"","background-media":"","overlay-type":"","overlay-color":"","overlay-opacity":"","overlay-gradient":""},"tablet":{"background-color":"var(--ast-global-color-5)","background-image":"","background-repeat":"repeat","background-position":"center center","background-size":"auto","background-attachment":"scroll","background-type":"","background-media":"","overlay-type":"","overlay-color":"","overlay-opacity":"","overlay-gradient":""},"mobile":{"background-color":"var(--ast-global-color-5)","background-image":"","background-repeat":"repeat","background-position":"center center","background-size":"auto","background-attachment":"scroll","background-type":"","background-media":"","overlay-type":"","overlay-color":"","overlay-opacity":"","overlay-gradient":""}}},"product_brand":[],"product_cat":[27],"product_tag":[],"class_list":{"0":"post-3332","1":"product","2":"type-product","3":"status-publish","4":"has-post-thumbnail","6":"product_cat-baterias","7":"desktop-align-left","8":"tablet-align-left","9":"mobile-align-left","11":"first","12":"instock","13":"taxable","14":"shipping-taxable","15":"purchasable","16":"product-type-simple"},"uagb_featured_image_src":{"full":["https:\/\/sonatacustom.com\/wp-content\/uploads\/2026\/04\/DSC01246-scaled.jpg",2560,1707,false],"thumbnail":["https:\/\/sonatacustom.com\/wp-content\/uploads\/2026\/04\/DSC01246-150x150.jpg",150,150,true],"medium":["https:\/\/sonatacustom.com\/wp-content\/uploads\/2026\/04\/DSC01246-300x200.jpg",300,200,true],"medium_large":["https:\/\/sonatacustom.com\/wp-content\/uploads\/2026\/04\/DSC01246-768x512.jpg",768,512,true],"large":["https:\/\/sonatacustom.com\/wp-content\/uploads\/2026\/04\/DSC01246-1024x683.jpg",1024,683,true],"1536x1536":["https:\/\/sonatacustom.com\/wp-content\/uploads\/2026\/04\/DSC01246-1536x1024.jpg",1536,1024,true],"2048x2048":["https:\/\/sonatacustom.com\/wp-content\/uploads\/2026\/04\/DSC01246-2048x1365.jpg",2048,1365,true],"trp-custom-language-flag":["https:\/\/sonatacustom.com\/wp-content\/uploads\/2026\/04\/DSC01246-18x12.jpg",18,12,true],"woocommerce_thumbnail":["https:\/\/sonatacustom.com\/wp-content\/uploads\/2026\/04\/DSC01246-300x200.jpg",300,200,true],"woocommerce_single":["https:\/\/sonatacustom.com\/wp-content\/uploads\/2026\/04\/DSC01246-600x400.jpg",600,400,true],"woocommerce_gallery_thumbnail":["https:\/\/sonatacustom.com\/wp-content\/uploads\/2026\/04\/DSC01246-100x100.jpg",100,100,true]},"uagb_author_info":{"display_name":"Alejandrez","author_link":"https:\/\/sonatacustom.com\/es\/author\/"},"uagb_comment_info":0,"uagb_excerpt":"Nesting kit de 5 piezas. Cascos de madera de abedul (birch) 100%. Todos los cascos se almacenan dentro del bombo. Toms a\u00e9reos de 10\u00d78\u2033 y 13\u00d79\u2033 con roseta atornillada. Tom base de 16\u00d716\u2033 con patas. Bombo de 20\u00d717\u2033 con aros de arce (22\u00d717\u2033 opcional). Caja de 13x5\"con bordonero deluxe. Soportes no incluidos. Hardware disponible en&hellip;","_links":{"self":[{"href":"https:\/\/sonatacustom.com\/es\/wp-json\/wp\/v2\/product\/3332","targetHints":{"allow":["GET"]}}],"collection":[{"href":"https:\/\/sonatacustom.com\/es\/wp-json\/wp\/v2\/product"}],"about":[{"href":"https:\/\/sonatacustom.com\/es\/wp-json\/wp\/v2\/types\/product"}],"replies":[{"embeddable":true,"href":"https:\/\/sonatacustom.com\/es\/wp-json\/wp\/v2\/comments?post=3332"}],"wp:featuredmedia":[{"embeddable":true,"href":"https:\/\/sonatacustom.com\/es\/wp-json\/wp\/v2\/media\/3334"}],"wp:attachment":[{"href":"https:\/\/sonatacustom.com\/es\/wp-json\/wp\/v2\/media?parent=3332"}],"wp:term":[{"taxonomy":"product_brand","embeddable":true,"href":"https:\/\/sonatacustom.com\/es\/wp-json\/wp\/v2\/product_brand?post=3332"},{"taxonomy":"product_cat","embeddable":true,"href":"https:\/\/sonatacustom.com\/es\/wp-json\/wp\/v2\/product_cat?post=3332"},{"taxonomy":"product_tag","embeddable":true,"href":"https:\/\/sonatacustom.com\/es\/wp-json\/wp\/v2\/product_tag?post=3332"}],"curies":[{"name":"wp","href":"https:\/\/api.w.org\/{rel}","templated":true}]}}