{"id":3198,"date":"2026-01-15T13:00:43","date_gmt":"2026-01-15T11:00:43","guid":{"rendered":"https:\/\/sonatacustom.com\/?post_type=product&#038;p=3198"},"modified":"2026-04-07T11:04:08","modified_gmt":"2026-04-07T09:04:08","slug":"stein-drums-isidrummer-signature","status":"publish","type":"product","link":"https:\/\/sonatacustom.com\/es\/producto\/stein-drums-isidrummer-signature\/","title":{"rendered":"Caja Stein Drums 14&#215;6,5\u201d Signature Isidrummer Lat\u00f3n (bajo pedido)"},"content":{"rendered":"<p>Esta caja ha sido desarrollada mano a mano con nuestro primer endorser, Isidrummer. El objetivo era claro: conseguir mucha proyecci\u00f3n y profundidad manteniendo los arm\u00f3nicos bajo control.<\/p>\n<p>Es un instrumento robusto y profesional que soporta perfectamente las tensiones altas caracter\u00edsticas de Isi; por ello, hemos montado bellotas individuales y aros Die Cast para asegurar una afinaci\u00f3n precisa y estable en cualquier situaci\u00f3n.<\/p>\n<p>Como dice el propio Isi tras probarla en los escenarios: \u00abEn directo suena incre\u00edblemente bien. Tiene un punch y una versatilidad brutal\u00bb. Los buenos comentarios recibidos en sus conciertos avalan el resultado.<\/p>\n","protected":false},"excerpt":{"rendered":"<ul>\n<li style=\"list-style-type: none;\">\n<ul>\n<li aria-level=\"1\">Casco de lat\u00f3n 14&#215;6,5\u201d de 1,3 mm de grosor.<\/li>\n<li aria-level=\"1\">Acabado Black Nickel.<\/li>\n<li aria-level=\"1\">10 puntos de afinaci\u00f3n.<\/li>\n<li aria-level=\"1\">Aros die-cast cromados.<\/li>\n<li aria-level=\"1\">Bellotas individuales L17 cromadas.<\/li>\n<li aria-level=\"1\">Bearing edges a 45\u00ba.<\/li>\n<li aria-level=\"1\">Sistema bordonero Tama MLS50.<\/li>\n<li aria-level=\"1\">Bord\u00f3n de cobre de 24 hilos Pure Sound.<\/li>\n<li aria-level=\"1\">Parches Remo (diferentes de la foto).<\/li>\n<li aria-level=\"1\">Fabricada artesanalmente en Galicia por Sonata Custom.<\/li>\n<\/ul>\n<\/li>\n<\/ul>\n","protected":false},"featured_media":3207,"comment_status":"open","ping_status":"closed","template":"","meta":{"_uag_custom_page_level_css":"","site-sidebar-layout":"default","site-content-layout":"","ast-site-content-layout":"default","site-content-style":"default","site-sidebar-style":"default","ast-global-header-display":"","ast-banner-title-visibility":"","ast-main-header-display":"","ast-hfb-above-header-display":"","ast-hfb-below-header-display":"","ast-hfb-mobile-header-display":"","site-post-title":"","ast-breadcrumbs-content":"","ast-featured-img":"","footer-sml-layout":"","ast-disable-related-posts":"","theme-transparent-header-meta":"default","adv-header-id-meta":"","stick-header-meta":"","header-above-stick-meta":"","header-main-stick-meta":"","header-below-stick-meta":"","astra-migrate-meta-layouts":"set","ast-page-background-enabled":"default","ast-page-background-meta":{"desktop":{"background-color":"var(--ast-global-color-4)","background-image":"","background-repeat":"repeat","background-position":"center center","background-size":"auto","background-attachment":"scroll","background-type":"","background-media":"","overlay-type":"","overlay-color":"","overlay-opacity":"","overlay-gradient":""},"tablet":{"background-color":"","background-image":"","background-repeat":"repeat","background-position":"center center","background-size":"auto","background-attachment":"scroll","background-type":"","background-media":"","overlay-type":"","overlay-color":"","overlay-opacity":"","overlay-gradient":""},"mobile":{"background-color":"","background-image":"","background-repeat":"repeat","background-position":"center center","background-size":"auto","background-attachment":"scroll","background-type":"","background-media":"","overlay-type":"","overlay-color":"","overlay-opacity":"","overlay-gradient":""}},"ast-content-background-meta":{"desktop":{"background-color":"var(--ast-global-color-5)","background-image":"","background-repeat":"repeat","background-position":"center center","background-size":"auto","background-attachment":"scroll","background-type":"","background-media":"","overlay-type":"","overlay-color":"","overlay-opacity":"","overlay-gradient":""},"tablet":{"background-color":"var(--ast-global-color-5)","background-image":"","background-repeat":"repeat","background-position":"center center","background-size":"auto","background-attachment":"scroll","background-type":"","background-media":"","overlay-type":"","overlay-color":"","overlay-opacity":"","overlay-gradient":""},"mobile":{"background-color":"var(--ast-global-color-5)","background-image":"","background-repeat":"repeat","background-position":"center center","background-size":"auto","background-attachment":"scroll","background-type":"","background-media":"","overlay-type":"","overlay-color":"","overlay-opacity":"","overlay-gradient":""}}},"product_brand":[],"product_cat":[48],"product_tag":[],"class_list":{"0":"post-3198","1":"product","2":"type-product","3":"status-publish","4":"has-post-thumbnail","6":"product_cat-cajas-stein-drums","7":"desktop-align-left","8":"tablet-align-left","9":"mobile-align-left","11":"first","12":"instock","13":"taxable","14":"shipping-taxable","15":"purchasable","16":"product-type-simple"},"uagb_featured_image_src":{"full":["https:\/\/sonatacustom.com\/wp-content\/uploads\/2026\/01\/caja_isi_general-scaled.jpg",2560,1707,false],"thumbnail":["https:\/\/sonatacustom.com\/wp-content\/uploads\/2026\/01\/caja_isi_general-150x150.jpg",150,150,true],"medium":["https:\/\/sonatacustom.com\/wp-content\/uploads\/2026\/01\/caja_isi_general-300x200.jpg",300,200,true],"medium_large":["https:\/\/sonatacustom.com\/wp-content\/uploads\/2026\/01\/caja_isi_general-768x512.jpg",768,512,true],"large":["https:\/\/sonatacustom.com\/wp-content\/uploads\/2026\/01\/caja_isi_general-1024x683.jpg",1024,683,true],"1536x1536":["https:\/\/sonatacustom.com\/wp-content\/uploads\/2026\/01\/caja_isi_general-1536x1024.jpg",1536,1024,true],"2048x2048":["https:\/\/sonatacustom.com\/wp-content\/uploads\/2026\/01\/caja_isi_general-2048x1365.jpg",2048,1365,true],"trp-custom-language-flag":["https:\/\/sonatacustom.com\/wp-content\/uploads\/2026\/01\/caja_isi_general-18x12.jpg",18,12,true],"woocommerce_thumbnail":["https:\/\/sonatacustom.com\/wp-content\/uploads\/2026\/01\/caja_isi_general-300x200.jpg",300,200,true],"woocommerce_single":["https:\/\/sonatacustom.com\/wp-content\/uploads\/2026\/01\/caja_isi_general-600x400.jpg",600,400,true],"woocommerce_gallery_thumbnail":["https:\/\/sonatacustom.com\/wp-content\/uploads\/2026\/01\/caja_isi_general-100x100.jpg",100,100,true]},"uagb_author_info":{"display_name":"Alejandrez","author_link":"https:\/\/sonatacustom.com\/es\/author\/"},"uagb_comment_info":0,"uagb_excerpt":"Casco de lat\u00f3n 14x6,5\u201d de 1,3 mm de grosor. Acabado Black Nickel. 10 puntos de afinaci\u00f3n. Aros die-cast cromados. Bellotas individuales L17 cromadas. Bearing edges a 45\u00ba. Sistema bordonero Tama MLS50. Bord\u00f3n de cobre de 24 hilos Pure Sound. Parches Remo (diferentes de la foto). Fabricada artesanalmente en Galicia por Sonata Custom.","_links":{"self":[{"href":"https:\/\/sonatacustom.com\/es\/wp-json\/wp\/v2\/product\/3198","targetHints":{"allow":["GET"]}}],"collection":[{"href":"https:\/\/sonatacustom.com\/es\/wp-json\/wp\/v2\/product"}],"about":[{"href":"https:\/\/sonatacustom.com\/es\/wp-json\/wp\/v2\/types\/product"}],"replies":[{"embeddable":true,"href":"https:\/\/sonatacustom.com\/es\/wp-json\/wp\/v2\/comments?post=3198"}],"wp:featuredmedia":[{"embeddable":true,"href":"https:\/\/sonatacustom.com\/es\/wp-json\/wp\/v2\/media\/3207"}],"wp:attachment":[{"href":"https:\/\/sonatacustom.com\/es\/wp-json\/wp\/v2\/media?parent=3198"}],"wp:term":[{"taxonomy":"product_brand","embeddable":true,"href":"https:\/\/sonatacustom.com\/es\/wp-json\/wp\/v2\/product_brand?post=3198"},{"taxonomy":"product_cat","embeddable":true,"href":"https:\/\/sonatacustom.com\/es\/wp-json\/wp\/v2\/product_cat?post=3198"},{"taxonomy":"product_tag","embeddable":true,"href":"https:\/\/sonatacustom.com\/es\/wp-json\/wp\/v2\/product_tag?post=3198"}],"curies":[{"name":"wp","href":"https:\/\/api.w.org\/{rel}","templated":true}]}}