{"id":3197,"date":"2026-01-15T12:55:48","date_gmt":"2026-01-15T10:55:48","guid":{"rendered":"https:\/\/sonatacustom.com\/?post_type=product&#038;p=3197"},"modified":"2026-01-23T14:03:49","modified_gmt":"2026-01-23T12:03:49","slug":"stein-drums-core-3","status":"publish","type":"product","link":"https:\/\/sonatacustom.com\/es\/producto\/stein-drums-core-3\/","title":{"rendered":"Caja Stein Drums 14&#215;3,5\u201d CORE Piccolo Arce (en stock)"},"content":{"rendered":"<p>La serie Core es la esencia de Stein Drums. Dise\u00f1ada como el n\u00facleo de nuestra propuesta, esta l\u00ednea busca ofrecer una caja de gama media con componentes y acabados de mayor nivel, pensada para quienes buscan dar un paso m\u00e1s all\u00e1 sin renunciar a la artesan\u00eda ni al car\u00e1cter propio.<\/p>\n<p>Fabricadas cuidadosamente en Galicia por Sonata Custom, las Core utilizan cascos de arce por sus propiedades ac\u00fasticas. Con herrajes de calidad, 10 puntos de afinaci\u00f3n y acabados m\u00e1s elaborados, esta serie combina dise\u00f1o, fiabilidad y expresi\u00f3n sonora para responder en estudio, directo o cualquier entorno exigente.<\/p>\n<p>Si quieres personalizar tu caja, bajo pedido hay disponible m\u00e1s variedad de hardware, materiales, medidas y acabados. Consulta la <a href=\"https:\/\/sonatacustom.com\/es\/guias-de-compra\/guia-caja-de-bateria-stein-drums\/\">gu\u00eda de compra<\/a> para m\u00e1s informaci\u00f3n.<\/p>\n","protected":false},"excerpt":{"rendered":"<ul>\n<li style=\"list-style-type: none;\">\n<ul>\n<li style=\"list-style-type: none;\">\n<ul>\n<li aria-level=\"1\">Casco de madera 14&#215;3,5\u201d de arce 7 mm y 5 capas.<\/li>\n<li aria-level=\"1\">Acabado flameado.<\/li>\n<li aria-level=\"1\">10 puntos de afinaci\u00f3n.<\/li>\n<li aria-level=\"1\">Aros triple-flanged de 2,3 mm dorados.<\/li>\n<li aria-level=\"1\">Bellotas L17 doradas.<\/li>\n<li aria-level=\"1\">Bearing edges a 45\u00ba.<\/li>\n<li aria-level=\"1\">Sistema bordonero tipo piccolo.<\/li>\n<li aria-level=\"1\">Bord\u00f3n de 20 hilos bronce fosforado.<\/li>\n<li aria-level=\"1\">Parches Remo.<\/li>\n<li aria-level=\"1\">Fabricada artesanalmente en Galicia por Sonata Custom.<\/li>\n<li aria-level=\"1\">M\u00e1s opciones disponibles a trav\u00e9s del <a href=\"https:\/\/forms.gle\/989m7yHBBCtaYfUA9\">formulario de personalizaci\u00f3n<\/a>.<\/li>\n<\/ul>\n<\/li>\n<\/ul>\n<\/li>\n<\/ul>\n","protected":false},"featured_media":3148,"comment_status":"open","ping_status":"closed","template":"","meta":{"_uag_custom_page_level_css":"","site-sidebar-layout":"default","site-content-layout":"","ast-site-content-layout":"default","site-content-style":"default","site-sidebar-style":"default","ast-global-header-display":"","ast-banner-title-visibility":"","ast-main-header-display":"","ast-hfb-above-header-display":"","ast-hfb-below-header-display":"","ast-hfb-mobile-header-display":"","site-post-title":"","ast-breadcrumbs-content":"","ast-featured-img":"","footer-sml-layout":"","ast-disable-related-posts":"","theme-transparent-header-meta":"default","adv-header-id-meta":"","stick-header-meta":"","header-above-stick-meta":"","header-main-stick-meta":"","header-below-stick-meta":"","astra-migrate-meta-layouts":"set","ast-page-background-enabled":"default","ast-page-background-meta":{"desktop":{"background-color":"var(--ast-global-color-4)","background-image":"","background-repeat":"repeat","background-position":"center center","background-size":"auto","background-attachment":"scroll","background-type":"","background-media":"","overlay-type":"","overlay-color":"","overlay-opacity":"","overlay-gradient":""},"tablet":{"background-color":"","background-image":"","background-repeat":"repeat","background-position":"center center","background-size":"auto","background-attachment":"scroll","background-type":"","background-media":"","overlay-type":"","overlay-color":"","overlay-opacity":"","overlay-gradient":""},"mobile":{"background-color":"","background-image":"","background-repeat":"repeat","background-position":"center center","background-size":"auto","background-attachment":"scroll","background-type":"","background-media":"","overlay-type":"","overlay-color":"","overlay-opacity":"","overlay-gradient":""}},"ast-content-background-meta":{"desktop":{"background-color":"var(--ast-global-color-5)","background-image":"","background-repeat":"repeat","background-position":"center center","background-size":"auto","background-attachment":"scroll","background-type":"","background-media":"","overlay-type":"","overlay-color":"","overlay-opacity":"","overlay-gradient":""},"tablet":{"background-color":"var(--ast-global-color-5)","background-image":"","background-repeat":"repeat","background-position":"center center","background-size":"auto","background-attachment":"scroll","background-type":"","background-media":"","overlay-type":"","overlay-color":"","overlay-opacity":"","overlay-gradient":""},"mobile":{"background-color":"var(--ast-global-color-5)","background-image":"","background-repeat":"repeat","background-position":"center center","background-size":"auto","background-attachment":"scroll","background-type":"","background-media":"","overlay-type":"","overlay-color":"","overlay-opacity":"","overlay-gradient":""}}},"product_brand":[],"product_cat":[48],"product_tag":[],"class_list":{"0":"post-3197","1":"product","2":"type-product","3":"status-publish","4":"has-post-thumbnail","6":"product_cat-cajas-stein-drums","7":"desktop-align-left","8":"tablet-align-left","9":"mobile-align-left","11":"first","12":"instock","13":"taxable","14":"shipping-taxable","15":"purchasable","16":"product-type-simple"},"uagb_featured_image_src":{"full":["https:\/\/sonatacustom.com\/wp-content\/uploads\/2025\/12\/core007-general-scaled.jpg",2560,1707,false],"thumbnail":["https:\/\/sonatacustom.com\/wp-content\/uploads\/2025\/12\/core007-general-150x150.jpg",150,150,true],"medium":["https:\/\/sonatacustom.com\/wp-content\/uploads\/2025\/12\/core007-general-300x200.jpg",300,200,true],"medium_large":["https:\/\/sonatacustom.com\/wp-content\/uploads\/2025\/12\/core007-general-768x512.jpg",768,512,true],"large":["https:\/\/sonatacustom.com\/wp-content\/uploads\/2025\/12\/core007-general-1024x683.jpg",1024,683,true],"1536x1536":["https:\/\/sonatacustom.com\/wp-content\/uploads\/2025\/12\/core007-general-1536x1024.jpg",1536,1024,true],"2048x2048":["https:\/\/sonatacustom.com\/wp-content\/uploads\/2025\/12\/core007-general-2048x1365.jpg",2048,1365,true],"trp-custom-language-flag":["https:\/\/sonatacustom.com\/wp-content\/uploads\/2025\/12\/core007-general-18x12.jpg",18,12,true],"woocommerce_thumbnail":["https:\/\/sonatacustom.com\/wp-content\/uploads\/2025\/12\/core007-general-300x200.jpg",300,200,true],"woocommerce_single":["https:\/\/sonatacustom.com\/wp-content\/uploads\/2025\/12\/core007-general-600x400.jpg",600,400,true],"woocommerce_gallery_thumbnail":["https:\/\/sonatacustom.com\/wp-content\/uploads\/2025\/12\/core007-general-100x100.jpg",100,100,true]},"uagb_author_info":{"display_name":"Alejandrez","author_link":"https:\/\/sonatacustom.com\/es\/author\/"},"uagb_comment_info":0,"uagb_excerpt":"Casco de madera 14x3,5\u201d de arce 7 mm y 5 capas. Acabado flameado. 10 puntos de afinaci\u00f3n. Aros triple-flanged de 2,3 mm dorados. Bellotas L17 doradas. Bearing edges a 45\u00ba. Sistema bordonero tipo piccolo. Bord\u00f3n de 20 hilos bronce fosforado. Parches Remo. Fabricada artesanalmente en Galicia por Sonata Custom. M\u00e1s opciones disponibles a trav\u00e9s del&hellip;","_links":{"self":[{"href":"https:\/\/sonatacustom.com\/es\/wp-json\/wp\/v2\/product\/3197","targetHints":{"allow":["GET"]}}],"collection":[{"href":"https:\/\/sonatacustom.com\/es\/wp-json\/wp\/v2\/product"}],"about":[{"href":"https:\/\/sonatacustom.com\/es\/wp-json\/wp\/v2\/types\/product"}],"replies":[{"embeddable":true,"href":"https:\/\/sonatacustom.com\/es\/wp-json\/wp\/v2\/comments?post=3197"}],"wp:featuredmedia":[{"embeddable":true,"href":"https:\/\/sonatacustom.com\/es\/wp-json\/wp\/v2\/media\/3148"}],"wp:attachment":[{"href":"https:\/\/sonatacustom.com\/es\/wp-json\/wp\/v2\/media?parent=3197"}],"wp:term":[{"taxonomy":"product_brand","embeddable":true,"href":"https:\/\/sonatacustom.com\/es\/wp-json\/wp\/v2\/product_brand?post=3197"},{"taxonomy":"product_cat","embeddable":true,"href":"https:\/\/sonatacustom.com\/es\/wp-json\/wp\/v2\/product_cat?post=3197"},{"taxonomy":"product_tag","embeddable":true,"href":"https:\/\/sonatacustom.com\/es\/wp-json\/wp\/v2\/product_tag?post=3197"}],"curies":[{"name":"wp","href":"https:\/\/api.w.org\/{rel}","templated":true}]}}