{"id":3194,"date":"2026-01-15T12:44:55","date_gmt":"2026-01-15T10:44:55","guid":{"rendered":"https:\/\/sonatacustom.com\/?post_type=product&#038;p=3194"},"modified":"2026-01-23T13:59:06","modified_gmt":"2026-01-23T11:59:06","slug":"stein-drums-element-1","status":"publish","type":"product","link":"https:\/\/sonatacustom.com\/es\/producto\/stein-drums-element-1\/","title":{"rendered":"Caja Stein Drums 14&#215;5,5\u201d ELEMENT Negro (en stock)"},"content":{"rendered":"<p>La serie Element representa la gama de entrada de la marca Stein Drums. Un modelo dise\u00f1ado para ofrecer una experiencia artesanal a quienes buscan su primera caja con car\u00e1cter propio.<br \/>\nCada unidad es cuidadosamente construida en Galicia por Sonata Custom, utilizando madera de abedul por su equilibrio entre ataque y calidez. Dise\u00f1ada para ser fiable, vers\u00e1til y accesible. La Element combina un dise\u00f1o funcional con los est\u00e1ndares de calidad que definen nuestra marca.<\/p>\n<p>Si quieres personalizar tu caja, bajo pedido hay disponible m\u00e1s variedad de hardware, materiales, medidas y acabados. Consulta la <a href=\"https:\/\/sonatacustom.com\/es\/guias-de-compra\/guia-caja-de-bateria-stein-drums\/\">gu\u00eda de compra<\/a> para m\u00e1s informaci\u00f3n.<\/p>\n","protected":false},"excerpt":{"rendered":"<ul>\n<li aria-level=\"1\">Casco de abedul de 8 mm y 5 capas.<\/li>\n<li aria-level=\"1\">Bearing edges a 45\u00ba.<\/li>\n<li aria-level=\"1\">Aros triple-flanged cromados de 1,6 mm.<\/li>\n<li aria-level=\"1\">8 puntos de afinaci\u00f3n.<\/li>\n<li aria-level=\"1\">Sistema bordonero LM sencillo.<\/li>\n<li aria-level=\"1\">Bord\u00f3n de 20 hilos.<\/li>\n<li aria-level=\"1\">Parches Remo.<\/li>\n<li aria-level=\"1\">Fabricada artesanalmente en Galicia por Sonata Custom.<\/li>\n<li aria-level=\"1\">M\u00e1s opciones disponibles a trav\u00e9s del <a href=\"https:\/\/forms.gle\/989m7yHBBCtaYfUA9\">formulario de personalizaci\u00f3n<\/a>.<\/li>\n<\/ul>\n","protected":false},"featured_media":2988,"comment_status":"open","ping_status":"closed","template":"","meta":{"_uag_custom_page_level_css":"","site-sidebar-layout":"default","site-content-layout":"","ast-site-content-layout":"default","site-content-style":"default","site-sidebar-style":"default","ast-global-header-display":"","ast-banner-title-visibility":"","ast-main-header-display":"","ast-hfb-above-header-display":"","ast-hfb-below-header-display":"","ast-hfb-mobile-header-display":"","site-post-title":"","ast-breadcrumbs-content":"","ast-featured-img":"","footer-sml-layout":"","ast-disable-related-posts":"","theme-transparent-header-meta":"default","adv-header-id-meta":"","stick-header-meta":"","header-above-stick-meta":"","header-main-stick-meta":"","header-below-stick-meta":"","astra-migrate-meta-layouts":"set","ast-page-background-enabled":"default","ast-page-background-meta":{"desktop":{"background-color":"var(--ast-global-color-4)","background-image":"","background-repeat":"repeat","background-position":"center center","background-size":"auto","background-attachment":"scroll","background-type":"","background-media":"","overlay-type":"","overlay-color":"","overlay-opacity":"","overlay-gradient":""},"tablet":{"background-color":"","background-image":"","background-repeat":"repeat","background-position":"center center","background-size":"auto","background-attachment":"scroll","background-type":"","background-media":"","overlay-type":"","overlay-color":"","overlay-opacity":"","overlay-gradient":""},"mobile":{"background-color":"","background-image":"","background-repeat":"repeat","background-position":"center center","background-size":"auto","background-attachment":"scroll","background-type":"","background-media":"","overlay-type":"","overlay-color":"","overlay-opacity":"","overlay-gradient":""}},"ast-content-background-meta":{"desktop":{"background-color":"var(--ast-global-color-5)","background-image":"","background-repeat":"repeat","background-position":"center center","background-size":"auto","background-attachment":"scroll","background-type":"","background-media":"","overlay-type":"","overlay-color":"","overlay-opacity":"","overlay-gradient":""},"tablet":{"background-color":"var(--ast-global-color-5)","background-image":"","background-repeat":"repeat","background-position":"center center","background-size":"auto","background-attachment":"scroll","background-type":"","background-media":"","overlay-type":"","overlay-color":"","overlay-opacity":"","overlay-gradient":""},"mobile":{"background-color":"var(--ast-global-color-5)","background-image":"","background-repeat":"repeat","background-position":"center center","background-size":"auto","background-attachment":"scroll","background-type":"","background-media":"","overlay-type":"","overlay-color":"","overlay-opacity":"","overlay-gradient":""}}},"product_brand":[],"product_cat":[48],"product_tag":[],"class_list":{"0":"post-3194","1":"product","2":"type-product","3":"status-publish","4":"has-post-thumbnail","6":"product_cat-cajas-stein-drums","7":"desktop-align-left","8":"tablet-align-left","9":"mobile-align-left","11":"first","12":"instock","13":"taxable","14":"shipping-taxable","15":"purchasable","16":"product-type-simple"},"uagb_featured_image_src":{"full":["https:\/\/sonatacustom.com\/wp-content\/uploads\/2025\/07\/element005_1-scaled.jpg",2560,1707,false],"thumbnail":["https:\/\/sonatacustom.com\/wp-content\/uploads\/2025\/07\/element005_1-150x150.jpg",150,150,true],"medium":["https:\/\/sonatacustom.com\/wp-content\/uploads\/2025\/07\/element005_1-300x200.jpg",300,200,true],"medium_large":["https:\/\/sonatacustom.com\/wp-content\/uploads\/2025\/07\/element005_1-768x512.jpg",768,512,true],"large":["https:\/\/sonatacustom.com\/wp-content\/uploads\/2025\/07\/element005_1-1024x683.jpg",1024,683,true],"1536x1536":["https:\/\/sonatacustom.com\/wp-content\/uploads\/2025\/07\/element005_1-1536x1024.jpg",1536,1024,true],"2048x2048":["https:\/\/sonatacustom.com\/wp-content\/uploads\/2025\/07\/element005_1-2048x1365.jpg",2048,1365,true],"trp-custom-language-flag":["https:\/\/sonatacustom.com\/wp-content\/uploads\/2025\/07\/element005_1-18x12.jpg",18,12,true],"woocommerce_thumbnail":["https:\/\/sonatacustom.com\/wp-content\/uploads\/2025\/07\/element005_1-300x200.jpg",300,200,true],"woocommerce_single":["https:\/\/sonatacustom.com\/wp-content\/uploads\/2025\/07\/element005_1-600x400.jpg",600,400,true],"woocommerce_gallery_thumbnail":["https:\/\/sonatacustom.com\/wp-content\/uploads\/2025\/07\/element005_1-100x100.jpg",100,100,true]},"uagb_author_info":{"display_name":"Alejandrez","author_link":"https:\/\/sonatacustom.com\/es\/author\/"},"uagb_comment_info":0,"uagb_excerpt":"Casco de abedul de 8 mm y 5 capas. Bearing edges a 45\u00ba. Aros triple-flanged cromados de 1,6 mm. 8 puntos de afinaci\u00f3n. Sistema bordonero LM sencillo. Bord\u00f3n de 20 hilos. Parches Remo. Fabricada artesanalmente en Galicia por Sonata Custom. M\u00e1s opciones disponibles a trav\u00e9s del formulario de personalizaci\u00f3n.","_links":{"self":[{"href":"https:\/\/sonatacustom.com\/es\/wp-json\/wp\/v2\/product\/3194","targetHints":{"allow":["GET"]}}],"collection":[{"href":"https:\/\/sonatacustom.com\/es\/wp-json\/wp\/v2\/product"}],"about":[{"href":"https:\/\/sonatacustom.com\/es\/wp-json\/wp\/v2\/types\/product"}],"replies":[{"embeddable":true,"href":"https:\/\/sonatacustom.com\/es\/wp-json\/wp\/v2\/comments?post=3194"}],"wp:featuredmedia":[{"embeddable":true,"href":"https:\/\/sonatacustom.com\/es\/wp-json\/wp\/v2\/media\/2988"}],"wp:attachment":[{"href":"https:\/\/sonatacustom.com\/es\/wp-json\/wp\/v2\/media?parent=3194"}],"wp:term":[{"taxonomy":"product_brand","embeddable":true,"href":"https:\/\/sonatacustom.com\/es\/wp-json\/wp\/v2\/product_brand?post=3194"},{"taxonomy":"product_cat","embeddable":true,"href":"https:\/\/sonatacustom.com\/es\/wp-json\/wp\/v2\/product_cat?post=3194"},{"taxonomy":"product_tag","embeddable":true,"href":"https:\/\/sonatacustom.com\/es\/wp-json\/wp\/v2\/product_tag?post=3194"}],"curies":[{"name":"wp","href":"https:\/\/api.w.org\/{rel}","templated":true}]}}