{"id":2867,"date":"2025-04-11T15:14:45","date_gmt":"2025-04-11T15:14:45","guid":{"rendered":"https:\/\/sonatacustom.com\/?post_type=product&#038;p=2867"},"modified":"2025-12-01T10:44:53","modified_gmt":"2025-12-01T08:44:53","slug":"tapas-de-madera-para-armonica","status":"publish","type":"product","link":"https:\/\/sonatacustom.com\/es\/producto\/tapas-de-madera-para-armonica\/","title":{"rendered":"Tapas de madera para arm\u00f3nica"},"content":{"rendered":"<p>\u00a1Haz que tu instrumento destaque con estas bonitas tapas de madera!<\/p>\n<p>Fabricadas a medida para cada modelo de arm\u00f3nica y disponibles en una gran variedad de maderas decorativas y acabados. Se pueden fabricar con la pesta\u00f1a central en la parte trasera, pero esto requiere cortar la pesta\u00f1a de pl\u00e1stico que algunos modelos de arm\u00f3nica traen en el cuerpo. Incluyen tornillos para poder ser instaladas con un simple destornillador.<\/p>\n<p>Si las quieres para un modelo de arm\u00f3nica no listado entre las opciones utiliza el <a href=\"https:\/\/sonatacustom.com\/es\/producto-personalizado\/\">formulario de producto personalizado<\/a>. Tambi\u00e9n se puede encargar con texto grabado en ellas.<\/p>\n<p>&nbsp;<\/p>\n","protected":false},"excerpt":{"rendered":"<ul>\n<li>Madera maciza a elegir entre casta\u00f1o, cerezo, weng\u00e9, haya o sapelli.<\/li>\n<li>Acabado a elegir entre barniz mate, brillante o satinado, o acabado al aceite.<\/li>\n<li>Disponible para diversos modelos de arm\u00f3nica.<\/li>\n<li>Posibilidad de grabar la tonalidad de la arm\u00f3nica en la tapa.<\/li>\n<li>Tornillos incluidos.<\/li>\n<\/ul>\n","protected":false},"featured_media":2915,"comment_status":"open","ping_status":"closed","template":"","meta":{"_uag_custom_page_level_css":"","site-sidebar-layout":"default","site-content-layout":"","ast-site-content-layout":"default","site-content-style":"default","site-sidebar-style":"default","ast-global-header-display":"","ast-banner-title-visibility":"","ast-main-header-display":"","ast-hfb-above-header-display":"","ast-hfb-below-header-display":"","ast-hfb-mobile-header-display":"","site-post-title":"","ast-breadcrumbs-content":"","ast-featured-img":"","footer-sml-layout":"","ast-disable-related-posts":"","theme-transparent-header-meta":"default","adv-header-id-meta":"","stick-header-meta":"","header-above-stick-meta":"","header-main-stick-meta":"","header-below-stick-meta":"","astra-migrate-meta-layouts":"set","ast-page-background-enabled":"default","ast-page-background-meta":{"desktop":{"background-color":"var(--ast-global-color-4)","background-image":"","background-repeat":"repeat","background-position":"center center","background-size":"auto","background-attachment":"scroll","background-type":"","background-media":"","overlay-type":"","overlay-color":"","overlay-opacity":"","overlay-gradient":""},"tablet":{"background-color":"","background-image":"","background-repeat":"repeat","background-position":"center center","background-size":"auto","background-attachment":"scroll","background-type":"","background-media":"","overlay-type":"","overlay-color":"","overlay-opacity":"","overlay-gradient":""},"mobile":{"background-color":"","background-image":"","background-repeat":"repeat","background-position":"center center","background-size":"auto","background-attachment":"scroll","background-type":"","background-media":"","overlay-type":"","overlay-color":"","overlay-opacity":"","overlay-gradient":""}},"ast-content-background-meta":{"desktop":{"background-color":"var(--ast-global-color-5)","background-image":"","background-repeat":"repeat","background-position":"center center","background-size":"auto","background-attachment":"scroll","background-type":"","background-media":"","overlay-type":"","overlay-color":"","overlay-opacity":"","overlay-gradient":""},"tablet":{"background-color":"var(--ast-global-color-5)","background-image":"","background-repeat":"repeat","background-position":"center center","background-size":"auto","background-attachment":"scroll","background-type":"","background-media":"","overlay-type":"","overlay-color":"","overlay-opacity":"","overlay-gradient":""},"mobile":{"background-color":"var(--ast-global-color-5)","background-image":"","background-repeat":"repeat","background-position":"center center","background-size":"auto","background-attachment":"scroll","background-type":"","background-media":"","overlay-type":"","overlay-color":"","overlay-opacity":"","overlay-gradient":""}}},"product_brand":[],"product_cat":[28],"product_tag":[],"class_list":{"0":"post-2867","1":"product","2":"type-product","3":"status-publish","4":"has-post-thumbnail","6":"product_cat-accesorios-vientos","7":"desktop-align-left","8":"tablet-align-left","9":"mobile-align-left","11":"first","12":"instock","13":"taxable","14":"shipping-taxable","15":"purchasable","16":"product-type-simple"},"uagb_featured_image_src":{"full":["https:\/\/sonatacustom.com\/wp-content\/uploads\/2025\/04\/Tapas_Armonica_MarineBand_5-scaled.jpg",2560,1707,false],"thumbnail":["https:\/\/sonatacustom.com\/wp-content\/uploads\/2025\/04\/Tapas_Armonica_MarineBand_5-150x150.jpg",150,150,true],"medium":["https:\/\/sonatacustom.com\/wp-content\/uploads\/2025\/04\/Tapas_Armonica_MarineBand_5-300x200.jpg",300,200,true],"medium_large":["https:\/\/sonatacustom.com\/wp-content\/uploads\/2025\/04\/Tapas_Armonica_MarineBand_5-768x512.jpg",768,512,true],"large":["https:\/\/sonatacustom.com\/wp-content\/uploads\/2025\/04\/Tapas_Armonica_MarineBand_5-1024x683.jpg",1024,683,true],"1536x1536":["https:\/\/sonatacustom.com\/wp-content\/uploads\/2025\/04\/Tapas_Armonica_MarineBand_5-1536x1024.jpg",1536,1024,true],"2048x2048":["https:\/\/sonatacustom.com\/wp-content\/uploads\/2025\/04\/Tapas_Armonica_MarineBand_5-2048x1365.jpg",2048,1365,true],"trp-custom-language-flag":["https:\/\/sonatacustom.com\/wp-content\/uploads\/2025\/04\/Tapas_Armonica_MarineBand_5-18x12.jpg",18,12,true],"woocommerce_thumbnail":["https:\/\/sonatacustom.com\/wp-content\/uploads\/2025\/04\/Tapas_Armonica_MarineBand_5-300x200.jpg",300,200,true],"woocommerce_single":["https:\/\/sonatacustom.com\/wp-content\/uploads\/2025\/04\/Tapas_Armonica_MarineBand_5-600x400.jpg",600,400,true],"woocommerce_gallery_thumbnail":["https:\/\/sonatacustom.com\/wp-content\/uploads\/2025\/04\/Tapas_Armonica_MarineBand_5-100x100.jpg",100,100,true]},"uagb_author_info":{"display_name":"Alejandrez","author_link":"https:\/\/sonatacustom.com\/es\/author\/"},"uagb_comment_info":1,"uagb_excerpt":"Madera maciza a elegir entre casta\u00f1o, cerezo, weng\u00e9, haya o sapelli. Acabado a elegir entre barniz mate, brillante o satinado, o acabado al aceite. Disponible para diversos modelos de arm\u00f3nica. Posibilidad de grabar la tonalidad de la arm\u00f3nica en la tapa. Tornillos incluidos.","_links":{"self":[{"href":"https:\/\/sonatacustom.com\/es\/wp-json\/wp\/v2\/product\/2867","targetHints":{"allow":["GET"]}}],"collection":[{"href":"https:\/\/sonatacustom.com\/es\/wp-json\/wp\/v2\/product"}],"about":[{"href":"https:\/\/sonatacustom.com\/es\/wp-json\/wp\/v2\/types\/product"}],"replies":[{"embeddable":true,"href":"https:\/\/sonatacustom.com\/es\/wp-json\/wp\/v2\/comments?post=2867"}],"wp:featuredmedia":[{"embeddable":true,"href":"https:\/\/sonatacustom.com\/es\/wp-json\/wp\/v2\/media\/2915"}],"wp:attachment":[{"href":"https:\/\/sonatacustom.com\/es\/wp-json\/wp\/v2\/media?parent=2867"}],"wp:term":[{"taxonomy":"product_brand","embeddable":true,"href":"https:\/\/sonatacustom.com\/es\/wp-json\/wp\/v2\/product_brand?post=2867"},{"taxonomy":"product_cat","embeddable":true,"href":"https:\/\/sonatacustom.com\/es\/wp-json\/wp\/v2\/product_cat?post=2867"},{"taxonomy":"product_tag","embeddable":true,"href":"https:\/\/sonatacustom.com\/es\/wp-json\/wp\/v2\/product_tag?post=2867"}],"curies":[{"name":"wp","href":"https:\/\/api.w.org\/{rel}","templated":true}]}}