{"id":1997,"date":"2025-02-11T17:12:39","date_gmt":"2025-02-11T17:12:39","guid":{"rendered":"https:\/\/sonatacustom.com\/?post_type=product&#038;p=1997"},"modified":"2025-12-01T10:31:17","modified_gmt":"2025-12-01T08:31:17","slug":"kit-de-bateria-compacto","status":"publish","type":"product","link":"https:\/\/sonatacustom.com\/es\/producto\/kit-de-bateria-compacto\/","title":{"rendered":"Kit de bater\u00eda compacto"},"content":{"rendered":"<p>***ATENCI\u00d3N: El estado de deterioro del kit que se muestra en las fotos se debe a que fue realizado como prototipo con piezas sobrantes y ya ha sido probado en varios conciertos. L\u00f3gicamente en el producto se utilizar\u00e1n componentes nuevos.***<\/p>\n<p>\u00a1Lleva tu m\u00fasica contigo con este kit!<\/p>\n<p>Este pr\u00e1ctico kit de bater\u00eda es tan c\u00f3mo de transportar como cualquier maleta; puedes llevarla como equipaje de mano en el bus, tren, etc. Sencillo de montar y desmontar, el kit incluye una selecci\u00f3n b\u00e1sica de todos los elementos que un baterista puede necesitar. La maleta no ha sido modificada de ninguna forma, por lo que siempre puedes comprar otra maleta est\u00e1ndar para cambiar de estilo o sustituirla. Puedes elegir entre los platos que he seleccionado para este kit o comprarlo sin platos y elegirlos t\u00fa.<\/p>\n<ul>\n<li>Hi-hat de 13&#8243; y crash-ride de 14&#8243; Zultan Aja.<\/li>\n<li>Caja Tama de 10&#8243; y rototom de 6&#8243;.<\/li>\n<li>Taburete regulable en altura.<\/li>\n<li>Pie de hihat con grapas para crash-ride y caja.<\/li>\n<li>La maleta act\u00faa como bombo, soporte para el rototom y soporte para baquetas. Color seg\u00fan disponibilidad.<\/li>\n<li>Incluye dos listones de madera con los que puedes bloquear las ruedas de la maleta y fijar a ella el pedal de bombo.<\/li>\n<\/ul>\n<p>Si quieres saber m\u00e1s sobre el producto puedes consultar la <a href=\"https:\/\/sonatacustom.com\/guias-de-compra\/guia-kits-de-bateria\/\">gu\u00eda de compra<\/a>.<\/p>\n","protected":false},"excerpt":{"rendered":"<ul>\n<li>Todos los componentes se almacenan en la maleta.<\/li>\n<li>Hi-hat de 13&#8243; y crash-ride de 14&#8243; Zultan Aja (opcionales).<\/li>\n<li>Caja Tama de 10&#8243; y rototom de 6&#8243;.<\/li>\n<li>Taburete regulable en altura.<\/li>\n<li>Pie de hihat con grapas para crash-ride y caja.<\/li>\n<li>La maleta act\u00faa como bombo, soporte para el rototom y soporte para baquetas. Color seg\u00fan disponibilidad.<\/li>\n<li>Incluye dos listones de madera con los que puedes bloquear las ruedas de la maleta y fijar a ella el pedal de bombo.<\/li>\n<\/ul>\n","protected":false},"featured_media":2666,"comment_status":"open","ping_status":"closed","template":"","meta":{"_uag_custom_page_level_css":"","site-sidebar-layout":"default","site-content-layout":"","ast-site-content-layout":"default","site-content-style":"default","site-sidebar-style":"default","ast-global-header-display":"","ast-banner-title-visibility":"","ast-main-header-display":"","ast-hfb-above-header-display":"","ast-hfb-below-header-display":"","ast-hfb-mobile-header-display":"","site-post-title":"","ast-breadcrumbs-content":"","ast-featured-img":"","footer-sml-layout":"","ast-disable-related-posts":"","theme-transparent-header-meta":"default","adv-header-id-meta":"","stick-header-meta":"","header-above-stick-meta":"","header-main-stick-meta":"","header-below-stick-meta":"","astra-migrate-meta-layouts":"set","ast-page-background-enabled":"default","ast-page-background-meta":{"desktop":{"background-color":"var(--ast-global-color-4)","background-image":"","background-repeat":"repeat","background-position":"center center","background-size":"auto","background-attachment":"scroll","background-type":"","background-media":"","overlay-type":"","overlay-color":"","overlay-opacity":"","overlay-gradient":""},"tablet":{"background-color":"","background-image":"","background-repeat":"repeat","background-position":"center center","background-size":"auto","background-attachment":"scroll","background-type":"","background-media":"","overlay-type":"","overlay-color":"","overlay-opacity":"","overlay-gradient":""},"mobile":{"background-color":"","background-image":"","background-repeat":"repeat","background-position":"center center","background-size":"auto","background-attachment":"scroll","background-type":"","background-media":"","overlay-type":"","overlay-color":"","overlay-opacity":"","overlay-gradient":""}},"ast-content-background-meta":{"desktop":{"background-color":"var(--ast-global-color-5)","background-image":"","background-repeat":"repeat","background-position":"center center","background-size":"auto","background-attachment":"scroll","background-type":"","background-media":"","overlay-type":"","overlay-color":"","overlay-opacity":"","overlay-gradient":""},"tablet":{"background-color":"var(--ast-global-color-5)","background-image":"","background-repeat":"repeat","background-position":"center center","background-size":"auto","background-attachment":"scroll","background-type":"","background-media":"","overlay-type":"","overlay-color":"","overlay-opacity":"","overlay-gradient":""},"mobile":{"background-color":"var(--ast-global-color-5)","background-image":"","background-repeat":"repeat","background-position":"center center","background-size":"auto","background-attachment":"scroll","background-type":"","background-media":"","overlay-type":"","overlay-color":"","overlay-opacity":"","overlay-gradient":""}}},"product_brand":[],"product_cat":[27],"product_tag":[],"class_list":{"0":"post-1997","1":"product","2":"type-product","3":"status-publish","4":"has-post-thumbnail","6":"product_cat-baterias","7":"desktop-align-left","8":"tablet-align-left","9":"mobile-align-left","11":"first","12":"instock","13":"sold-individually","14":"taxable","15":"shipping-taxable","16":"purchasable","17":"product-type-simple"},"uagb_featured_image_src":{"full":["https:\/\/sonatacustom.com\/wp-content\/uploads\/2025\/03\/kit_compacto_frente-scaled.jpg",2560,1707,false],"thumbnail":["https:\/\/sonatacustom.com\/wp-content\/uploads\/2025\/03\/kit_compacto_frente-150x150.jpg",150,150,true],"medium":["https:\/\/sonatacustom.com\/wp-content\/uploads\/2025\/03\/kit_compacto_frente-300x200.jpg",300,200,true],"medium_large":["https:\/\/sonatacustom.com\/wp-content\/uploads\/2025\/03\/kit_compacto_frente-768x512.jpg",768,512,true],"large":["https:\/\/sonatacustom.com\/wp-content\/uploads\/2025\/03\/kit_compacto_frente-1024x683.jpg",1024,683,true],"1536x1536":["https:\/\/sonatacustom.com\/wp-content\/uploads\/2025\/03\/kit_compacto_frente-1536x1024.jpg",1536,1024,true],"2048x2048":["https:\/\/sonatacustom.com\/wp-content\/uploads\/2025\/03\/kit_compacto_frente-2048x1365.jpg",2048,1365,true],"trp-custom-language-flag":["https:\/\/sonatacustom.com\/wp-content\/uploads\/2025\/03\/kit_compacto_frente-scaled.jpg",18,12,false],"woocommerce_thumbnail":["https:\/\/sonatacustom.com\/wp-content\/uploads\/2025\/03\/kit_compacto_frente-scaled-300x200.jpg",300,200,true],"woocommerce_single":["https:\/\/sonatacustom.com\/wp-content\/uploads\/2025\/03\/kit_compacto_frente-scaled-600x400.jpg",600,400,true],"woocommerce_gallery_thumbnail":["https:\/\/sonatacustom.com\/wp-content\/uploads\/2025\/03\/kit_compacto_frente-scaled-100x100.jpg",100,100,true]},"uagb_author_info":{"display_name":"Alejandrez","author_link":"https:\/\/sonatacustom.com\/es\/author\/"},"uagb_comment_info":0,"uagb_excerpt":"Todos los componentes se almacenan en la maleta. Hi-hat de 13\" y crash-ride de 14\" Zultan Aja (opcionales). Caja Tama de 10\" y rototom de 6\". Taburete regulable en altura. Pie de hihat con grapas para crash-ride y caja. La maleta act\u00faa como bombo, soporte para el rototom y soporte para baquetas. Color seg\u00fan disponibilidad.&hellip;","_links":{"self":[{"href":"https:\/\/sonatacustom.com\/es\/wp-json\/wp\/v2\/product\/1997","targetHints":{"allow":["GET"]}}],"collection":[{"href":"https:\/\/sonatacustom.com\/es\/wp-json\/wp\/v2\/product"}],"about":[{"href":"https:\/\/sonatacustom.com\/es\/wp-json\/wp\/v2\/types\/product"}],"replies":[{"embeddable":true,"href":"https:\/\/sonatacustom.com\/es\/wp-json\/wp\/v2\/comments?post=1997"}],"wp:featuredmedia":[{"embeddable":true,"href":"https:\/\/sonatacustom.com\/es\/wp-json\/wp\/v2\/media\/2666"}],"wp:attachment":[{"href":"https:\/\/sonatacustom.com\/es\/wp-json\/wp\/v2\/media?parent=1997"}],"wp:term":[{"taxonomy":"product_brand","embeddable":true,"href":"https:\/\/sonatacustom.com\/es\/wp-json\/wp\/v2\/product_brand?post=1997"},{"taxonomy":"product_cat","embeddable":true,"href":"https:\/\/sonatacustom.com\/es\/wp-json\/wp\/v2\/product_cat?post=1997"},{"taxonomy":"product_tag","embeddable":true,"href":"https:\/\/sonatacustom.com\/es\/wp-json\/wp\/v2\/product_tag?post=1997"}],"curies":[{"name":"wp","href":"https:\/\/api.w.org\/{rel}","templated":true}]}}