{"id":1892,"date":"2025-02-11T15:48:15","date_gmt":"2025-02-11T15:48:15","guid":{"rendered":"https:\/\/sonatacustom.com\/?post_type=product&#038;p=1892"},"modified":"2025-12-01T10:32:26","modified_gmt":"2025-12-01T08:32:26","slug":"claves-tradicionales","status":"publish","type":"product","link":"https:\/\/sonatacustom.com\/es\/producto\/claves-tradicionales\/","title":{"rendered":"Claves tradicionales"},"content":{"rendered":"<p>\u00a1Descubre el ritmo aut\u00e9ntico con nuestras claves de madera artesanales!<\/p>\n<p>En cada par de nuestras claves se esconde una historia de dedicaci\u00f3n y arte. Fabricadas a mano con pasi\u00f3n y precisi\u00f3n, nuestras claves de madera no solo son instrumentos, sino piezas de arte \u00fanicas que llevan el sello personal de su creador. Cada set es completamente personalizable, permiti\u00e9ndote elegir desde el tipo de madera hasta el dise\u00f1o y tama\u00f1o, asegurando que cada par sea perfecto para tu estilo y necesidades musicales.<\/p>\n<ul>\n<li>Claves tradicionales de 180 mm de largo y 30 mm de di\u00e1metro.<\/li>\n<li>Acabado al aceite para mantener el sonido de la madera intacto.<\/li>\n<\/ul>\n<p>Si quieres saber m\u00e1s sobre el producto puedes consultar la <a href=\"https:\/\/sonatacustom.com\/guias-de-compra\/guia-claves\/\">gu\u00eda de compra<\/a>.<\/p>\n<p>Si quieres un tama\u00f1o diferente o una madera diferente en las dos claves, puedes utilizar el <a href=\"https:\/\/sonatacustom.com\/producto-personalizado\/\">formulario de producto personalizado<\/a>.<\/p>\n","protected":false},"excerpt":{"rendered":"<ul>\n<li>Madera maciza, a elegir entre iroko, sapelli, cerezo y weng\u00e9.<\/li>\n<li>Borde oscurecido opcional (no disponible para weng\u00e9).<\/li>\n<li>180 mm de largo y 30 mm de di\u00e1metro (pareja).<\/li>\n<li>Acabado al aceite.<\/li>\n<\/ul>\n","protected":false},"featured_media":2663,"comment_status":"open","ping_status":"closed","template":"","meta":{"_uag_custom_page_level_css":"","site-sidebar-layout":"default","site-content-layout":"","ast-site-content-layout":"default","site-content-style":"default","site-sidebar-style":"default","ast-global-header-display":"","ast-banner-title-visibility":"","ast-main-header-display":"","ast-hfb-above-header-display":"","ast-hfb-below-header-display":"","ast-hfb-mobile-header-display":"","site-post-title":"","ast-breadcrumbs-content":"","ast-featured-img":"","footer-sml-layout":"","ast-disable-related-posts":"","theme-transparent-header-meta":"default","adv-header-id-meta":"","stick-header-meta":"","header-above-stick-meta":"","header-main-stick-meta":"","header-below-stick-meta":"","astra-migrate-meta-layouts":"set","ast-page-background-enabled":"default","ast-page-background-meta":{"desktop":{"background-color":"var(--ast-global-color-4)","background-image":"","background-repeat":"repeat","background-position":"center center","background-size":"auto","background-attachment":"scroll","background-type":"","background-media":"","overlay-type":"","overlay-color":"","overlay-opacity":"","overlay-gradient":""},"tablet":{"background-color":"","background-image":"","background-repeat":"repeat","background-position":"center center","background-size":"auto","background-attachment":"scroll","background-type":"","background-media":"","overlay-type":"","overlay-color":"","overlay-opacity":"","overlay-gradient":""},"mobile":{"background-color":"","background-image":"","background-repeat":"repeat","background-position":"center center","background-size":"auto","background-attachment":"scroll","background-type":"","background-media":"","overlay-type":"","overlay-color":"","overlay-opacity":"","overlay-gradient":""}},"ast-content-background-meta":{"desktop":{"background-color":"var(--ast-global-color-5)","background-image":"","background-repeat":"repeat","background-position":"center center","background-size":"auto","background-attachment":"scroll","background-type":"","background-media":"","overlay-type":"","overlay-color":"","overlay-opacity":"","overlay-gradient":""},"tablet":{"background-color":"var(--ast-global-color-5)","background-image":"","background-repeat":"repeat","background-position":"center center","background-size":"auto","background-attachment":"scroll","background-type":"","background-media":"","overlay-type":"","overlay-color":"","overlay-opacity":"","overlay-gradient":""},"mobile":{"background-color":"var(--ast-global-color-5)","background-image":"","background-repeat":"repeat","background-position":"center center","background-size":"auto","background-attachment":"scroll","background-type":"","background-media":"","overlay-type":"","overlay-color":"","overlay-opacity":"","overlay-gradient":""}}},"product_brand":[],"product_cat":[30],"product_tag":[],"class_list":{"0":"post-1892","1":"product","2":"type-product","3":"status-publish","4":"has-post-thumbnail","6":"product_cat-percusion","7":"desktop-align-left","8":"tablet-align-left","9":"mobile-align-left","11":"first","12":"instock","13":"taxable","14":"shipping-taxable","15":"purchasable","16":"product-type-simple"},"uagb_featured_image_src":{"full":["https:\/\/sonatacustom.com\/wp-content\/uploads\/2025\/03\/claves_tradicionales_wenge_general-scaled.jpg",2560,1707,false],"thumbnail":["https:\/\/sonatacustom.com\/wp-content\/uploads\/2025\/03\/claves_tradicionales_wenge_general-150x150.jpg",150,150,true],"medium":["https:\/\/sonatacustom.com\/wp-content\/uploads\/2025\/03\/claves_tradicionales_wenge_general-300x200.jpg",300,200,true],"medium_large":["https:\/\/sonatacustom.com\/wp-content\/uploads\/2025\/03\/claves_tradicionales_wenge_general-768x512.jpg",768,512,true],"large":["https:\/\/sonatacustom.com\/wp-content\/uploads\/2025\/03\/claves_tradicionales_wenge_general-1024x683.jpg",1024,683,true],"1536x1536":["https:\/\/sonatacustom.com\/wp-content\/uploads\/2025\/03\/claves_tradicionales_wenge_general-1536x1024.jpg",1536,1024,true],"2048x2048":["https:\/\/sonatacustom.com\/wp-content\/uploads\/2025\/03\/claves_tradicionales_wenge_general-2048x1365.jpg",2048,1365,true],"trp-custom-language-flag":["https:\/\/sonatacustom.com\/wp-content\/uploads\/2025\/03\/claves_tradicionales_wenge_general-scaled.jpg",18,12,false],"woocommerce_thumbnail":["https:\/\/sonatacustom.com\/wp-content\/uploads\/2025\/03\/claves_tradicionales_wenge_general-scaled-300x200.jpg",300,200,true],"woocommerce_single":["https:\/\/sonatacustom.com\/wp-content\/uploads\/2025\/03\/claves_tradicionales_wenge_general-scaled-600x400.jpg",600,400,true],"woocommerce_gallery_thumbnail":["https:\/\/sonatacustom.com\/wp-content\/uploads\/2025\/03\/claves_tradicionales_wenge_general-scaled-100x100.jpg",100,100,true]},"uagb_author_info":{"display_name":"Alejandrez","author_link":"https:\/\/sonatacustom.com\/es\/author\/"},"uagb_comment_info":1,"uagb_excerpt":"Madera maciza, a elegir entre iroko, sapelli, cerezo y weng\u00e9. Borde oscurecido opcional (no disponible para weng\u00e9). 180 mm de largo y 30 mm de di\u00e1metro (pareja). Acabado al aceite.","_links":{"self":[{"href":"https:\/\/sonatacustom.com\/es\/wp-json\/wp\/v2\/product\/1892","targetHints":{"allow":["GET"]}}],"collection":[{"href":"https:\/\/sonatacustom.com\/es\/wp-json\/wp\/v2\/product"}],"about":[{"href":"https:\/\/sonatacustom.com\/es\/wp-json\/wp\/v2\/types\/product"}],"replies":[{"embeddable":true,"href":"https:\/\/sonatacustom.com\/es\/wp-json\/wp\/v2\/comments?post=1892"}],"wp:featuredmedia":[{"embeddable":true,"href":"https:\/\/sonatacustom.com\/es\/wp-json\/wp\/v2\/media\/2663"}],"wp:attachment":[{"href":"https:\/\/sonatacustom.com\/es\/wp-json\/wp\/v2\/media?parent=1892"}],"wp:term":[{"taxonomy":"product_brand","embeddable":true,"href":"https:\/\/sonatacustom.com\/es\/wp-json\/wp\/v2\/product_brand?post=1892"},{"taxonomy":"product_cat","embeddable":true,"href":"https:\/\/sonatacustom.com\/es\/wp-json\/wp\/v2\/product_cat?post=1892"},{"taxonomy":"product_tag","embeddable":true,"href":"https:\/\/sonatacustom.com\/es\/wp-json\/wp\/v2\/product_tag?post=1892"}],"curies":[{"name":"wp","href":"https:\/\/api.w.org\/{rel}","templated":true}]}}