{"id":1809,"date":"2025-02-10T13:37:47","date_gmt":"2025-02-10T13:37:47","guid":{"rendered":"https:\/\/sonatacustom.com\/?post_type=product&#038;p=1809"},"modified":"2025-12-01T10:31:45","modified_gmt":"2025-12-01T08:31:45","slug":"apoyamanos-para-fagot","status":"publish","type":"product","link":"https:\/\/sonatacustom.com\/es\/producto\/apoyamanos-para-fagot\/","title":{"rendered":"Apoyamanos para fagot"},"content":{"rendered":"<p>Eleva tu confort y control con un apoyamanos dise\u00f1ado exclusivamente para ti. Los apoyamanos de fagot de Sonata Custom no son simplemente accesorios; son extensiones personalizadas de tu instrumento que mejoran tu t\u00e9cnica y comodidad. Cada pieza es meticulosamente tallada a medida de tu mano, asegurando la forma m\u00e1s c\u00f3moda y ergon\u00f3mica posible.<\/p>\n<p>Personaliza a\u00fan m\u00e1s tu experiencia eligiendo entre una variedad de maderas finas y acabados exquisitos que no solo realzan la funcionalidad sino tambi\u00e9n la est\u00e9tica de tu fagot. Nuestros apoyamanos son la fusi\u00f3n perfecta de arte y ergonom\u00eda, dise\u00f1ados para ajustarse no solo a tu mano, sino tambi\u00e9n a tu estilo personal.<\/p>\n<p>Ofrecemos estos accesorios esenciales a un precio asequible, considerando que otros en el mercado no ofrecen esta personalizaci\u00f3n. Con nosotros, inviertes en comodidad, estilo y precisi\u00f3n, todo adaptado a tus necesidades \u00fanicas.<\/p>\n<p>\u00a1Permite que tu talento fluya con la m\u00e1xima comodidad y estilo!<\/p>\n<p>Si quieres saber m\u00e1s sobre el producto puedes consultar la <a href=\"https:\/\/sonatacustom.com\/guias-de-compra\/guia-apoyamanos-para-fagot\/\">gu\u00eda de compra<\/a>.<\/p>\n<p>Si quieres un apoyamanos dise\u00f1ado espec\u00edficamente para ti, puedes utilizar el <a href=\"https:\/\/sonatacustom.com\/producto-personalizado\/\">formulario de producto personalizado<\/a>.<\/p>\n","protected":false},"excerpt":{"rendered":"<ul>\n<li>Madera maciza, a elegir entre una selecci\u00f3n de finas maderas.<\/li>\n<li>Varios tipos de v\u00e1stago a seleccionar en funci\u00f3n de la base de tu instrumento.<\/li>\n<li>Acabado a elegir entre barnizado y al aceite.<\/li>\n<li>Forma del extremo seleccionable entre recto y curvo.<\/li>\n<li>Dimensiones: 110 x 44 x 22 mm<\/li>\n<\/ul>\n","protected":false},"featured_media":3105,"comment_status":"open","ping_status":"closed","template":"","meta":{"_uag_custom_page_level_css":"","site-sidebar-layout":"default","site-content-layout":"","ast-site-content-layout":"default","site-content-style":"default","site-sidebar-style":"default","ast-global-header-display":"","ast-banner-title-visibility":"","ast-main-header-display":"","ast-hfb-above-header-display":"","ast-hfb-below-header-display":"","ast-hfb-mobile-header-display":"","site-post-title":"","ast-breadcrumbs-content":"","ast-featured-img":"","footer-sml-layout":"","ast-disable-related-posts":"","theme-transparent-header-meta":"default","adv-header-id-meta":"","stick-header-meta":"","header-above-stick-meta":"","header-main-stick-meta":"","header-below-stick-meta":"","astra-migrate-meta-layouts":"set","ast-page-background-enabled":"default","ast-page-background-meta":{"desktop":{"background-color":"var(--ast-global-color-4)","background-image":"","background-repeat":"repeat","background-position":"center center","background-size":"auto","background-attachment":"scroll","background-type":"","background-media":"","overlay-type":"","overlay-color":"","overlay-opacity":"","overlay-gradient":""},"tablet":{"background-color":"","background-image":"","background-repeat":"repeat","background-position":"center center","background-size":"auto","background-attachment":"scroll","background-type":"","background-media":"","overlay-type":"","overlay-color":"","overlay-opacity":"","overlay-gradient":""},"mobile":{"background-color":"","background-image":"","background-repeat":"repeat","background-position":"center center","background-size":"auto","background-attachment":"scroll","background-type":"","background-media":"","overlay-type":"","overlay-color":"","overlay-opacity":"","overlay-gradient":""}},"ast-content-background-meta":{"desktop":{"background-color":"var(--ast-global-color-5)","background-image":"","background-repeat":"repeat","background-position":"center center","background-size":"auto","background-attachment":"scroll","background-type":"","background-media":"","overlay-type":"","overlay-color":"","overlay-opacity":"","overlay-gradient":""},"tablet":{"background-color":"var(--ast-global-color-5)","background-image":"","background-repeat":"repeat","background-position":"center center","background-size":"auto","background-attachment":"scroll","background-type":"","background-media":"","overlay-type":"","overlay-color":"","overlay-opacity":"","overlay-gradient":""},"mobile":{"background-color":"var(--ast-global-color-5)","background-image":"","background-repeat":"repeat","background-position":"center center","background-size":"auto","background-attachment":"scroll","background-type":"","background-media":"","overlay-type":"","overlay-color":"","overlay-opacity":"","overlay-gradient":""}}},"product_brand":[],"product_cat":[28],"product_tag":[],"class_list":{"0":"post-1809","1":"product","2":"type-product","3":"status-publish","4":"has-post-thumbnail","6":"product_cat-accesorios-vientos","7":"desktop-align-left","8":"tablet-align-left","9":"mobile-align-left","11":"first","12":"instock","13":"sold-individually","14":"taxable","15":"shipping-taxable","16":"purchasable","17":"product-type-simple"},"uagb_featured_image_src":{"full":["https:\/\/sonatacustom.com\/wp-content\/uploads\/2025\/02\/apoyamanos_wenge_7-scaled.jpg",2560,1707,false],"thumbnail":["https:\/\/sonatacustom.com\/wp-content\/uploads\/2025\/02\/apoyamanos_wenge_7-150x150.jpg",150,150,true],"medium":["https:\/\/sonatacustom.com\/wp-content\/uploads\/2025\/02\/apoyamanos_wenge_7-300x200.jpg",300,200,true],"medium_large":["https:\/\/sonatacustom.com\/wp-content\/uploads\/2025\/02\/apoyamanos_wenge_7-768x512.jpg",768,512,true],"large":["https:\/\/sonatacustom.com\/wp-content\/uploads\/2025\/02\/apoyamanos_wenge_7-1024x683.jpg",1024,683,true],"1536x1536":["https:\/\/sonatacustom.com\/wp-content\/uploads\/2025\/02\/apoyamanos_wenge_7-1536x1024.jpg",1536,1024,true],"2048x2048":["https:\/\/sonatacustom.com\/wp-content\/uploads\/2025\/02\/apoyamanos_wenge_7-2048x1365.jpg",2048,1365,true],"trp-custom-language-flag":["https:\/\/sonatacustom.com\/wp-content\/uploads\/2025\/02\/apoyamanos_wenge_7-18x12.jpg",18,12,true],"woocommerce_thumbnail":["https:\/\/sonatacustom.com\/wp-content\/uploads\/2025\/02\/apoyamanos_wenge_7-300x200.jpg",300,200,true],"woocommerce_single":["https:\/\/sonatacustom.com\/wp-content\/uploads\/2025\/02\/apoyamanos_wenge_7-600x400.jpg",600,400,true],"woocommerce_gallery_thumbnail":["https:\/\/sonatacustom.com\/wp-content\/uploads\/2025\/02\/apoyamanos_wenge_7-100x100.jpg",100,100,true]},"uagb_author_info":{"display_name":"Alejandrez","author_link":"https:\/\/sonatacustom.com\/es\/author\/"},"uagb_comment_info":0,"uagb_excerpt":"Madera maciza, a elegir entre una selecci\u00f3n de finas maderas. Varios tipos de v\u00e1stago a seleccionar en funci\u00f3n de la base de tu instrumento. Acabado a elegir entre barnizado y al aceite. Forma del extremo seleccionable entre recto y curvo. Dimensiones: 110 x 44 x 22 mm","_links":{"self":[{"href":"https:\/\/sonatacustom.com\/es\/wp-json\/wp\/v2\/product\/1809","targetHints":{"allow":["GET"]}}],"collection":[{"href":"https:\/\/sonatacustom.com\/es\/wp-json\/wp\/v2\/product"}],"about":[{"href":"https:\/\/sonatacustom.com\/es\/wp-json\/wp\/v2\/types\/product"}],"replies":[{"embeddable":true,"href":"https:\/\/sonatacustom.com\/es\/wp-json\/wp\/v2\/comments?post=1809"}],"wp:featuredmedia":[{"embeddable":true,"href":"https:\/\/sonatacustom.com\/es\/wp-json\/wp\/v2\/media\/3105"}],"wp:attachment":[{"href":"https:\/\/sonatacustom.com\/es\/wp-json\/wp\/v2\/media?parent=1809"}],"wp:term":[{"taxonomy":"product_brand","embeddable":true,"href":"https:\/\/sonatacustom.com\/es\/wp-json\/wp\/v2\/product_brand?post=1809"},{"taxonomy":"product_cat","embeddable":true,"href":"https:\/\/sonatacustom.com\/es\/wp-json\/wp\/v2\/product_cat?post=1809"},{"taxonomy":"product_tag","embeddable":true,"href":"https:\/\/sonatacustom.com\/es\/wp-json\/wp\/v2\/product_tag?post=1809"}],"curies":[{"name":"wp","href":"https:\/\/api.w.org\/{rel}","templated":true}]}}