{"id":328,"date":"2025-02-08T10:41:59","date_gmt":"2025-02-08T10:41:59","guid":{"rendered":"https:\/\/\/about\/"},"modified":"2026-01-30T12:22:14","modified_gmt":"2026-01-30T10:22:14","slug":"sobre-mi","status":"publish","type":"page","link":"https:\/\/sonatacustom.com\/es\/sobre-mi\/","title":{"rendered":"Sobre m\u00ed"},"content":{"rendered":"\n<h2 class=\"wp-block-heading has-text-align-center\">Sobre m\u00ed: uni\u00f3n \u00fanica de ciencia, m\u00fasica y artesan\u00eda<\/h2>\n\n\n\n<div class=\"wp-block-uagb-container uagb-layout-grid uagb-block-d3c9fb5f alignfull uagb-is-root-container\"><div class=\"uagb-container-inner-blocks-wrap\">\n<div class=\"wp-block-uagb-container uagb-layout-grid uagb-block-8f017f77\">\n<p>Hola, soy Alex, un artesano con una profunda pasi\u00f3n por la m\u00fasica y graduado en qu\u00edmica. Mi formaci\u00f3n cient\u00edfica no solo enriquece mi comprensi\u00f3n de los materiales, como pinturas, resinas, barnices y encolados, sino que tambi\u00e9n alimenta mi b\u00fasqueda constante del mejor sonido y ergonom\u00eda en los instrumentos que dise\u00f1o.<\/p>\n\n\n\n<p>Adem\u00e1s, mi afici\u00f3n por la carpinter\u00eda, respaldada por estudios formales, me permite asegurar que cada instrumento no solo suene bien, sino que tambi\u00e9n sea duradero y estructuralmente s\u00f3lido. Desde muebles hasta accesorios musicales, mi enfoque siempre est\u00e1 en la calidad y la adaptabilidad.<\/p>\n<\/div>\n\n\n\n<div class=\"wp-block-uagb-container uagb-block-e26e02c2\">\n<figure class=\"wp-block-image size-large is-resized is-style-rounded\"><img loading=\"lazy\" decoding=\"async\" width=\"683\" height=\"1024\" src=\"https:\/\/sonatacustom.com\/wp-content\/uploads\/2025\/03\/cepillo_cuerpo_completo-683x1024.jpg\" alt=\"\" class=\"wp-image-2470\" style=\"width:248px;height:auto\" srcset=\"https:\/\/sonatacustom.com\/wp-content\/uploads\/2025\/03\/cepillo_cuerpo_completo-683x1024.jpg 683w, https:\/\/sonatacustom.com\/wp-content\/uploads\/2025\/03\/cepillo_cuerpo_completo-scaled-300x450.jpg 300w, https:\/\/sonatacustom.com\/wp-content\/uploads\/2025\/03\/cepillo_cuerpo_completo-scaled-600x900.jpg 600w, https:\/\/sonatacustom.com\/wp-content\/uploads\/2025\/03\/cepillo_cuerpo_completo-200x300.jpg 200w, https:\/\/sonatacustom.com\/wp-content\/uploads\/2025\/03\/cepillo_cuerpo_completo-768x1152.jpg 768w, https:\/\/sonatacustom.com\/wp-content\/uploads\/2025\/03\/cepillo_cuerpo_completo-1024x1536.jpg 1024w, https:\/\/sonatacustom.com\/wp-content\/uploads\/2025\/03\/cepillo_cuerpo_completo-1365x2048.jpg 1365w, https:\/\/sonatacustom.com\/wp-content\/uploads\/2025\/03\/cepillo_cuerpo_completo-scaled.jpg 1707w\" sizes=\"auto, (max-width: 683px) 100vw, 683px\" \/><\/figure>\n<\/div>\n<\/div><\/div>\n\n\n\n<div class=\"wp-block-uagb-container uagb-layout-grid uagb-block-3c1bbd19 alignfull uagb-is-root-container\"><div class=\"uagb-container-inner-blocks-wrap\">\n<div class=\"wp-block-uagb-container uagb-layout-grid uagb-block-92bdf43e\">\n<figure class=\"wp-block-image size-large is-resized is-style-rounded\"><img loading=\"lazy\" decoding=\"async\" width=\"683\" height=\"1024\" src=\"https:\/\/sonatacustom.com\/wp-content\/uploads\/2025\/03\/taladro_columna_2-683x1024.jpg\" alt=\"\" class=\"wp-image-2574\" style=\"width:243px;height:auto\" srcset=\"https:\/\/sonatacustom.com\/wp-content\/uploads\/2025\/03\/taladro_columna_2-683x1024.jpg 683w, https:\/\/sonatacustom.com\/wp-content\/uploads\/2025\/03\/taladro_columna_2-scaled-300x450.jpg 300w, https:\/\/sonatacustom.com\/wp-content\/uploads\/2025\/03\/taladro_columna_2-scaled-600x900.jpg 600w, https:\/\/sonatacustom.com\/wp-content\/uploads\/2025\/03\/taladro_columna_2-200x300.jpg 200w, https:\/\/sonatacustom.com\/wp-content\/uploads\/2025\/03\/taladro_columna_2-768x1152.jpg 768w, https:\/\/sonatacustom.com\/wp-content\/uploads\/2025\/03\/taladro_columna_2-1024x1536.jpg 1024w, https:\/\/sonatacustom.com\/wp-content\/uploads\/2025\/03\/taladro_columna_2-1365x2048.jpg 1365w, https:\/\/sonatacustom.com\/wp-content\/uploads\/2025\/03\/taladro_columna_2-scaled.jpg 1707w\" sizes=\"auto, (max-width: 683px) 100vw, 683px\" \/><\/figure>\n<\/div>\n\n\n\n<div class=\"wp-block-uagb-container uagb-block-c53338d9\">\n<p>Siempre me ha interesado la carpinter\u00eda, y en el momento en el que tuve un lugar en el que poder practicarla empec\u00e9 a fabricar para m\u00ed. Mucho de lo que constru\u00eda estaba relacionado con la m\u00fasica, especiamente instrumentos que eran dif\u00edciles de conseguir o a los que quer\u00eda darles un toque personal. Generalmente, los instrumentos que fabricaba sal\u00edan bien, pero en los casos en que no era as\u00ed, siempre se pod\u00eda aprender de la experiencia para hacer una versi\u00f3n mejorada. Y as\u00ed, despu\u00e9s de construir varios prototipos, pens\u00e9 que mis creaciones les resultar\u00edan interesantes a los dem\u00e1s m\u00fasicos y decid\u00ed comercializarlas.<\/p>\n\n\n\n<p>Como m\u00fasico multi-instrumentista, cada pieza que fabrico es sometida a una rigurosa prueba personal. Toco el fagot en una banda cl\u00e1sica y soy bajista, teclista y ocasionalmente baterista en un grupo multiestil\u00edstico, experiencias que me permiten entender y adaptar mis creaciones a las necesidades espec\u00edficas de diversos estilos musicales. Solo ofrezco productos que yo mismo utilizar\u00eda, garantizando as\u00ed una calidad excepcional.<\/p>\n<\/div>\n<\/div><\/div>\n\n\n\n<p>Descubre instrumentos y accesorios que no solo son hechos a mano, sino dise\u00f1ados con un conocimiento cient\u00edfico, probados por un m\u00fasico apasionado y construidos para durar. \u00a1Bienvenido a un mundo donde la ciencia y el arte se encuentran para crear lo excepcional!<\/p>\n","protected":false},"excerpt":{"rendered":"<p>Sobre m\u00ed: uni\u00f3n \u00fanica de ciencia, m\u00fasica y artesan\u00eda Hola, soy Alex, un artesano con una profunda pasi\u00f3n por la m\u00fasica y graduado en qu\u00edmica. Mi formaci\u00f3n cient\u00edfica no solo enriquece mi comprensi\u00f3n de los materiales, como pinturas, resinas, barnices y encolados, sino que tambi\u00e9n alimenta mi b\u00fasqueda constante del mejor sonido y ergonom\u00eda en [&hellip;]<\/p>\n","protected":false},"author":1,"featured_media":0,"parent":0,"menu_order":0,"comment_status":"closed","ping_status":"closed","template":"","meta":{"_uag_custom_page_level_css":"","site-sidebar-layout":"no-sidebar","site-content-layout":"plain-container","ast-site-content-layout":"normal-width-container","site-content-style":"unboxed","site-sidebar-style":"unboxed","ast-global-header-display":"","ast-banner-title-visibility":"","ast-main-header-display":"","ast-hfb-above-header-display":"","ast-hfb-below-header-display":"","ast-hfb-mobile-header-display":"","site-post-title":"disabled","ast-breadcrumbs-content":"","ast-featured-img":"disabled","footer-sml-layout":"","ast-disable-related-posts":"","theme-transparent-header-meta":"default","adv-header-id-meta":"","stick-header-meta":"","header-above-stick-meta":"","header-main-stick-meta":"","header-below-stick-meta":"","astra-migrate-meta-layouts":"set","ast-page-background-enabled":"default","ast-page-background-meta":{"desktop":{"background-color":"var(--ast-global-color-4)","background-image":"","background-repeat":"repeat","background-position":"center center","background-size":"auto","background-attachment":"scroll","background-type":"","background-media":"","overlay-type":"","overlay-color":"","overlay-opacity":"","overlay-gradient":""},"tablet":{"background-color":"","background-image":"","background-repeat":"repeat","background-position":"center center","background-size":"auto","background-attachment":"scroll","background-type":"","background-media":"","overlay-type":"","overlay-color":"","overlay-opacity":"","overlay-gradient":""},"mobile":{"background-color":"","background-image":"","background-repeat":"repeat","background-position":"center center","background-size":"auto","background-attachment":"scroll","background-type":"","background-media":"","overlay-type":"","overlay-color":"","overlay-opacity":"","overlay-gradient":""}},"ast-content-background-meta":{"desktop":{"background-color":"var(--ast-global-color-5)","background-image":"","background-repeat":"repeat","background-position":"center center","background-size":"auto","background-attachment":"scroll","background-type":"","background-media":"","overlay-type":"","overlay-color":"","overlay-opacity":"","overlay-gradient":""},"tablet":{"background-color":"var(--ast-global-color-5)","background-image":"","background-repeat":"repeat","background-position":"center center","background-size":"auto","background-attachment":"scroll","background-type":"","background-media":"","overlay-type":"","overlay-color":"","overlay-opacity":"","overlay-gradient":""},"mobile":{"background-color":"var(--ast-global-color-5)","background-image":"","background-repeat":"repeat","background-position":"center center","background-size":"auto","background-attachment":"scroll","background-type":"","background-media":"","overlay-type":"","overlay-color":"","overlay-opacity":"","overlay-gradient":""}},"footnotes":""},"class_list":["post-328","page","type-page","status-publish","hentry"],"uagb_featured_image_src":{"full":false,"thumbnail":false,"medium":false,"medium_large":false,"large":false,"1536x1536":false,"2048x2048":false,"trp-custom-language-flag":false,"woocommerce_thumbnail":false,"woocommerce_single":false,"woocommerce_gallery_thumbnail":false},"uagb_author_info":{"display_name":"Alejandrez","author_link":"https:\/\/sonatacustom.com\/es\/author\/sonatacustomgmail-com\/"},"uagb_comment_info":0,"uagb_excerpt":"Sobre m\u00ed: uni\u00f3n \u00fanica de ciencia, m\u00fasica y artesan\u00eda Hola, soy Alex, un artesano con una profunda pasi\u00f3n por la m\u00fasica y graduado en qu\u00edmica. Mi formaci\u00f3n cient\u00edfica no solo enriquece mi comprensi\u00f3n de los materiales, como pinturas, resinas, barnices y encolados, sino que tambi\u00e9n alimenta mi b\u00fasqueda constante del mejor sonido y ergonom\u00eda en&hellip;","_links":{"self":[{"href":"https:\/\/sonatacustom.com\/es\/wp-json\/wp\/v2\/pages\/328","targetHints":{"allow":["GET"]}}],"collection":[{"href":"https:\/\/sonatacustom.com\/es\/wp-json\/wp\/v2\/pages"}],"about":[{"href":"https:\/\/sonatacustom.com\/es\/wp-json\/wp\/v2\/types\/page"}],"author":[{"embeddable":true,"href":"https:\/\/sonatacustom.com\/es\/wp-json\/wp\/v2\/users\/1"}],"replies":[{"embeddable":true,"href":"https:\/\/sonatacustom.com\/es\/wp-json\/wp\/v2\/comments?post=328"}],"version-history":[{"count":28,"href":"https:\/\/sonatacustom.com\/es\/wp-json\/wp\/v2\/pages\/328\/revisions"}],"predecessor-version":[{"id":3231,"href":"https:\/\/sonatacustom.com\/es\/wp-json\/wp\/v2\/pages\/328\/revisions\/3231"}],"wp:attachment":[{"href":"https:\/\/sonatacustom.com\/es\/wp-json\/wp\/v2\/media?parent=328"}],"curies":[{"name":"wp","href":"https:\/\/api.w.org\/{rel}","templated":true}]}}