{"id":325,"date":"2025-03-18T16:29:11","date_gmt":"2025-03-18T16:29:11","guid":{"rendered":"https:\/\/\/home\/"},"modified":"2025-03-13T10:36:51","modified_gmt":"2025-03-13T10:36:51","slug":"pagina-principal","status":"publish","type":"page","link":"https:\/\/sonatacustom.com\/es\/","title":{"rendered":"P\u00e1gina principal"},"content":{"rendered":"\n<div class=\"wp-block-cover alignwide is-light has-parallax is-repeated\" style=\"min-height:421px;aspect-ratio:unset;\"><span aria-hidden=\"true\" class=\"wp-block-cover__background has-background-dim-0 has-background-dim\" style=\"background-color:#8d827b\"><\/span><div class=\"wp-block-cover__image-background wp-image-2472 has-parallax is-repeated\" style=\"background-position:50% 50%;background-image:url(https:\/\/sonatacustom.com\/wp-content\/uploads\/2025\/03\/fondo_virutas-scaled.jpg)\"><\/div><div class=\"wp-block-cover__inner-container is-layout-flow wp-block-cover-is-layout-flow\">\n<p class=\"has-text-align-center has-large-font-size\"><\/p>\n<\/div><\/div>\n\n\n\n<div class=\"wp-block-uagb-container uagb-block-d0d95ddb alignfull uagb-is-root-container\"><div class=\"uagb-container-inner-blocks-wrap\">\n<div class=\"wp-block-uagb-container uagb-block-1fe8315a\">\n<div class=\"wp-block-uagb-advanced-heading uagb-block-396a3aea\"><h4 class=\"uagb-heading-text\">Los productos de Sonata Custom se enfocan en las posibilidades de personalizaci\u00f3n<\/h4><\/div>\n\n\n\n<p>Un producto especialmente dise\u00f1ado para ti sin duda es algo especial. Para que tengas la mejor experiencia haciendo m\u00fasica, t\u00fa decides c\u00f3mo va a ser tu instrumento.<\/p>\n\n\n\n<p>Puedes visitar la tienda y escoger entre las opciones preconfiguradas. Si necesitas algo m\u00e1s espec\u00edfico, utiliza el formulario de producto personalizado, donde podr\u00e1s describir con todo lujo de detalles c\u00f3mo quieres que sea el instrumento que fabrique para ti.<\/p>\n\n\n\n<div class=\"wp-block-buttons is-content-justification-center is-layout-flex wp-container-core-buttons-is-layout-b5994976 wp-block-buttons-is-layout-flex\">\n<div class=\"wp-block-button has-custom-width wp-block-button__width-50\"><a class=\"wp-block-button__link wp-element-button\" href=\"https:\/\/sonatacustom.com\/tienda\/\">Tienda<\/a><\/div>\n\n\n\n<div class=\"wp-block-button has-custom-width wp-block-button__width-50\"><a class=\"wp-block-button__link wp-element-button\" href=\"https:\/\/sonatacustom.com\/producto-personalizado\/\">Personaliza tu producto<\/a><\/div>\n<\/div>\n<\/div>\n\n\n\n<div class=\"wp-block-uagb-container uagb-block-d01c4098\">\n<figure class=\"wp-block-image size-large\"><img loading=\"lazy\" decoding=\"async\" width=\"1024\" height=\"683\" src=\"https:\/\/sonatacustom.com\/wp-content\/uploads\/2025\/03\/cepillo_detalle-1024x683.jpg\" alt=\"\" class=\"wp-image-2471\" srcset=\"https:\/\/sonatacustom.com\/wp-content\/uploads\/2025\/03\/cepillo_detalle-1024x683.jpg 1024w, https:\/\/sonatacustom.com\/wp-content\/uploads\/2025\/03\/cepillo_detalle-300x200.jpg 300w, https:\/\/sonatacustom.com\/wp-content\/uploads\/2025\/03\/cepillo_detalle-scaled-600x400.jpg 600w, https:\/\/sonatacustom.com\/wp-content\/uploads\/2025\/03\/cepillo_detalle-768x512.jpg 768w, https:\/\/sonatacustom.com\/wp-content\/uploads\/2025\/03\/cepillo_detalle-1536x1024.jpg 1536w, https:\/\/sonatacustom.com\/wp-content\/uploads\/2025\/03\/cepillo_detalle-2048x1365.jpg 2048w\" sizes=\"auto, (max-width: 1024px) 100vw, 1024px\" \/><\/figure>\n<\/div>\n<\/div><\/div>\n\n\n\n<div class=\"wp-block-cover aligncenter is-light has-parallax is-repeated\" style=\"min-height:50px;aspect-ratio:unset;\"><span aria-hidden=\"true\" class=\"wp-block-cover__background has-background-dim\" style=\"background-color:#8d827b\"><\/span><div class=\"wp-block-cover__image-background wp-image-2472 has-parallax is-repeated\" style=\"background-position:50% 50%;background-image:url(https:\/\/sonatacustom.com\/wp-content\/uploads\/2025\/03\/fondo_virutas-scaled.jpg)\"><\/div><div class=\"wp-block-cover__inner-container is-layout-flow wp-block-cover-is-layout-flow\">\n<p class=\"has-text-align-center has-large-font-size\"><\/p>\n<\/div><\/div>\n\n\n\n<div class=\"wp-block-uagb-container uagb-layout-grid uagb-block-e94db61c alignfull uagb-is-root-container\"><div class=\"uagb-container-inner-blocks-wrap\">\n<div class=\"wp-block-uagb-container uagb-block-c687d0d0\">\n<figure class=\"wp-block-image aligncenter size-large\"><img loading=\"lazy\" decoding=\"async\" width=\"1024\" height=\"683\" src=\"https:\/\/sonatacustom.com\/wp-content\/uploads\/2025\/03\/nest_kit_18_dentro-1024x683.jpg\" alt=\"\" class=\"wp-image-2670\" srcset=\"https:\/\/sonatacustom.com\/wp-content\/uploads\/2025\/03\/nest_kit_18_dentro-1024x683.jpg 1024w, https:\/\/sonatacustom.com\/wp-content\/uploads\/2025\/03\/nest_kit_18_dentro-300x200.jpg 300w, https:\/\/sonatacustom.com\/wp-content\/uploads\/2025\/03\/nest_kit_18_dentro-scaled-600x400.jpg 600w, https:\/\/sonatacustom.com\/wp-content\/uploads\/2025\/03\/nest_kit_18_dentro-768x512.jpg 768w, https:\/\/sonatacustom.com\/wp-content\/uploads\/2025\/03\/nest_kit_18_dentro-1536x1024.jpg 1536w, https:\/\/sonatacustom.com\/wp-content\/uploads\/2025\/03\/nest_kit_18_dentro-2048x1365.jpg 2048w\" sizes=\"auto, (max-width: 1024px) 100vw, 1024px\" \/><\/figure>\n<\/div>\n\n\n\n<div class=\"wp-block-uagb-container uagb-block-bd4310c1\">\n<div class=\"wp-block-uagb-advanced-heading uagb-block-7f3e3783\"><h4 class=\"uagb-heading-text\">\u00bfTienes dudas de c\u00f3mo un producto se puede adaptar a ti? <\/h4><\/div>\n\n\n\n<p>Si no tienes claro c\u00f3mo conseguir que tu instrumento se adapte a tus necesidades o quieres consultar los tipos de personalizaci\u00f3n disponibles, he elaborado una serie de gu\u00edas de compra para cada producto. En ellas te explico detalladamente c\u00f3mo se construyen los instrumentos de Sonata Custom y qu\u00e9 modificaciones sobre los dise\u00f1os se pueden hacer. Adem\u00e1s, si tienes dudas que las gu\u00edas no consigan resolver, puedes contactar conmigo y te ayudar\u00e9 a que tu instrumento se adapte perfectamente a tus gustos y necesidades.<\/p>\n\n\n\n<div class=\"wp-block-buttons is-content-justification-center is-layout-flex wp-container-core-buttons-is-layout-b5994976 wp-block-buttons-is-layout-flex\">\n<div class=\"wp-block-button has-custom-width wp-block-button__width-75\"><a class=\"wp-block-button__link wp-element-button\" href=\"https:\/\/sonatacustom.com\/guias-de-compra\/\">Gu\u00edas de compra<\/a><\/div>\n<\/div>\n<\/div>\n<\/div><\/div>\n\n\n\n<div class=\"wp-block-cover is-light has-parallax is-repeated\" style=\"min-height:50px;aspect-ratio:unset;\"><span aria-hidden=\"true\" class=\"wp-block-cover__background has-background-dim\" style=\"background-color:#8d827b\"><\/span><div class=\"wp-block-cover__image-background wp-image-2472 has-parallax is-repeated\" style=\"background-position:50% 50%;background-image:url(https:\/\/sonatacustom.com\/wp-content\/uploads\/2025\/03\/fondo_virutas-scaled.jpg)\"><\/div><div class=\"wp-block-cover__inner-container is-layout-constrained wp-block-cover-is-layout-constrained\">\n<p class=\"has-text-align-center has-large-font-size\"><\/p>\n<\/div><\/div>\n\n\n\n<div class=\"wp-block-uagb-container uagb-layout-grid uagb-block-33e6d0af alignfull uagb-is-root-container\"><div class=\"uagb-container-inner-blocks-wrap\">\n<div class=\"wp-block-uagb-container uagb-block-166dae3e\">\n<div class=\"wp-block-uagb-advanced-heading uagb-block-68396397\"><h4 class=\"uagb-heading-text\">\u00bfQuieres conocer al artesano?<\/h4><\/div>\n\n\n\n<p>Visita la p\u00e1gina \u00absobre m\u00ed\u00bb si quieres saber un poco m\u00e1s sobre qui\u00e9n fabrica los productos de Sonata Custom.<\/p>\n\n\n\n<div class=\"wp-block-buttons is-content-justification-center is-layout-flex wp-container-core-buttons-is-layout-b5994976 wp-block-buttons-is-layout-flex\">\n<div class=\"wp-block-button has-custom-width wp-block-button__width-75\"><a class=\"wp-block-button__link wp-element-button\" href=\"https:\/\/sonatacustom.com\/sobre-mi\/\">Sobre m\u00ed<\/a><\/div>\n<\/div>\n<\/div>\n\n\n\n<div class=\"wp-block-uagb-container uagb-block-bfd5f415\">\n<figure class=\"wp-block-image size-large\"><img loading=\"lazy\" decoding=\"async\" width=\"1024\" height=\"739\" src=\"https:\/\/sonatacustom.com\/wp-content\/uploads\/2025\/03\/sierra_mesa-scaled-e1741790810129-1024x739.jpg\" alt=\"\" class=\"wp-image-2474\" srcset=\"https:\/\/sonatacustom.com\/wp-content\/uploads\/2025\/03\/sierra_mesa-scaled-e1741790810129-1024x739.jpg 1024w, https:\/\/sonatacustom.com\/wp-content\/uploads\/2025\/03\/sierra_mesa-scaled-e1741790810129-300x217.jpg 300w, https:\/\/sonatacustom.com\/wp-content\/uploads\/2025\/03\/sierra_mesa-scaled-e1741790810129-600x433.jpg 600w, https:\/\/sonatacustom.com\/wp-content\/uploads\/2025\/03\/sierra_mesa-scaled-e1741790810129-768x554.jpg 768w, https:\/\/sonatacustom.com\/wp-content\/uploads\/2025\/03\/sierra_mesa-scaled-e1741790810129.jpg 1330w\" sizes=\"auto, (max-width: 1024px) 100vw, 1024px\" \/><\/figure>\n<\/div>\n<\/div><\/div>\n\n\n\n<div class=\"wp-block-cover is-light has-parallax is-repeated\" style=\"min-height:50px;aspect-ratio:unset;\"><span aria-hidden=\"true\" class=\"wp-block-cover__background has-background-dim\" style=\"background-color:#8d827b\"><\/span><div class=\"wp-block-cover__image-background wp-image-2472 has-parallax is-repeated\" style=\"background-position:50% 50%;background-image:url(https:\/\/sonatacustom.com\/wp-content\/uploads\/2025\/03\/fondo_virutas-scaled.jpg)\"><\/div><div class=\"wp-block-cover__inner-container is-layout-constrained wp-block-cover-is-layout-constrained\">\n<p class=\"has-text-align-center has-large-font-size\"><\/p>\n<\/div><\/div>\n\n\n\n<div class=\"wp-block-uagb-container uagb-layout-grid uagb-block-b24ba2ab alignfull uagb-is-root-container\"><div class=\"uagb-container-inner-blocks-wrap\">\n<div class=\"wp-block-uagb-container uagb-block-832cf12d\">\n<figure class=\"wp-block-image size-large\"><img loading=\"lazy\" decoding=\"async\" width=\"1024\" height=\"683\" src=\"https:\/\/sonatacustom.com\/wp-content\/uploads\/2025\/03\/cepillo_3-1024x683.jpg\" alt=\"\" class=\"wp-image-2552\" srcset=\"https:\/\/sonatacustom.com\/wp-content\/uploads\/2025\/03\/cepillo_3-1024x683.jpg 1024w, https:\/\/sonatacustom.com\/wp-content\/uploads\/2025\/03\/cepillo_3-300x200.jpg 300w, https:\/\/sonatacustom.com\/wp-content\/uploads\/2025\/03\/cepillo_3-scaled-600x400.jpg 600w, https:\/\/sonatacustom.com\/wp-content\/uploads\/2025\/03\/cepillo_3-768x512.jpg 768w, https:\/\/sonatacustom.com\/wp-content\/uploads\/2025\/03\/cepillo_3-1536x1024.jpg 1536w, https:\/\/sonatacustom.com\/wp-content\/uploads\/2025\/03\/cepillo_3-2048x1365.jpg 2048w\" sizes=\"auto, (max-width: 1024px) 100vw, 1024px\" \/><\/figure>\n<\/div>\n\n\n\n<div class=\"wp-block-uagb-container uagb-block-497765bd\">\n<div class=\"wp-block-uagb-advanced-heading uagb-block-84522dcb\"><h4 class=\"uagb-heading-text\">Consulta las novedades<\/h4><\/div>\n\n\n\n<p>Como artesano siempre aspiro a mejorar continuamente. Adem\u00e1s de la pr\u00e1ctica constante, que mejora mis habilidades para dar forma a la madera, intento optimizar mis dise\u00f1os tanto funcional como est\u00e9ticamente. Por limitaciones pr\u00e1cticas no puedo actualizar todas las fotos de la tienda ante peque\u00f1os cambios de dise\u00f1o, as\u00ed que los muestro en la p\u00e1gina de noticias.<\/p>\n\n\n\n<div class=\"wp-block-buttons is-content-justification-center is-layout-flex wp-container-core-buttons-is-layout-b5994976 wp-block-buttons-is-layout-flex\">\n<div class=\"wp-block-button has-custom-width wp-block-button__width-75\"><a class=\"wp-block-button__link wp-element-button\" href=\"https:\/\/sonatacustom.com\/noticias\/\">Noticias<\/a><\/div>\n<\/div>\n<\/div>\n<\/div><\/div>\n\n\n\n<div class=\"wp-block-cover is-light has-parallax is-repeated\" style=\"min-height:50px;aspect-ratio:unset;\"><span aria-hidden=\"true\" class=\"wp-block-cover__background has-background-dim\" style=\"background-color:#8d827b\"><\/span><div class=\"wp-block-cover__image-background wp-image-2472 has-parallax is-repeated\" style=\"background-position:50% 50%;background-image:url(https:\/\/sonatacustom.com\/wp-content\/uploads\/2025\/03\/fondo_virutas-scaled.jpg)\"><\/div><div class=\"wp-block-cover__inner-container is-layout-constrained wp-block-cover-is-layout-constrained\">\n<p class=\"has-text-align-center has-large-font-size\"><\/p>\n<\/div><\/div>\n\n\n\n<div class=\"wp-block-uagb-container uagb-layout-grid uagb-block-efcd5777 alignfull uagb-is-root-container\"><div class=\"uagb-container-inner-blocks-wrap\">\n<div class=\"wp-block-uagb-container uagb-block-828f8d9a\">\n<div class=\"wp-block-uagb-advanced-heading uagb-block-5a8c7717\"><h4 class=\"uagb-heading-text\">Fabricaci\u00f3n de precisi\u00f3n y calidad<\/h4><\/div>\n\n\n\n<p>Todos los productos de Sonata Custom est\u00e1n fabricados con un alto est\u00e1ndar de calidad y no se deja ning\u00fan detalle al azar. Desde la selecci\u00f3n de las mejores maderas hasta el ensamblaje final, todo se hace con la mayor atenci\u00f3n al detalle.<\/p>\n<\/div>\n<\/div><\/div>\n\n\n\n<p><\/p>\n","protected":false},"excerpt":{"rendered":"<p>Los productos de Sonata Custom se enfocan en las posibilidades de personalizaci\u00f3n Un producto especialmente dise\u00f1ado para ti sin duda es algo especial. Para que tengas la mejor experiencia haciendo m\u00fasica, t\u00fa decides c\u00f3mo va a ser tu instrumento. Puedes visitar la tienda y escoger entre las opciones preconfiguradas. Si necesitas algo m\u00e1s espec\u00edfico, utiliza [&hellip;]<\/p>\n","protected":false},"author":1,"featured_media":0,"parent":0,"menu_order":0,"comment_status":"closed","ping_status":"closed","template":"","meta":{"_uag_custom_page_level_css":"","site-sidebar-layout":"no-sidebar","site-content-layout":"plain-container","ast-site-content-layout":"full-width-container","site-content-style":"unboxed","site-sidebar-style":"unboxed","ast-global-header-display":"","ast-banner-title-visibility":"","ast-main-header-display":"","ast-hfb-above-header-display":"","ast-hfb-below-header-display":"","ast-hfb-mobile-header-display":"","site-post-title":"disabled","ast-breadcrumbs-content":"","ast-featured-img":"disabled","footer-sml-layout":"","ast-disable-related-posts":"","theme-transparent-header-meta":"default","adv-header-id-meta":"","stick-header-meta":"","header-above-stick-meta":"","header-main-stick-meta":"","header-below-stick-meta":"","astra-migrate-meta-layouts":"set","ast-page-background-enabled":"default","ast-page-background-meta":{"desktop":{"background-color":"var(--ast-global-color-4)","background-image":"","background-repeat":"repeat","background-position":"center center","background-size":"auto","background-attachment":"scroll","background-type":"","background-media":"","overlay-type":"","overlay-color":"","overlay-opacity":"","overlay-gradient":""},"tablet":{"background-color":"","background-image":"","background-repeat":"repeat","background-position":"center center","background-size":"auto","background-attachment":"scroll","background-type":"","background-media":"","overlay-type":"","overlay-color":"","overlay-opacity":"","overlay-gradient":""},"mobile":{"background-color":"","background-image":"","background-repeat":"repeat","background-position":"center center","background-size":"auto","background-attachment":"scroll","background-type":"","background-media":"","overlay-type":"","overlay-color":"","overlay-opacity":"","overlay-gradient":""}},"ast-content-background-meta":{"desktop":{"background-color":"var(--ast-global-color-5)","background-image":"","background-repeat":"repeat","background-position":"center center","background-size":"auto","background-attachment":"scroll","background-type":"","background-media":"","overlay-type":"","overlay-color":"","overlay-opacity":"","overlay-gradient":""},"tablet":{"background-color":"var(--ast-global-color-5)","background-image":"","background-repeat":"repeat","background-position":"center center","background-size":"auto","background-attachment":"scroll","background-type":"","background-media":"","overlay-type":"","overlay-color":"","overlay-opacity":"","overlay-gradient":""},"mobile":{"background-color":"var(--ast-global-color-5)","background-image":"","background-repeat":"repeat","background-position":"center center","background-size":"auto","background-attachment":"scroll","background-type":"","background-media":"","overlay-type":"","overlay-color":"","overlay-opacity":"","overlay-gradient":""}},"footnotes":""},"class_list":["post-325","page","type-page","status-publish","hentry"],"uagb_featured_image_src":{"full":false,"thumbnail":false,"medium":false,"medium_large":false,"large":false,"1536x1536":false,"2048x2048":false,"trp-custom-language-flag":false,"woocommerce_thumbnail":false,"woocommerce_single":false,"woocommerce_gallery_thumbnail":false},"uagb_author_info":{"display_name":"Alejandrez","author_link":"https:\/\/sonatacustom.com\/es\/author\/sonatacustomgmail-com\/"},"uagb_comment_info":0,"uagb_excerpt":"Los productos de Sonata Custom se enfocan en las posibilidades de personalizaci\u00f3n Un producto especialmente dise\u00f1ado para ti sin duda es algo especial. Para que tengas la mejor experiencia haciendo m\u00fasica, t\u00fa decides c\u00f3mo va a ser tu instrumento. Puedes visitar la tienda y escoger entre las opciones preconfiguradas. Si necesitas algo m\u00e1s espec\u00edfico, utiliza&hellip;","_links":{"self":[{"href":"https:\/\/sonatacustom.com\/es\/wp-json\/wp\/v2\/pages\/325","targetHints":{"allow":["GET"]}}],"collection":[{"href":"https:\/\/sonatacustom.com\/es\/wp-json\/wp\/v2\/pages"}],"about":[{"href":"https:\/\/sonatacustom.com\/es\/wp-json\/wp\/v2\/types\/page"}],"author":[{"embeddable":true,"href":"https:\/\/sonatacustom.com\/es\/wp-json\/wp\/v2\/users\/1"}],"replies":[{"embeddable":true,"href":"https:\/\/sonatacustom.com\/es\/wp-json\/wp\/v2\/comments?post=325"}],"version-history":[{"count":42,"href":"https:\/\/sonatacustom.com\/es\/wp-json\/wp\/v2\/pages\/325\/revisions"}],"predecessor-version":[{"id":2771,"href":"https:\/\/sonatacustom.com\/es\/wp-json\/wp\/v2\/pages\/325\/revisions\/2771"}],"wp:attachment":[{"href":"https:\/\/sonatacustom.com\/es\/wp-json\/wp\/v2\/media?parent=325"}],"curies":[{"name":"wp","href":"https:\/\/api.w.org\/{rel}","templated":true}]}}