{"id":2981,"date":"2025-07-09T10:31:18","date_gmt":"2025-07-09T10:31:18","guid":{"rendered":"https:\/\/sonatacustom.com\/?page_id=2981"},"modified":"2026-03-04T13:44:34","modified_gmt":"2026-03-04T11:44:34","slug":"guia-cajas-de-bateria-stein-drums","status":"publish","type":"page","link":"https:\/\/sonatacustom.com\/es\/guias-de-compra\/guia-cajas-de-bateria-stein-drums\/","title":{"rendered":"Cajas Stein Drums"},"content":{"rendered":"\n<h2 class=\"wp-block-heading has-text-align-center\"><strong>Cajas de Bater\u00eda Stein Drums<\/strong><\/h2>\n\n\n\n<p>El cat\u00e1logo de cajas de bater\u00eda de Stein Drums ofrece tanto modelos establecidos como productos totalmente personalizados a medida.<\/p>\n\n\n\n<div class=\"wp-block-uagb-container uagb-layout-grid uagb-block-ed44caf6 alignfull uagb-is-root-container\"><div class=\"uagb-container-inner-blocks-wrap\">\n<div class=\"wp-block-uagb-container uagb-block-caf32ddb\">\n<h3 class=\"wp-block-heading\" style=\"margin-right:0\"><strong>\u00bfPor qu\u00e9 elegir una caja Stein Drums?<\/strong><\/h3>\n\n\n\n<ul class=\"wp-block-list\">\n<li>Dise\u00f1o personalizado: Cada caja se fabrica seg\u00fan tus especificaciones y preferencias.<br><\/li>\n\n\n\n<li>Fabricaci\u00f3n artesanal: Hechas a mano en colaboraci\u00f3n con Sonata Custom.<br><\/li>\n\n\n\n<li>Materiales de alta calidad: Utilizamos las mejores maderas y componentes de hardware.<br><\/li>\n\n\n\n<li>Atenci\u00f3n personalizada: Te acompa\u00f1amos en todo el proceso, desde la idea inicial hasta la entrega final.<\/li>\n<\/ul>\n<\/div>\n\n\n\n<div class=\"wp-block-uagb-container uagb-block-c2928608\">\n<figure class=\"wp-block-image size-large\"><img loading=\"lazy\" decoding=\"async\" width=\"1024\" height=\"683\" src=\"https:\/\/sonatacustom.com\/wp-content\/uploads\/2025\/07\/element005_insignia-1024x683.jpg\" alt=\"\" class=\"wp-image-2993\" srcset=\"https:\/\/sonatacustom.com\/wp-content\/uploads\/2025\/07\/element005_insignia-1024x683.jpg 1024w, https:\/\/sonatacustom.com\/wp-content\/uploads\/2025\/07\/element005_insignia-300x200.jpg 300w, https:\/\/sonatacustom.com\/wp-content\/uploads\/2025\/07\/element005_insignia-768x512.jpg 768w, https:\/\/sonatacustom.com\/wp-content\/uploads\/2025\/07\/element005_insignia-1536x1024.jpg 1536w, https:\/\/sonatacustom.com\/wp-content\/uploads\/2025\/07\/element005_insignia-2048x1365.jpg 2048w, https:\/\/sonatacustom.com\/wp-content\/uploads\/2025\/07\/element005_insignia-18x12.jpg 18w, https:\/\/sonatacustom.com\/wp-content\/uploads\/2025\/07\/element005_insignia-600x400.jpg 600w\" sizes=\"auto, (max-width: 1024px) 100vw, 1024px\" \/><\/figure>\n<\/div>\n<\/div><\/div>\n\n\n\n<div class=\"wp-block-uagb-container uagb-layout-grid uagb-block-e0d8f887 alignfull uagb-is-root-container\"><div class=\"uagb-container-inner-blocks-wrap\">\n<div class=\"wp-block-uagb-container uagb-block-b4684887\">\n<figure class=\"wp-block-image size-large\"><img loading=\"lazy\" decoding=\"async\" width=\"1024\" height=\"768\" src=\"https:\/\/sonatacustom.com\/wp-content\/uploads\/2025\/07\/IMG_20240316_125730-1024x768.jpg\" alt=\"\" class=\"wp-image-3039\" srcset=\"https:\/\/sonatacustom.com\/wp-content\/uploads\/2025\/07\/IMG_20240316_125730-1024x768.jpg 1024w, https:\/\/sonatacustom.com\/wp-content\/uploads\/2025\/07\/IMG_20240316_125730-300x225.jpg 300w, https:\/\/sonatacustom.com\/wp-content\/uploads\/2025\/07\/IMG_20240316_125730-768x576.jpg 768w, https:\/\/sonatacustom.com\/wp-content\/uploads\/2025\/07\/IMG_20240316_125730-1536x1152.jpg 1536w, https:\/\/sonatacustom.com\/wp-content\/uploads\/2025\/07\/IMG_20240316_125730-2048x1536.jpg 2048w, https:\/\/sonatacustom.com\/wp-content\/uploads\/2025\/07\/IMG_20240316_125730-16x12.jpg 16w, https:\/\/sonatacustom.com\/wp-content\/uploads\/2025\/07\/IMG_20240316_125730-600x450.jpg 600w\" sizes=\"auto, (max-width: 1024px) 100vw, 1024px\" \/><\/figure>\n<\/div>\n\n\n\n<div class=\"wp-block-uagb-container uagb-block-c10d8730\">\n<h3 class=\"wp-block-heading\"><strong>Especificaciones personalizables<\/strong><\/h3>\n\n\n\n<ul class=\"wp-block-list\">\n<li>Dimensiones: Elige el di\u00e1metro y la profundidad que mejor se adapten a tu estilo.<br><\/li>\n\n\n\n<li>Diferentes maderas y metales: Opciones como arce, nogal, abedul, lat\u00f3n, aluminio o cobre entre otras, preg\u00fantanos si disponemos de tu opci\u00f3n.<br><\/li>\n\n\n\n<li>Acabados: Desde barnices naturales, colores planos efectos marmolados, hasta acabados personalizados.<br><\/li>\n\n\n\n<li>Herrajes: Selecciona el tipo de bellotas, aros y sistema bordonero que prefieras.<\/li>\n<\/ul>\n<\/div>\n<\/div><\/div>\n\n\n\n<div class=\"wp-block-uagb-container uagb-layout-grid uagb-block-f0073fdf alignfull uagb-is-root-container\"><div class=\"uagb-container-inner-blocks-wrap\">\n<div class=\"wp-block-uagb-container uagb-block-d567fa44\">\n<h3 class=\"wp-block-heading\"><strong>\u00bfC\u00f3mo realizar tu pedido?<\/strong><\/h3>\n\n\n\n<ol class=\"wp-block-list\">\n<li>Contacto inicial: Contesta al <a href=\"https:\/\/forms.gle\/989m7yHBBCtaYfUA9\">formulario de personalizaci\u00f3n<\/a> y nos pondremos en contacto contigo para concretar o bien escr\u00edbenos a contacto.steindrums@gmail.com con tu idea o dudas.<\/li>\n\n\n\n<li>Asesoramiento personalizado: Te ayudaremos a definir las especificaciones de tu caja, si tienes dudas.<br><\/li>\n\n\n\n<li>Presupuesto y tiempos: Te proporcionaremos un presupuesto detallado y el tiempo estimado de fabricaci\u00f3n.<br><\/li>\n\n\n\n<li>Confirmaci\u00f3n y fabricaci\u00f3n: Una vez aprobado y pagado por adelantado, comenzaremos la fabricaci\u00f3n de tu caja.&nbsp;<\/li>\n\n\n\n<li>&nbsp;Recepci\u00f3n del pedido<strong>:<\/strong> En cuanto se termine la fabricaci\u00f3n, se entregar\u00e1 en mano o se enviar\u00e1 por paqueter\u00eda seg\u00fan nos indiques.<\/li>\n<\/ol>\n<\/div>\n\n\n\n<div class=\"wp-block-uagb-container uagb-block-52cda597\">\n<figure class=\"wp-block-image size-full\"><img loading=\"lazy\" decoding=\"async\" width=\"779\" height=\"859\" src=\"https:\/\/sonatacustom.com\/wp-content\/uploads\/2025\/07\/Isi_1-1.jpg\" alt=\"\" class=\"wp-image-3045\" srcset=\"https:\/\/sonatacustom.com\/wp-content\/uploads\/2025\/07\/Isi_1-1.jpg 779w, https:\/\/sonatacustom.com\/wp-content\/uploads\/2025\/07\/Isi_1-1-272x300.jpg 272w, https:\/\/sonatacustom.com\/wp-content\/uploads\/2025\/07\/Isi_1-1-768x847.jpg 768w, https:\/\/sonatacustom.com\/wp-content\/uploads\/2025\/07\/Isi_1-1-11x12.jpg 11w, https:\/\/sonatacustom.com\/wp-content\/uploads\/2025\/07\/Isi_1-1-300x331.jpg 300w, https:\/\/sonatacustom.com\/wp-content\/uploads\/2025\/07\/Isi_1-1-600x662.jpg 600w\" sizes=\"auto, (max-width: 779px) 100vw, 779px\" \/><\/figure>\n<\/div>\n<\/div><\/div>\n\n\n\n<div class=\"wp-block-buttons is-content-justification-center is-layout-flex wp-container-core-buttons-is-layout-0c7c6a7f wp-block-buttons-is-layout-flex\" style=\"margin-top:var(--wp--preset--spacing--40)\">\n<div class=\"wp-block-button has-custom-width wp-block-button__width-50 is-style-outline is-style-outline--1\"><a class=\"wp-block-button__link wp-element-button\" href=\"https:\/\/forms.gle\/989m7yHBBCtaYfUA9\" style=\"padding-top:var(--wp--preset--spacing--30);padding-bottom:var(--wp--preset--spacing--30)\">Formulario de personalizaci\u00f3n<\/a><\/div>\n<\/div>\n\n\n\n<h3 class=\"wp-block-heading has-text-align-center\" style=\"margin-top:var(--wp--preset--spacing--70);margin-bottom:var(--wp--preset--spacing--30)\">Contacto<\/h3>\n\n\n\n<p class=\"has-text-align-center\">Puedes contactarnos por correo (contacto.steindrums@gmail.com) o instagram.<\/p>\n\n\n\n<div class=\"wp-block-uagb-container uagb-layout-grid uagb-block-f63c5e29 alignfull uagb-is-root-container\"><div class=\"uagb-container-inner-blocks-wrap\">\n<div class=\"wp-block-uagb-container uagb-block-bf6d3106\">\n<figure class=\"wp-block-image size-thumbnail\" style=\"margin-top:0;margin-right:0;margin-bottom:0;margin-left:0\"><a href=\"mailto:contacto.steindrums@gmail.com\"><img loading=\"lazy\" decoding=\"async\" width=\"150\" height=\"150\" src=\"https:\/\/sonatacustom.com\/wp-content\/uploads\/2025\/07\/Logo-email-150x150.jpg\" alt=\"\" class=\"wp-image-3032\" srcset=\"https:\/\/sonatacustom.com\/wp-content\/uploads\/2025\/07\/Logo-email-150x150.jpg 150w, https:\/\/sonatacustom.com\/wp-content\/uploads\/2025\/07\/Logo-email-300x300.jpg 300w, https:\/\/sonatacustom.com\/wp-content\/uploads\/2025\/07\/Logo-email-768x768.jpg 768w, https:\/\/sonatacustom.com\/wp-content\/uploads\/2025\/07\/Logo-email-12x12.jpg 12w, https:\/\/sonatacustom.com\/wp-content\/uploads\/2025\/07\/Logo-email-600x600.jpg 600w, https:\/\/sonatacustom.com\/wp-content\/uploads\/2025\/07\/Logo-email-100x100.jpg 100w, https:\/\/sonatacustom.com\/wp-content\/uploads\/2025\/07\/Logo-email.jpg 980w\" sizes=\"auto, (max-width: 150px) 100vw, 150px\" \/><\/a><\/figure>\n<\/div>\n\n\n\n<div class=\"wp-block-uagb-container uagb-block-9b30743f\">\n<figure class=\"wp-block-image aligncenter size-thumbnail\"><a href=\"https:\/\/www.instagram.com\/steindrums\"><img loading=\"lazy\" decoding=\"async\" width=\"150\" height=\"150\" src=\"https:\/\/sonatacustom.com\/wp-content\/uploads\/2025\/07\/g63d7ca15f4205e5f545332b02f318568dcc9154c7cad8875e227ac7a4be06152d254cd8fed66dd6dd0c4e15431645c50516a60a3062df1eee21b5005dbaebe14_1280-7105561-edited-150x150.png\" alt=\"logo, instagram, internet, business, facebook, brand, transparent, instagram, instagram, instagram, instagram, instagram\" class=\"wp-image-3031\" srcset=\"https:\/\/sonatacustom.com\/wp-content\/uploads\/2025\/07\/g63d7ca15f4205e5f545332b02f318568dcc9154c7cad8875e227ac7a4be06152d254cd8fed66dd6dd0c4e15431645c50516a60a3062df1eee21b5005dbaebe14_1280-7105561-edited-150x150.png 150w, https:\/\/sonatacustom.com\/wp-content\/uploads\/2025\/07\/g63d7ca15f4205e5f545332b02f318568dcc9154c7cad8875e227ac7a4be06152d254cd8fed66dd6dd0c4e15431645c50516a60a3062df1eee21b5005dbaebe14_1280-7105561-edited-300x300.png 300w, https:\/\/sonatacustom.com\/wp-content\/uploads\/2025\/07\/g63d7ca15f4205e5f545332b02f318568dcc9154c7cad8875e227ac7a4be06152d254cd8fed66dd6dd0c4e15431645c50516a60a3062df1eee21b5005dbaebe14_1280-7105561-edited-12x12.png 12w, https:\/\/sonatacustom.com\/wp-content\/uploads\/2025\/07\/g63d7ca15f4205e5f545332b02f318568dcc9154c7cad8875e227ac7a4be06152d254cd8fed66dd6dd0c4e15431645c50516a60a3062df1eee21b5005dbaebe14_1280-7105561-edited-600x599.png 600w, https:\/\/sonatacustom.com\/wp-content\/uploads\/2025\/07\/g63d7ca15f4205e5f545332b02f318568dcc9154c7cad8875e227ac7a4be06152d254cd8fed66dd6dd0c4e15431645c50516a60a3062df1eee21b5005dbaebe14_1280-7105561-edited-100x100.png 100w, https:\/\/sonatacustom.com\/wp-content\/uploads\/2025\/07\/g63d7ca15f4205e5f545332b02f318568dcc9154c7cad8875e227ac7a4be06152d254cd8fed66dd6dd0c4e15431645c50516a60a3062df1eee21b5005dbaebe14_1280-7105561-edited.png 721w\" sizes=\"auto, (max-width: 150px) 100vw, 150px\" \/><\/a><\/figure>\n<\/div>\n<\/div><\/div>\n\n\n\n<p><\/p>\n\n\n\n<p><\/p>\n","protected":false},"excerpt":{"rendered":"<p>Cajas de Bater\u00eda Stein Drums El cat\u00e1logo de cajas de bater\u00eda de Stein Drums ofrece tanto modelos establecidos como productos totalmente personalizados a medida. \u00bfPor qu\u00e9 elegir una caja Stein Drums? Especificaciones personalizables \u00bfC\u00f3mo realizar tu pedido? Contacto Puedes contactarnos por correo (contacto.steindrums@gmail.com) o instagram.<\/p>\n","protected":false},"author":1,"featured_media":0,"parent":1840,"menu_order":0,"comment_status":"closed","ping_status":"closed","template":"","meta":{"_uag_custom_page_level_css":"","site-sidebar-layout":"default","site-content-layout":"","ast-site-content-layout":"default","site-content-style":"default","site-sidebar-style":"default","ast-global-header-display":"","ast-banner-title-visibility":"","ast-main-header-display":"","ast-hfb-above-header-display":"","ast-hfb-below-header-display":"","ast-hfb-mobile-header-display":"","site-post-title":"","ast-breadcrumbs-content":"","ast-featured-img":"","footer-sml-layout":"","theme-transparent-header-meta":"","adv-header-id-meta":"","stick-header-meta":"","header-above-stick-meta":"","header-main-stick-meta":"","header-below-stick-meta":"","astra-migrate-meta-layouts":"set","ast-page-background-enabled":"default","ast-page-background-meta":{"desktop":{"background-color":"var(--ast-global-color-4)","background-image":"","background-repeat":"repeat","background-position":"center center","background-size":"auto","background-attachment":"scroll","background-type":"","background-media":"","overlay-type":"","overlay-color":"","overlay-opacity":"","overlay-gradient":""},"tablet":{"background-color":"","background-image":"","background-repeat":"repeat","background-position":"center center","background-size":"auto","background-attachment":"scroll","background-type":"","background-media":"","overlay-type":"","overlay-color":"","overlay-opacity":"","overlay-gradient":""},"mobile":{"background-color":"","background-image":"","background-repeat":"repeat","background-position":"center center","background-size":"auto","background-attachment":"scroll","background-type":"","background-media":"","overlay-type":"","overlay-color":"","overlay-opacity":"","overlay-gradient":""}},"ast-content-background-meta":{"desktop":{"background-color":"var(--ast-global-color-5)","background-image":"","background-repeat":"repeat","background-position":"center center","background-size":"auto","background-attachment":"scroll","background-type":"","background-media":"","overlay-type":"","overlay-color":"","overlay-opacity":"","overlay-gradient":""},"tablet":{"background-color":"var(--ast-global-color-5)","background-image":"","background-repeat":"repeat","background-position":"center center","background-size":"auto","background-attachment":"scroll","background-type":"","background-media":"","overlay-type":"","overlay-color":"","overlay-opacity":"","overlay-gradient":""},"mobile":{"background-color":"var(--ast-global-color-5)","background-image":"","background-repeat":"repeat","background-position":"center center","background-size":"auto","background-attachment":"scroll","background-type":"","background-media":"","overlay-type":"","overlay-color":"","overlay-opacity":"","overlay-gradient":""}},"footnotes":""},"class_list":["post-2981","page","type-page","status-publish","hentry"],"uagb_featured_image_src":{"full":false,"thumbnail":false,"medium":false,"medium_large":false,"large":false,"1536x1536":false,"2048x2048":false,"trp-custom-language-flag":false,"woocommerce_thumbnail":false,"woocommerce_single":false,"woocommerce_gallery_thumbnail":false},"uagb_author_info":{"display_name":"Alejandrez","author_link":"https:\/\/sonatacustom.com\/es\/author\/sonatacustomgmail-com\/"},"uagb_comment_info":0,"uagb_excerpt":"Cajas de Bater\u00eda Stein Drums El cat\u00e1logo de cajas de bater\u00eda de Stein Drums ofrece tanto modelos establecidos como productos totalmente personalizados a medida. \u00bfPor qu\u00e9 elegir una caja Stein Drums? Especificaciones personalizables \u00bfC\u00f3mo realizar tu pedido? Contacto Puedes contactarnos por correo (contacto.steindrums@gmail.com) o instagram.","_links":{"self":[{"href":"https:\/\/sonatacustom.com\/es\/wp-json\/wp\/v2\/pages\/2981","targetHints":{"allow":["GET"]}}],"collection":[{"href":"https:\/\/sonatacustom.com\/es\/wp-json\/wp\/v2\/pages"}],"about":[{"href":"https:\/\/sonatacustom.com\/es\/wp-json\/wp\/v2\/types\/page"}],"author":[{"embeddable":true,"href":"https:\/\/sonatacustom.com\/es\/wp-json\/wp\/v2\/users\/1"}],"replies":[{"embeddable":true,"href":"https:\/\/sonatacustom.com\/es\/wp-json\/wp\/v2\/comments?post=2981"}],"version-history":[{"count":29,"href":"https:\/\/sonatacustom.com\/es\/wp-json\/wp\/v2\/pages\/2981\/revisions"}],"predecessor-version":[{"id":3289,"href":"https:\/\/sonatacustom.com\/es\/wp-json\/wp\/v2\/pages\/2981\/revisions\/3289"}],"up":[{"embeddable":true,"href":"https:\/\/sonatacustom.com\/es\/wp-json\/wp\/v2\/pages\/1840"}],"wp:attachment":[{"href":"https:\/\/sonatacustom.com\/es\/wp-json\/wp\/v2\/media?parent=2981"}],"curies":[{"name":"wp","href":"https:\/\/api.w.org\/{rel}","templated":true}]}}