{"id":2348,"date":"2025-03-04T09:41:45","date_gmt":"2025-03-04T09:41:45","guid":{"rendered":"https:\/\/sonatacustom.com\/?page_id=2348"},"modified":"2025-03-19T13:07:31","modified_gmt":"2025-03-19T13:07:31","slug":"soportes-pedales-guitarra","status":"publish","type":"page","link":"https:\/\/sonatacustom.com\/es\/guias-de-compra\/soportes-pedales-guitarra\/","title":{"rendered":"Soportes para pedales de guitarra"},"content":{"rendered":"\n<h2 class=\"wp-block-heading has-text-align-center\">Soportes para pedales de guitarra<\/h2>\n\n\n\n<p>Si quieres una soluci\u00f3n integrada para organizar todos tus pedales de guitarra o bajo, Sonata Custom te ofrece la mejor opci\u00f3n. Estas pedaleras tienen dos superficies frontales de 13 cm de ancho, suficiente para la gran mayor\u00eda de pedales del mercado, adem\u00e1s de una bandeja inferior donde colocar la fuente de alimentaci\u00f3n. \u00c9sta est\u00e1 convenientemente situada para que los cables pasen f\u00e1cilmente a trav\u00e9s de la ranura central hacia los pedales. <\/p>\n\n\n\n<div class=\"wp-block-uagb-container uagb-layout-grid uagb-block-028078d9 alignfull uagb-is-root-container\">\n<div class=\"wp-block-uagb-container uagb-block-3ce4bfcf\">\n<figure class=\"wp-block-image size-full is-style-default\"><img loading=\"lazy\" decoding=\"async\" width=\"2560\" height=\"807\" src=\"https:\/\/sonatacustom.com\/wp-content\/uploads\/2025\/03\/soporte_pedales_50_guia1-scaled.jpg\" alt=\"\" class=\"wp-image-2350\" srcset=\"https:\/\/sonatacustom.com\/wp-content\/uploads\/2025\/03\/soporte_pedales_50_guia1-scaled.jpg 2560w, https:\/\/sonatacustom.com\/wp-content\/uploads\/2025\/03\/soporte_pedales_50_guia1-300x95.jpg 300w, https:\/\/sonatacustom.com\/wp-content\/uploads\/2025\/03\/soporte_pedales_50_guia1-scaled-600x189.jpg 600w, https:\/\/sonatacustom.com\/wp-content\/uploads\/2025\/03\/soporte_pedales_50_guia1-1024x323.jpg 1024w, https:\/\/sonatacustom.com\/wp-content\/uploads\/2025\/03\/soporte_pedales_50_guia1-768x242.jpg 768w, https:\/\/sonatacustom.com\/wp-content\/uploads\/2025\/03\/soporte_pedales_50_guia1-1536x484.jpg 1536w, https:\/\/sonatacustom.com\/wp-content\/uploads\/2025\/03\/soporte_pedales_50_guia1-2048x646.jpg 2048w\" sizes=\"auto, (max-width: 2560px) 100vw, 2560px\" \/><\/figure>\n<\/div>\n\n\n\n<div class=\"wp-block-uagb-container uagb-layout-flex uagb-block-aa573280\">\n<p>Entre las opciones disponibles en la tienda se incluyen dos posibilidades de fuentes de alimentaci\u00f3n. Las Fender Engine Room LVL12 o LVL8 son fuentes de alimentaci\u00f3n de muy alta calidad cuyo dise\u00f1o es muy adecuado para ser integradas en pedaleras de este estilo. Si eliges una de ellas, tu pedalera incluir\u00e1 dicha fuente de alimentaci\u00f3n ya instalada, con una elegante tapa a medida de la fuente de alimentaci\u00f3n tapando el hueco trasero.<\/p>\n<\/div>\n<\/div>\n\n\n\n<p>Junto con la pedalera se enviar\u00e1 la caja de la fuente de alimentaci\u00f3n y todos los accesorios que \u00e9sta trae, adem\u00e1s de \u00fatiles para organizar los cables. La fuente de alimentaci\u00f3n va adherida a la madera con cinta de doble cara de muy alta resistencia, pero se puede retirar de la pedalera de ser necesario. Por \u00faltimo, si ya tienes una fuente de alimentaci\u00f3n o quieres utilizar otro modelo, puedes encargarla con la bandeja vac\u00eda y colocar en ella la que quieras. Eso s\u00ed, en este caso no se incluir\u00e1 la tapa trasera a medida.<\/p>\n\n\n\n<div class=\"wp-block-uagb-container uagb-block-c0ecb70a alignfull uagb-is-root-container\"><div class=\"uagb-container-inner-blocks-wrap\">\n<div class=\"wp-block-uagb-container uagb-block-8a1d263f\">\n<p>Por defecto las superficies horizontales y la tapa se fabrican con madera de sapelli y los laterales se fabrican con madera de haya, y el acabado final es satinado. En la tienda se ofrecen tres medidas diferentes, 50, 75 y 100 cm. Considero que estas medidas satisfar\u00e1n la mayor\u00eda de necesidades, pero si quieres un soporte de una medida mayor, menor o intermedia, maderas o acabados diferentes, puedes utilizar el <a href=\"https:\/\/sonatacustom.com\/producto-personalizado\/\">formulario de producto personalizado<\/a>.<\/p>\n<\/div>\n\n\n\n<div class=\"wp-block-uagb-container uagb-block-8c7d3230\">\n<figure class=\"wp-block-image size-large\"><img loading=\"lazy\" decoding=\"async\" width=\"2560\" height=\"1439\" src=\"https:\/\/sonatacustom.com\/wp-content\/uploads\/2025\/03\/soporte_pedales_50_detalle1-edited-scaled.jpg\" alt=\"\" class=\"wp-image-2351\" srcset=\"https:\/\/sonatacustom.com\/wp-content\/uploads\/2025\/03\/soporte_pedales_50_detalle1-edited-scaled.jpg 2560w, https:\/\/sonatacustom.com\/wp-content\/uploads\/2025\/03\/soporte_pedales_50_detalle1-edited-300x169.jpg 300w, https:\/\/sonatacustom.com\/wp-content\/uploads\/2025\/03\/soporte_pedales_50_detalle1-edited-scaled-600x337.jpg 600w, https:\/\/sonatacustom.com\/wp-content\/uploads\/2025\/03\/soporte_pedales_50_detalle1-edited-1024x576.jpg 1024w, https:\/\/sonatacustom.com\/wp-content\/uploads\/2025\/03\/soporte_pedales_50_detalle1-edited-768x432.jpg 768w, https:\/\/sonatacustom.com\/wp-content\/uploads\/2025\/03\/soporte_pedales_50_detalle1-edited-1536x863.jpg 1536w, https:\/\/sonatacustom.com\/wp-content\/uploads\/2025\/03\/soporte_pedales_50_detalle1-edited-2048x1151.jpg 2048w\" sizes=\"auto, (max-width: 2560px) 100vw, 2560px\" \/><\/figure>\n<\/div>\n<\/div><\/div>\n\n\n\n<p><\/p>\n","protected":false},"excerpt":{"rendered":"<p>Soportes para pedales de guitarra Si quieres una soluci\u00f3n integrada para organizar todos tus pedales de guitarra o bajo, Sonata Custom te ofrece la mejor opci\u00f3n. Estas pedaleras tienen dos superficies frontales de 13 cm de ancho, suficiente para la gran mayor\u00eda de pedales del mercado, adem\u00e1s de una bandeja inferior donde colocar la fuente [&hellip;]<\/p>\n","protected":false},"author":1,"featured_media":0,"parent":1840,"menu_order":0,"comment_status":"closed","ping_status":"closed","template":"","meta":{"_uag_custom_page_level_css":"","site-sidebar-layout":"default","site-content-layout":"","ast-site-content-layout":"default","site-content-style":"default","site-sidebar-style":"default","ast-global-header-display":"","ast-banner-title-visibility":"","ast-main-header-display":"","ast-hfb-above-header-display":"","ast-hfb-below-header-display":"","ast-hfb-mobile-header-display":"","site-post-title":"","ast-breadcrumbs-content":"","ast-featured-img":"","footer-sml-layout":"","ast-disable-related-posts":"","theme-transparent-header-meta":"","adv-header-id-meta":"","stick-header-meta":"","header-above-stick-meta":"","header-main-stick-meta":"","header-below-stick-meta":"","astra-migrate-meta-layouts":"set","ast-page-background-enabled":"default","ast-page-background-meta":{"desktop":{"background-color":"var(--ast-global-color-4)","background-image":"","background-repeat":"repeat","background-position":"center center","background-size":"auto","background-attachment":"scroll","background-type":"","background-media":"","overlay-type":"","overlay-color":"","overlay-opacity":"","overlay-gradient":""},"tablet":{"background-color":"","background-image":"","background-repeat":"repeat","background-position":"center center","background-size":"auto","background-attachment":"scroll","background-type":"","background-media":"","overlay-type":"","overlay-color":"","overlay-opacity":"","overlay-gradient":""},"mobile":{"background-color":"","background-image":"","background-repeat":"repeat","background-position":"center center","background-size":"auto","background-attachment":"scroll","background-type":"","background-media":"","overlay-type":"","overlay-color":"","overlay-opacity":"","overlay-gradient":""}},"ast-content-background-meta":{"desktop":{"background-color":"var(--ast-global-color-5)","background-image":"","background-repeat":"repeat","background-position":"center center","background-size":"auto","background-attachment":"scroll","background-type":"","background-media":"","overlay-type":"","overlay-color":"","overlay-opacity":"","overlay-gradient":""},"tablet":{"background-color":"var(--ast-global-color-5)","background-image":"","background-repeat":"repeat","background-position":"center center","background-size":"auto","background-attachment":"scroll","background-type":"","background-media":"","overlay-type":"","overlay-color":"","overlay-opacity":"","overlay-gradient":""},"mobile":{"background-color":"var(--ast-global-color-5)","background-image":"","background-repeat":"repeat","background-position":"center center","background-size":"auto","background-attachment":"scroll","background-type":"","background-media":"","overlay-type":"","overlay-color":"","overlay-opacity":"","overlay-gradient":""}},"footnotes":""},"class_list":["post-2348","page","type-page","status-publish","hentry"],"uagb_featured_image_src":{"full":false,"thumbnail":false,"medium":false,"medium_large":false,"large":false,"1536x1536":false,"2048x2048":false,"trp-custom-language-flag":false,"woocommerce_thumbnail":false,"woocommerce_single":false,"woocommerce_gallery_thumbnail":false},"uagb_author_info":{"display_name":"Alejandrez","author_link":"https:\/\/sonatacustom.com\/es\/author\/sonatacustomgmail-com\/"},"uagb_comment_info":0,"uagb_excerpt":"Soportes para pedales de guitarra Si quieres una soluci\u00f3n integrada para organizar todos tus pedales de guitarra o bajo, Sonata Custom te ofrece la mejor opci\u00f3n. Estas pedaleras tienen dos superficies frontales de 13 cm de ancho, suficiente para la gran mayor\u00eda de pedales del mercado, adem\u00e1s de una bandeja inferior donde colocar la fuente&hellip;","_links":{"self":[{"href":"https:\/\/sonatacustom.com\/es\/wp-json\/wp\/v2\/pages\/2348","targetHints":{"allow":["GET"]}}],"collection":[{"href":"https:\/\/sonatacustom.com\/es\/wp-json\/wp\/v2\/pages"}],"about":[{"href":"https:\/\/sonatacustom.com\/es\/wp-json\/wp\/v2\/types\/page"}],"author":[{"embeddable":true,"href":"https:\/\/sonatacustom.com\/es\/wp-json\/wp\/v2\/users\/1"}],"replies":[{"embeddable":true,"href":"https:\/\/sonatacustom.com\/es\/wp-json\/wp\/v2\/comments?post=2348"}],"version-history":[{"count":20,"href":"https:\/\/sonatacustom.com\/es\/wp-json\/wp\/v2\/pages\/2348\/revisions"}],"predecessor-version":[{"id":2841,"href":"https:\/\/sonatacustom.com\/es\/wp-json\/wp\/v2\/pages\/2348\/revisions\/2841"}],"up":[{"embeddable":true,"href":"https:\/\/sonatacustom.com\/es\/wp-json\/wp\/v2\/pages\/1840"}],"wp:attachment":[{"href":"https:\/\/sonatacustom.com\/es\/wp-json\/wp\/v2\/media?parent=2348"}],"curies":[{"name":"wp","href":"https:\/\/api.w.org\/{rel}","templated":true}]}}