{"id":2014,"date":"2025-02-16T18:31:37","date_gmt":"2025-02-16T18:31:37","guid":{"rendered":"https:\/\/sonatacustom.com\/?page_id=2014"},"modified":"2025-10-13T10:12:43","modified_gmt":"2025-10-13T08:12:43","slug":"guia-apoyamanos-para-fagot","status":"publish","type":"page","link":"https:\/\/sonatacustom.com\/es\/guias-de-compra\/guia-apoyamanos-para-fagot\/","title":{"rendered":"Apoyamanos para fagot"},"content":{"rendered":"\n<h2 class=\"wp-block-heading has-text-align-center\">Apoyamanos para fagot<\/h2>\n\n\n\n<div class=\"wp-block-uagb-container uagb-layout-grid uagb-block-fc839349 alignfull uagb-is-root-container\">\n<div class=\"wp-block-uagb-container uagb-layout-grid uagb-block-c7192590\">\n<p>El apoyamanos, reposamanos o muleta del fagot es el elemento ergon\u00f3mico m\u00e1s importante del instrumento. Un buen apoyamanos puede ser la diferencia entre tocar c\u00f3modamente o desarrollar dolor en la mu\u00f1eca a los pocos minutos de estar tocando. Muchos fagotes incluyen un apoyamanos de peque\u00f1o tama\u00f1o, pues est\u00e1 pensado para ni\u00f1os que empiezan a tocar el instrumento. Sin embargo, conforme van pasando los a\u00f1os, el apoyamanos se empieza a quedar peque\u00f1o y a resultar inc\u00f3modo, con lo que llega el momento de cambiarlo. Es muy importante elegir uno que le vaya bien a nuestra mano, pues cada uno tiene sus necesidades.<\/p>\n<\/div>\n\n\n\n<div class=\"wp-block-uagb-container uagb-block-f29ddaf6\">\n<figure class=\"wp-block-image size-large\"><img loading=\"lazy\" decoding=\"async\" width=\"1024\" height=\"683\" src=\"https:\/\/sonatacustom.com\/wp-content\/uploads\/2025\/02\/Apoyamanos_9-1024x683.jpg\" alt=\"apoyamanos para fagot vista derecha\" class=\"wp-image-3070\" style=\"object-fit:cover\" srcset=\"https:\/\/sonatacustom.com\/wp-content\/uploads\/2025\/02\/Apoyamanos_9-1024x683.jpg 1024w, https:\/\/sonatacustom.com\/wp-content\/uploads\/2025\/02\/Apoyamanos_9-300x200.jpg 300w, https:\/\/sonatacustom.com\/wp-content\/uploads\/2025\/02\/Apoyamanos_9-768x512.jpg 768w, https:\/\/sonatacustom.com\/wp-content\/uploads\/2025\/02\/Apoyamanos_9-1536x1024.jpg 1536w, https:\/\/sonatacustom.com\/wp-content\/uploads\/2025\/02\/Apoyamanos_9-2048x1365.jpg 2048w, https:\/\/sonatacustom.com\/wp-content\/uploads\/2025\/02\/Apoyamanos_9-18x12.jpg 18w, https:\/\/sonatacustom.com\/wp-content\/uploads\/2025\/02\/Apoyamanos_9-600x400.jpg 600w\" sizes=\"auto, (max-width: 1024px) 100vw, 1024px\" \/><\/figure>\n<\/div>\n<\/div>\n\n\n\n<p style=\"margin-top:var(--wp--preset--spacing--50);margin-bottom:var(--wp--preset--spacing--70)\">El <strong>tama\u00f1o <\/strong>es el factor m\u00e1s relevante, e ir\u00e1 <strong>acorde al tama\u00f1o de la mano<\/strong>. El apoyamanos que se ofrece en la tienda de Sonata Custom va bien para manos entre medianas y grandes, pero utilizando el <a href=\"https:\/\/shttps:\/\/sonatacustom.com\/producto-personalizado\/\">formulario de producto personalizado<\/a> puedes encargar tama\u00f1os espec\u00edficos o formas diferentes a la est\u00e1ndar. Tambi\u00e9n puedes indicar el \u00e1ngulo aproximado del apoyo de la palma respecto al v\u00e1stago.<\/p>\n\n\n\n<p>Adem\u00e1s de la forma y tama\u00f1o, la <strong>longitud del v\u00e1stago <\/strong>es el otro factor a tener el cuenta. Un v\u00e1stago demasiado corto obligar\u00e1 a los dedos a permanecer arqueados para apoyarse en las llaves, mientras que uno demasiado largo ocasionar\u00e1 que no lleguen f\u00e1cilmente. Por otro lado, el sistema de uni\u00f3n al instrumento depender\u00e1 de qu\u00e9 base est\u00e9 instalada en tu instrumento. Aseg\u00farate de medir correctamente el tipo de varilla que tiene tu anterior apoyamanos para que el nuevo encaje a la perfecci\u00f3n. Si lo prefieres, junto con el apoyamanos se puede incluir una base nueva de varilla roscada ajustable en altura, de tal forma que con un simple destornillador puedas cambiar todo el conjunto.<\/p>\n\n\n\n<div class=\"wp-block-uagb-container uagb-layout-grid uagb-block-e29e008c alignfull uagb-is-root-container\"><div class=\"uagb-container-inner-blocks-wrap\">\n<div class=\"wp-block-uagb-container uagb-block-434567e7\">\n<figure class=\"wp-block-image size-large\"><img loading=\"lazy\" decoding=\"async\" width=\"1024\" height=\"683\" src=\"https:\/\/sonatacustom.com\/wp-content\/uploads\/2025\/02\/apoyamanos_wenge_5-1024x683.jpg\" alt=\"\" class=\"wp-image-3103\" srcset=\"https:\/\/sonatacustom.com\/wp-content\/uploads\/2025\/02\/apoyamanos_wenge_5-1024x683.jpg 1024w, https:\/\/sonatacustom.com\/wp-content\/uploads\/2025\/02\/apoyamanos_wenge_5-300x200.jpg 300w, https:\/\/sonatacustom.com\/wp-content\/uploads\/2025\/02\/apoyamanos_wenge_5-768x512.jpg 768w, https:\/\/sonatacustom.com\/wp-content\/uploads\/2025\/02\/apoyamanos_wenge_5-1536x1024.jpg 1536w, https:\/\/sonatacustom.com\/wp-content\/uploads\/2025\/02\/apoyamanos_wenge_5-2048x1365.jpg 2048w, https:\/\/sonatacustom.com\/wp-content\/uploads\/2025\/02\/apoyamanos_wenge_5-18x12.jpg 18w, https:\/\/sonatacustom.com\/wp-content\/uploads\/2025\/02\/apoyamanos_wenge_5-600x400.jpg 600w\" sizes=\"auto, (max-width: 1024px) 100vw, 1024px\" \/><\/figure>\n<\/div>\n\n\n\n<div class=\"wp-block-group is-vertical is-layout-flex wp-container-core-group-is-layout-fe9cc265 wp-block-group-is-layout-flex\">\n<p>Por otro lado est\u00e1n las opciones est\u00e9ticas. La primera y m\u00e1s importante es la madera con la que se fabricar\u00e1 el apoyamanos. En la tienda podr\u00e1s ver una fina selecci\u00f3n de maderas decorativas, seleccionadas por sus tonalidades oscuras que combinan muy bien con el color rojo del fagot. No obstante, cualquier madera es v\u00e1lida para un apoyamanos, as\u00ed que si\u00e9ntete libre de pedir tu apoyamanos en cualquier madera mediante el formulario de producto personalizado. El \u00faltimo paso es elegir el acabado de tu apoyamanos, a seleccionar entre acabado al aceite y barniz brillante. El primero es un acabado mate que mantiene la superficie sedosa de la madera, mientras que el barniz resalta m\u00e1s la veta y aporta una sensaci\u00f3n de superficie m\u00e1s lisa y luminosa.<\/p>\n<\/div>\n<\/div><\/div>\n\n\n\n<p><\/p>\n","protected":false},"excerpt":{"rendered":"<p>Apoyamanos para fagot El apoyamanos, reposamanos o muleta del fagot es el elemento ergon\u00f3mico m\u00e1s importante del instrumento. Un buen apoyamanos puede ser la diferencia entre tocar c\u00f3modamente o desarrollar dolor en la mu\u00f1eca a los pocos minutos de estar tocando. Muchos fagotes incluyen un apoyamanos de peque\u00f1o tama\u00f1o, pues est\u00e1 pensado para ni\u00f1os que [&hellip;]<\/p>\n","protected":false},"author":1,"featured_media":0,"parent":1840,"menu_order":0,"comment_status":"closed","ping_status":"closed","template":"","meta":{"_uag_custom_page_level_css":"","site-sidebar-layout":"default","site-content-layout":"","ast-site-content-layout":"default","site-content-style":"default","site-sidebar-style":"default","ast-global-header-display":"","ast-banner-title-visibility":"","ast-main-header-display":"","ast-hfb-above-header-display":"","ast-hfb-below-header-display":"","ast-hfb-mobile-header-display":"","site-post-title":"","ast-breadcrumbs-content":"","ast-featured-img":"","footer-sml-layout":"","ast-disable-related-posts":"","theme-transparent-header-meta":"","adv-header-id-meta":"","stick-header-meta":"","header-above-stick-meta":"","header-main-stick-meta":"","header-below-stick-meta":"","astra-migrate-meta-layouts":"set","ast-page-background-enabled":"default","ast-page-background-meta":{"desktop":{"background-color":"var(--ast-global-color-4)","background-image":"","background-repeat":"repeat","background-position":"center center","background-size":"auto","background-attachment":"scroll","background-type":"","background-media":"","overlay-type":"","overlay-color":"","overlay-opacity":"","overlay-gradient":""},"tablet":{"background-color":"","background-image":"","background-repeat":"repeat","background-position":"center center","background-size":"auto","background-attachment":"scroll","background-type":"","background-media":"","overlay-type":"","overlay-color":"","overlay-opacity":"","overlay-gradient":""},"mobile":{"background-color":"","background-image":"","background-repeat":"repeat","background-position":"center center","background-size":"auto","background-attachment":"scroll","background-type":"","background-media":"","overlay-type":"","overlay-color":"","overlay-opacity":"","overlay-gradient":""}},"ast-content-background-meta":{"desktop":{"background-color":"var(--ast-global-color-5)","background-image":"","background-repeat":"repeat","background-position":"center center","background-size":"auto","background-attachment":"scroll","background-type":"","background-media":"","overlay-type":"","overlay-color":"","overlay-opacity":"","overlay-gradient":""},"tablet":{"background-color":"var(--ast-global-color-5)","background-image":"","background-repeat":"repeat","background-position":"center center","background-size":"auto","background-attachment":"scroll","background-type":"","background-media":"","overlay-type":"","overlay-color":"","overlay-opacity":"","overlay-gradient":""},"mobile":{"background-color":"var(--ast-global-color-5)","background-image":"","background-repeat":"repeat","background-position":"center center","background-size":"auto","background-attachment":"scroll","background-type":"","background-media":"","overlay-type":"","overlay-color":"","overlay-opacity":"","overlay-gradient":""}},"footnotes":""},"class_list":["post-2014","page","type-page","status-publish","hentry"],"uagb_featured_image_src":{"full":false,"thumbnail":false,"medium":false,"medium_large":false,"large":false,"1536x1536":false,"2048x2048":false,"trp-custom-language-flag":false,"woocommerce_thumbnail":false,"woocommerce_single":false,"woocommerce_gallery_thumbnail":false},"uagb_author_info":{"display_name":"Alejandrez","author_link":"https:\/\/sonatacustom.com\/es\/author\/sonatacustomgmail-com\/"},"uagb_comment_info":0,"uagb_excerpt":"Apoyamanos para fagot El apoyamanos, reposamanos o muleta del fagot es el elemento ergon\u00f3mico m\u00e1s importante del instrumento. Un buen apoyamanos puede ser la diferencia entre tocar c\u00f3modamente o desarrollar dolor en la mu\u00f1eca a los pocos minutos de estar tocando. Muchos fagotes incluyen un apoyamanos de peque\u00f1o tama\u00f1o, pues est\u00e1 pensado para ni\u00f1os que&hellip;","_links":{"self":[{"href":"https:\/\/sonatacustom.com\/es\/wp-json\/wp\/v2\/pages\/2014","targetHints":{"allow":["GET"]}}],"collection":[{"href":"https:\/\/sonatacustom.com\/es\/wp-json\/wp\/v2\/pages"}],"about":[{"href":"https:\/\/sonatacustom.com\/es\/wp-json\/wp\/v2\/types\/page"}],"author":[{"embeddable":true,"href":"https:\/\/sonatacustom.com\/es\/wp-json\/wp\/v2\/users\/1"}],"replies":[{"embeddable":true,"href":"https:\/\/sonatacustom.com\/es\/wp-json\/wp\/v2\/comments?post=2014"}],"version-history":[{"count":12,"href":"https:\/\/sonatacustom.com\/es\/wp-json\/wp\/v2\/pages\/2014\/revisions"}],"predecessor-version":[{"id":3107,"href":"https:\/\/sonatacustom.com\/es\/wp-json\/wp\/v2\/pages\/2014\/revisions\/3107"}],"up":[{"embeddable":true,"href":"https:\/\/sonatacustom.com\/es\/wp-json\/wp\/v2\/pages\/1840"}],"wp:attachment":[{"href":"https:\/\/sonatacustom.com\/es\/wp-json\/wp\/v2\/media?parent=2014"}],"curies":[{"name":"wp","href":"https:\/\/api.w.org\/{rel}","templated":true}]}}