{"id":2011,"date":"2025-02-16T18:06:48","date_gmt":"2025-02-16T18:06:48","guid":{"rendered":"https:\/\/sonatacustom.com\/?page_id=2011"},"modified":"2025-03-13T10:23:37","modified_gmt":"2025-03-13T10:23:37","slug":"guia-claves","status":"publish","type":"page","link":"https:\/\/sonatacustom.com\/es\/guias-de-compra\/guia-claves\/","title":{"rendered":"Claves"},"content":{"rendered":"\n<h2 class=\"wp-block-heading has-text-align-center\">Claves<\/h2>\n\n\n\n<p>Las claves son instrumentos de percusi\u00f3n que consisten en dos varas de madera, generalmente de forma cil\u00edndrica. Son utilizadas para marcar el ritmo en diversas tradiciones musicales, especialmente en la m\u00fasica afro-cubana, pero tambi\u00e9n en otros g\u00e9neros. Los m\u00fasicos las golpean entre s\u00ed para producir un sonido agudo y brillante, muy distintivo, que sirve para mantener el comp\u00e1s en una pieza musical. Las claves son fundamentales para llevar el pulso y darle estructura al ritmo de la m\u00fasica. En Sonata Custom est\u00e1n disponibles dos tipos de claves, las tradicionales y las cubanas. En las primeras los dos elementos son id\u00e9nticos entre s\u00ed, mientras que en las claves cubanas uno de ellos, la \u00abhembra\u00bb es m\u00e1s grande que el otro y presenta una hendidura en el centro, as\u00ed como una perforaci\u00f3n que lo atraviesa longitudinalmente. Al colocar la mano sobre la handidura se crea una c\u00e1mara de resonancia que amplifica el sonido del instrumento al golpearlo con el otro elemento, el \u00abmacho\u00bb. Adem\u00e1s, el tono (o \u00abpitch\u00bb) es m\u00e1s grave debido a esto.<\/p>\n\n\n\n<div class=\"wp-block-uagb-container uagb-layout-grid uagb-block-c038c29a alignfull uagb-is-root-container\"><div class=\"uagb-container-inner-blocks-wrap\">\n<div class=\"wp-block-group is-nowrap is-layout-flex wp-container-core-group-is-layout-6c531013 wp-block-group-is-layout-flex\">\n<p>La madera con la que se fabrique el instrumento tiene un gran impacto en el sonido. Entre las maderas que se ofrecen, el weng\u00e9 tiene el sonido m\u00e1s brillante, y este es el sonido t\u00edpico de claves. El cerezo y el sapelli tienen ambos un sonido m\u00e1s oscuro, deseable para ciertos estilos musicales. Generalmente las claves tradicionales miden 180 mm de largo y 30 mm de di\u00e1metro. La hembra de las claves cubanas mide 220 mm de largo y 40 mm de di\u00e1metro y el macho tiene las mismas dimensiones que en las claves tradicionales. No obstante, dado que estas claves est\u00e1n torneadas a mano, siempre existir\u00e1n peque\u00f1as variaciones respecto a las dimensiones citadas. <\/p>\n<\/div>\n\n\n\n<div class=\"wp-block-group is-nowrap is-layout-flex wp-container-core-group-is-layout-6c531013 wp-block-group-is-layout-flex\">\n<figure class=\"wp-block-image size-large\"><img loading=\"lazy\" decoding=\"async\" width=\"1024\" height=\"683\" src=\"https:\/\/sonatacustom.com\/wp-content\/uploads\/2025\/03\/claves_cubanas_diagrama-1024x683.jpg\" alt=\"\" class=\"wp-image-2642\" srcset=\"https:\/\/sonatacustom.com\/wp-content\/uploads\/2025\/03\/claves_cubanas_diagrama-1024x683.jpg 1024w, https:\/\/sonatacustom.com\/wp-content\/uploads\/2025\/03\/claves_cubanas_diagrama-300x200.jpg 300w, https:\/\/sonatacustom.com\/wp-content\/uploads\/2025\/03\/claves_cubanas_diagrama-scaled-600x400.jpg 600w, https:\/\/sonatacustom.com\/wp-content\/uploads\/2025\/03\/claves_cubanas_diagrama-768x512.jpg 768w, https:\/\/sonatacustom.com\/wp-content\/uploads\/2025\/03\/claves_cubanas_diagrama-1536x1024.jpg 1536w, https:\/\/sonatacustom.com\/wp-content\/uploads\/2025\/03\/claves_cubanas_diagrama-2048x1365.jpg 2048w\" sizes=\"auto, (max-width: 1024px) 100vw, 1024px\" \/><\/figure>\n<\/div>\n<\/div><\/div>\n\n\n\n<p>Las claves de Sonata Custom son siempre acabadas al aceite, para preservar su tono intacto al tiempo que se protege la superficie de la madera. Adem\u00e1s, en maderas diferentes al weng\u00e9 se puede hacer un anillo decorativo en cada extremo de las claves. Este anillo no es pintado, sino que se consigue quemando la madera por fricci\u00f3n cuando todav\u00eda est\u00e1 en el torno. Esto le asegura una gran durabilidad frente al desgaste. Si quieres una combinaci\u00f3n de elementos que no est\u00e9 disponible en la p\u00e1gina de producto, por ejemplo maderas diferentes o anillo decorativo en s\u00f3lo uno de los dos, utiliza el <a href=\"https:\/\/sonatacustom.com\/producto-personalizado\/\">formulario de producto personalizado<\/a>.<\/p>\n","protected":false},"excerpt":{"rendered":"<p>Claves Las claves son instrumentos de percusi\u00f3n que consisten en dos varas de madera, generalmente de forma cil\u00edndrica. Son utilizadas para marcar el ritmo en diversas tradiciones musicales, especialmente en la m\u00fasica afro-cubana, pero tambi\u00e9n en otros g\u00e9neros. Los m\u00fasicos las golpean entre s\u00ed para producir un sonido agudo y brillante, muy distintivo, que sirve [&hellip;]<\/p>\n","protected":false},"author":1,"featured_media":0,"parent":1840,"menu_order":0,"comment_status":"closed","ping_status":"closed","template":"","meta":{"_uag_custom_page_level_css":"","site-sidebar-layout":"default","site-content-layout":"","ast-site-content-layout":"default","site-content-style":"default","site-sidebar-style":"default","ast-global-header-display":"","ast-banner-title-visibility":"","ast-main-header-display":"","ast-hfb-above-header-display":"","ast-hfb-below-header-display":"","ast-hfb-mobile-header-display":"","site-post-title":"","ast-breadcrumbs-content":"","ast-featured-img":"","footer-sml-layout":"","ast-disable-related-posts":"","theme-transparent-header-meta":"","adv-header-id-meta":"","stick-header-meta":"","header-above-stick-meta":"","header-main-stick-meta":"","header-below-stick-meta":"","astra-migrate-meta-layouts":"set","ast-page-background-enabled":"default","ast-page-background-meta":{"desktop":{"background-color":"var(--ast-global-color-4)","background-image":"","background-repeat":"repeat","background-position":"center center","background-size":"auto","background-attachment":"scroll","background-type":"","background-media":"","overlay-type":"","overlay-color":"","overlay-opacity":"","overlay-gradient":""},"tablet":{"background-color":"","background-image":"","background-repeat":"repeat","background-position":"center center","background-size":"auto","background-attachment":"scroll","background-type":"","background-media":"","overlay-type":"","overlay-color":"","overlay-opacity":"","overlay-gradient":""},"mobile":{"background-color":"","background-image":"","background-repeat":"repeat","background-position":"center center","background-size":"auto","background-attachment":"scroll","background-type":"","background-media":"","overlay-type":"","overlay-color":"","overlay-opacity":"","overlay-gradient":""}},"ast-content-background-meta":{"desktop":{"background-color":"var(--ast-global-color-5)","background-image":"","background-repeat":"repeat","background-position":"center center","background-size":"auto","background-attachment":"scroll","background-type":"","background-media":"","overlay-type":"","overlay-color":"","overlay-opacity":"","overlay-gradient":""},"tablet":{"background-color":"var(--ast-global-color-5)","background-image":"","background-repeat":"repeat","background-position":"center center","background-size":"auto","background-attachment":"scroll","background-type":"","background-media":"","overlay-type":"","overlay-color":"","overlay-opacity":"","overlay-gradient":""},"mobile":{"background-color":"var(--ast-global-color-5)","background-image":"","background-repeat":"repeat","background-position":"center center","background-size":"auto","background-attachment":"scroll","background-type":"","background-media":"","overlay-type":"","overlay-color":"","overlay-opacity":"","overlay-gradient":""}},"footnotes":""},"class_list":["post-2011","page","type-page","status-publish","hentry"],"uagb_featured_image_src":{"full":false,"thumbnail":false,"medium":false,"medium_large":false,"large":false,"1536x1536":false,"2048x2048":false,"trp-custom-language-flag":false,"woocommerce_thumbnail":false,"woocommerce_single":false,"woocommerce_gallery_thumbnail":false},"uagb_author_info":{"display_name":"Alejandrez","author_link":"https:\/\/sonatacustom.com\/es\/author\/sonatacustomgmail-com\/"},"uagb_comment_info":0,"uagb_excerpt":"Claves Las claves son instrumentos de percusi\u00f3n que consisten en dos varas de madera, generalmente de forma cil\u00edndrica. Son utilizadas para marcar el ritmo en diversas tradiciones musicales, especialmente en la m\u00fasica afro-cubana, pero tambi\u00e9n en otros g\u00e9neros. Los m\u00fasicos las golpean entre s\u00ed para producir un sonido agudo y brillante, muy distintivo, que sirve&hellip;","_links":{"self":[{"href":"https:\/\/sonatacustom.com\/es\/wp-json\/wp\/v2\/pages\/2011","targetHints":{"allow":["GET"]}}],"collection":[{"href":"https:\/\/sonatacustom.com\/es\/wp-json\/wp\/v2\/pages"}],"about":[{"href":"https:\/\/sonatacustom.com\/es\/wp-json\/wp\/v2\/types\/page"}],"author":[{"embeddable":true,"href":"https:\/\/sonatacustom.com\/es\/wp-json\/wp\/v2\/users\/1"}],"replies":[{"embeddable":true,"href":"https:\/\/sonatacustom.com\/es\/wp-json\/wp\/v2\/comments?post=2011"}],"version-history":[{"count":9,"href":"https:\/\/sonatacustom.com\/es\/wp-json\/wp\/v2\/pages\/2011\/revisions"}],"predecessor-version":[{"id":2759,"href":"https:\/\/sonatacustom.com\/es\/wp-json\/wp\/v2\/pages\/2011\/revisions\/2759"}],"up":[{"embeddable":true,"href":"https:\/\/sonatacustom.com\/es\/wp-json\/wp\/v2\/pages\/1840"}],"wp:attachment":[{"href":"https:\/\/sonatacustom.com\/es\/wp-json\/wp\/v2\/media?parent=2011"}],"curies":[{"name":"wp","href":"https:\/\/api.w.org\/{rel}","templated":true}]}}