{"id":2001,"date":"2025-02-12T13:24:48","date_gmt":"2025-02-12T13:24:48","guid":{"rendered":"https:\/\/sonatacustom.com\/?page_id=2001"},"modified":"2026-05-02T16:17:59","modified_gmt":"2026-05-02T14:17:59","slug":"guia-kits-de-bateria","status":"publish","type":"page","link":"https:\/\/sonatacustom.com\/es\/guias-de-compra\/guia-kits-de-bateria\/","title":{"rendered":"Kits de bater\u00eda"},"content":{"rendered":"\n<h2 class=\"wp-block-heading has-text-align-center\">Kits de bater\u00eda<\/h2>\n\n\n\n<p>El cat\u00e1logo de kits de bater\u00eda de Sonata Custom est\u00e1 especialmente centrado en la portabilidad. Todos sabemos lo compleja que es la log\u00edstica para los que tocamos la bater\u00eda, pero ahora tus opciones son m\u00e1s diversas que nunca. Desde kits con versatilidad de sonido limitada pero que caben en un portaequipajes hasta kits con caracter\u00edsticas est\u00e1ndar pero que caben enteros en un maletero normal.<\/p>\n\n\n\n<h3 class=\"wp-block-heading\" style=\"border-style:none;border-width:0px;border-radius:0px;margin-top:30px;margin-bottom:30px\">Kit de bater\u00eda compacto<\/h3>\n\n\n\n<p>Este kit de bater\u00eda se puede guardar en una simple maleta de mano. De hecho, \u00a1la propia maleta forma parte del kit! A muchos nos ha pasado que hemos ido con nuestros compa\u00f1eros de grupo a una jam session y hemos acabado como espectadores porque no hab\u00eda una bater\u00eda. \u00a1Ahora puedes llevarla c\u00f3modamente t\u00fa mismo!<\/p>\n\n\n\n<div class=\"wp-block-uagb-container uagb-layout-grid uagb-block-ea945d0c alignfull uagb-is-root-container\"><div class=\"uagb-container-inner-blocks-wrap\">\n<div class=\"wp-block-uagb-container uagb-block-e7f6f3a1\">\n<figure class=\"wp-block-image size-large\"><img loading=\"lazy\" decoding=\"async\" width=\"1024\" height=\"683\" src=\"https:\/\/sonatacustom.com\/wp-content\/uploads\/2025\/03\/kit_compacto_diagrama-1024x683.jpg\" alt=\"\" class=\"wp-image-2665\" srcset=\"https:\/\/sonatacustom.com\/wp-content\/uploads\/2025\/03\/kit_compacto_diagrama-1024x683.jpg 1024w, https:\/\/sonatacustom.com\/wp-content\/uploads\/2025\/03\/kit_compacto_diagrama-300x200.jpg 300w, https:\/\/sonatacustom.com\/wp-content\/uploads\/2025\/03\/kit_compacto_diagrama-scaled-600x400.jpg 600w, https:\/\/sonatacustom.com\/wp-content\/uploads\/2025\/03\/kit_compacto_diagrama-768x512.jpg 768w, https:\/\/sonatacustom.com\/wp-content\/uploads\/2025\/03\/kit_compacto_diagrama-1536x1024.jpg 1536w, https:\/\/sonatacustom.com\/wp-content\/uploads\/2025\/03\/kit_compacto_diagrama-2048x1365.jpg 2048w\" sizes=\"auto, (max-width: 1024px) 100vw, 1024px\" \/><\/figure>\n<\/div>\n\n\n\n<p>El kit de bater\u00eda compacto de Sonata Custom incluye un \u00fanico pie de hi-hat, al que se le acopla una pinza para un crash ride y otra para la caja de 10&#8243;. La propia maleta se utiliza como bombo y sus ruedas se frenan con dos piezas de madera, una de las cuales sirve para sujetar a \u00e9sta el pedal de bombo. Por si fuera poco, el kit incluye tambi\u00e9n un rototom de 6&#8243; en un soporte espec\u00edficamente dise\u00f1ado para acoplarse al asa de la maleta. El kit queda completado por un pr\u00e1ctico taburete telesc\u00f3pico.<\/p>\n<\/div><\/div>\n\n\n\n<div class=\"wp-block-uagb-container uagb-layout-grid uagb-block-d0d29a82 alignfull uagb-is-root-container\"><div class=\"uagb-container-inner-blocks-wrap\">\n<p>Al principio puede parecer un poco intimidante volver a meter tanto equipamiento en la maleta, pero no te preocupes. Junto con el kit se proporcionan unas instrucciones muy detalladas para poder hacerlo. Con un poco de pr\u00e1ctica, se puede guardar todo en cuesti\u00f3n de minutos. Cabe decir que, a pesar de las limitaciones t\u00e9cnicas, he querido no modificar de ningun modo la maleta. De esta forma, si esta sufriese da\u00f1os durante un viaje o, simplemente quisieras cambiar su est\u00e9tica, puedes meter todo el equipo en cualquier otra maleta de mano est\u00e1ndar.<\/p>\n\n\n\n<figure class=\"wp-block-image size-large\"><img loading=\"lazy\" decoding=\"async\" width=\"1024\" height=\"683\" src=\"https:\/\/sonatacustom.com\/wp-content\/uploads\/2025\/03\/kit_compacto_guardado-1024x683.jpg\" alt=\"\" class=\"wp-image-2667\" srcset=\"https:\/\/sonatacustom.com\/wp-content\/uploads\/2025\/03\/kit_compacto_guardado-1024x683.jpg 1024w, https:\/\/sonatacustom.com\/wp-content\/uploads\/2025\/03\/kit_compacto_guardado-300x200.jpg 300w, https:\/\/sonatacustom.com\/wp-content\/uploads\/2025\/03\/kit_compacto_guardado-scaled-600x400.jpg 600w, https:\/\/sonatacustom.com\/wp-content\/uploads\/2025\/03\/kit_compacto_guardado-768x512.jpg 768w, https:\/\/sonatacustom.com\/wp-content\/uploads\/2025\/03\/kit_compacto_guardado-1536x1024.jpg 1536w, https:\/\/sonatacustom.com\/wp-content\/uploads\/2025\/03\/kit_compacto_guardado-2048x1365.jpg 2048w\" sizes=\"auto, (max-width: 1024px) 100vw, 1024px\" \/><\/figure>\n<\/div><\/div>\n\n\n\n<h3 class=\"wp-block-heading\" style=\"border-style:none;border-width:0px;margin-top:30px;margin-bottom:30px\">Kit de bater\u00eda anidable<\/h3>\n\n\n\n<p>Conocidos tambi\u00e9n como \u00abnesting kit\u00bb, los cascos de esta bater\u00eda encajan unos dentro de otros. Todos los cascos, a excepci\u00f3n del m\u00e1s peque\u00f1o, est\u00e1n fabricados en dos mitades que se pueden volver a unir mediante cierres de mariposa. De esta forma se puede transportar un kit entero en el espacio que ocupar\u00eda solamente el bombo. Eligiendo bien las medidas, incluso puedes incluir la caja de la bater\u00eda dentro del bombo.<\/p>\n\n\n\n<div class=\"wp-block-uagb-container uagb-layout-grid uagb-block-8686516a alignfull uagb-is-root-container\"><div class=\"uagb-container-inner-blocks-wrap\">\n<div class=\"wp-block-uagb-container uagb-block-16facc45\">\n<figure class=\"wp-block-image size-large\"><img loading=\"lazy\" decoding=\"async\" width=\"1024\" height=\"683\" src=\"https:\/\/sonatacustom.com\/wp-content\/uploads\/2025\/03\/nest_kit_18_dentro-1024x683.jpg\" alt=\"\" class=\"wp-image-2670\" srcset=\"https:\/\/sonatacustom.com\/wp-content\/uploads\/2025\/03\/nest_kit_18_dentro-1024x683.jpg 1024w, https:\/\/sonatacustom.com\/wp-content\/uploads\/2025\/03\/nest_kit_18_dentro-300x200.jpg 300w, https:\/\/sonatacustom.com\/wp-content\/uploads\/2025\/03\/nest_kit_18_dentro-scaled-600x400.jpg 600w, https:\/\/sonatacustom.com\/wp-content\/uploads\/2025\/03\/nest_kit_18_dentro-768x512.jpg 768w, https:\/\/sonatacustom.com\/wp-content\/uploads\/2025\/03\/nest_kit_18_dentro-1536x1024.jpg 1536w, https:\/\/sonatacustom.com\/wp-content\/uploads\/2025\/03\/nest_kit_18_dentro-2048x1365.jpg 2048w\" sizes=\"auto, (max-width: 1024px) 100vw, 1024px\" \/><\/figure>\n<\/div>\n\n\n\n<div class=\"wp-block-uagb-container uagb-block-541d6f9c\">\n<p>Para poder crear uno de estos kits hay que escoger muy bien las medidas para que todo encaje. En los kits predise\u00f1ados que se ofrecen en la p\u00e1gina de la tienda est\u00e1 todo pensado, pero, en Sonata Custom se apuesta por la personalizaci\u00f3n. Por ello os animo a que os cre\u00e9is un kit a medida para vuestras necesidades particulares utilizando el <a href=\"https:\/\/sonatacustom.com\/producto-personalizado\/\">formulario de producto personalizado<\/a>. Los aspectos personalizables de los kits incluyen: n\u00famero de tensores por parche, di\u00e1metros y profundidades, color y acabado. En el caso de los toms tambi\u00e9n se puede elegir el sistema de sujeci\u00f3n.<\/p>\n<\/div>\n<\/div><\/div>\n\n\n\n<p style=\"border-style:none;border-width:0px\">Sin embargo, hay algunas reglas a seguir. Por ejemplo, para elegir los di\u00e1metros de los toms se debe tener en cuenta c\u00f3mo se van a montar en el kit:<\/p>\n\n\n\n<ul style=\"margin-left:var(--wp--preset--spacing--60)\" class=\"wp-block-list\">\n<li>En el caso de toms montados con suspensi\u00f3n flotante la diferencia debe de ser de al menos 4&#8243; (por ejemplo 8&#8243;, 12&#8243; y 16&#8243;).<\/li>\n\n\n\n<li>Para toms montados con una roseta atornillada directamente al casco, la diferencia de tama\u00f1o m\u00e1s peque\u00f1a que se puede tener es de 3&#8243; (por ejemplo, 10&#8243;, 13&#8243; y 16&#8243;).<\/li>\n\n\n\n<li>La diferencia entre un tom base con patas y el bombo debe ser de al menos 4&#8243; (por ejemplo 16&#8243; y 20&#8243;).<\/li>\n<\/ul>\n\n\n\n<p style=\"margin-top:var(--wp--preset--spacing--50)\">Los di\u00e1metros disponibles son 8&#8243;, 10&#8243;, 12&#8243;, 13&#8243;, 14&#8243;, 15&#8243;, 16&#8243;, 18&#8243;, 20&#8243;, 22&#8243;, 24&#8243; y 26&#8243;, con lo que las opciones son variadas. Por ejemplo, un kit minimalista podr\u00eda ser un tom a\u00e9reo de 10&#8243;, tom base de 14&#8243; y bombo de 18&#8243;. Si quieres tener todos los toms posibles a tu disposici\u00f3n puedes crear uno con toms a\u00e9reos de 8&#8243; y 12&#8243;, tom base de 15&#8243; suspendido, otro base de 18&#8243; con patas y bombo de 22&#8243;. Incluso puedes crear dos kits y disponer de doble bombo y 7 toms.<\/p>\n\n\n\n<ul style=\"margin-left:var(--wp--preset--spacing--60)\" class=\"wp-block-list\">\n<li>Por otro lado, la diferencia de profundidades debe ser de al menos 1&#8243;. Aunque un tom se denomine 10&#215;8&#8243;, el alto total ser\u00e1 realmente de 9&#8243; debido a los aros.<\/li>\n\n\n\n<li>Si se quiere incluir una caja, a esta pulgada hay que a\u00f1adir su profundidad. Por ejemplo, en un bombo de 18&#8243; de profundidad cabr\u00edan un tom de 16&#215;10&#8243; y una caja de 14&#215;5,5&#8243; (ten en cuenta que la caja tambi\u00e9n mide 1&#8243; m\u00e1s que la profundidad de su casco).<\/li>\n\n\n\n<li>A la hora de a\u00f1adir una caja hay que tener en cuenta que la diferencia de di\u00e1metro debe ser de 3&#8243; para que quepa el mecanismo de la bordonera.<\/li>\n<\/ul>\n\n\n\n<div class=\"wp-block-uagb-container uagb-layout-grid uagb-block-632b7a8b default uagb-is-root-container\">\n<p style=\"border-style:none;border-width:0px;border-radius:0px;margin-top:var(--wp--preset--spacing--40);margin-bottom:var(--wp--preset--spacing--40)\">Por ejemplo, dentro de un bombo de 20&#215;18&#8243; caben perfectamente un tom base de 16&#215;10&#8243; y una caja de 14&#215;5,5&#8243;, uno encima de otro. Si est\u00e1s dispuesto a utilizar una caja m\u00e1s peque\u00f1a, o incluso una caja piccolo, las posibilidades aumentan. Dentro de un bombo de 18&#215;14&#8243; cabr\u00edan un tom base de 14&#215;10&#8243;  y una caja piccolo de 14&#215;3&#8243;, por ejemplo. Por supuesto, si tienes cualquier pregunta no dudes en contactar. Crear uno de estos kits es complejo, pero la recompensa merece la pena con creces.<\/p>\n\n\n\n<div class=\"wp-block-uagb-container uagb-block-551afbc0 default uagb-is-root-container\">\n<figure class=\"wp-block-image size-large\"><img loading=\"lazy\" decoding=\"async\" width=\"1024\" height=\"683\" src=\"https:\/\/sonatacustom.com\/wp-content\/uploads\/2025\/03\/nesting_kit_20_nested-1024x683.jpg\" alt=\"\" class=\"wp-image-2698\" srcset=\"https:\/\/sonatacustom.com\/wp-content\/uploads\/2025\/03\/nesting_kit_20_nested-1024x683.jpg 1024w, https:\/\/sonatacustom.com\/wp-content\/uploads\/2025\/03\/nesting_kit_20_nested-300x200.jpg 300w, https:\/\/sonatacustom.com\/wp-content\/uploads\/2025\/03\/nesting_kit_20_nested-scaled-600x400.jpg 600w, https:\/\/sonatacustom.com\/wp-content\/uploads\/2025\/03\/nesting_kit_20_nested-768x512.jpg 768w, https:\/\/sonatacustom.com\/wp-content\/uploads\/2025\/03\/nesting_kit_20_nested-1536x1024.jpg 1536w, https:\/\/sonatacustom.com\/wp-content\/uploads\/2025\/03\/nesting_kit_20_nested-2048x1365.jpg 2048w\" sizes=\"auto, (max-width: 1024px) 100vw, 1024px\" \/><\/figure>\n<\/div>\n<\/div>\n\n\n\n<p style=\"margin-top:var(--wp--preset--spacing--70)\">En el siguiente v\u00eddeo puedes ver el proceso de anidaci\u00f3n del nesting kit 20 de 5 piezas, que lleva menos de 3 minutos. \u00c9ste kit se compone de un tom de 10&#215;8&#8243; dentro de un tom de 13&#215;9&#8243; el cual, junto con una caja de 13&#215;5&#8243; se guardan en el tom base de 16&#215;16&#8243;. Por \u00faltimo, el tom base se introduce en el bombo de 20&#215;17&#8243;.<\/p>\n\n\n\n<figure class=\"wp-block-embed is-type-video is-provider-youtube wp-block-embed-youtube wp-embed-aspect-16-9 wp-has-aspect-ratio\"><div class=\"wp-block-embed__wrapper\">\n<iframe loading=\"lazy\" title=\"How to nest the Sonata Custom 5-piece Nesting Kit 20\" width=\"500\" height=\"281\" src=\"https:\/\/www.youtube.com\/embed\/X8uQg_Q4Iy8?feature=oembed\" frameborder=\"0\" allow=\"accelerometer; autoplay; clipboard-write; encrypted-media; gyroscope; picture-in-picture; web-share\" referrerpolicy=\"strict-origin-when-cross-origin\" allowfullscreen><\/iframe>\n<\/div><\/figure>\n\n\n\n<h3 class=\"wp-block-heading\" style=\"border-style:none;border-width:0px;border-radius:0px;margin-top:115px;margin-bottom:30px\">Kit est\u00e1ndar<\/h3>\n\n\n\n<p>Si lo que quieres es un kit est\u00e1ndar personalizado para ti, tambi\u00e9n puedes tenerlo. Las opciones de personalizaci\u00f3n son b\u00e1sicamente las mismas que las de los kits anidables.<\/p>\n","protected":false},"excerpt":{"rendered":"<p>Kits de bater\u00eda El cat\u00e1logo de kits de bater\u00eda de Sonata Custom est\u00e1 especialmente centrado en la portabilidad. Todos sabemos lo compleja que es la log\u00edstica para los que tocamos la bater\u00eda, pero ahora tus opciones son m\u00e1s diversas que nunca. Desde kits con versatilidad de sonido limitada pero que caben en un portaequipajes hasta [&hellip;]<\/p>\n","protected":false},"author":1,"featured_media":0,"parent":1840,"menu_order":0,"comment_status":"closed","ping_status":"closed","template":"","meta":{"_uag_custom_page_level_css":"","site-sidebar-layout":"default","site-content-layout":"","ast-site-content-layout":"default","site-content-style":"default","site-sidebar-style":"default","ast-global-header-display":"","ast-banner-title-visibility":"","ast-main-header-display":"","ast-hfb-above-header-display":"","ast-hfb-below-header-display":"","ast-hfb-mobile-header-display":"","site-post-title":"","ast-breadcrumbs-content":"","ast-featured-img":"","footer-sml-layout":"","ast-disable-related-posts":"","theme-transparent-header-meta":"","adv-header-id-meta":"","stick-header-meta":"","header-above-stick-meta":"","header-main-stick-meta":"","header-below-stick-meta":"","astra-migrate-meta-layouts":"set","ast-page-background-enabled":"default","ast-page-background-meta":{"desktop":{"background-color":"var(--ast-global-color-4)","background-image":"","background-repeat":"repeat","background-position":"center center","background-size":"auto","background-attachment":"scroll","background-type":"","background-media":"","overlay-type":"","overlay-color":"","overlay-opacity":"","overlay-gradient":""},"tablet":{"background-color":"","background-image":"","background-repeat":"repeat","background-position":"center center","background-size":"auto","background-attachment":"scroll","background-type":"","background-media":"","overlay-type":"","overlay-color":"","overlay-opacity":"","overlay-gradient":""},"mobile":{"background-color":"","background-image":"","background-repeat":"repeat","background-position":"center center","background-size":"auto","background-attachment":"scroll","background-type":"","background-media":"","overlay-type":"","overlay-color":"","overlay-opacity":"","overlay-gradient":""}},"ast-content-background-meta":{"desktop":{"background-color":"var(--ast-global-color-5)","background-image":"","background-repeat":"repeat","background-position":"center center","background-size":"auto","background-attachment":"scroll","background-type":"","background-media":"","overlay-type":"","overlay-color":"","overlay-opacity":"","overlay-gradient":""},"tablet":{"background-color":"var(--ast-global-color-5)","background-image":"","background-repeat":"repeat","background-position":"center center","background-size":"auto","background-attachment":"scroll","background-type":"","background-media":"","overlay-type":"","overlay-color":"","overlay-opacity":"","overlay-gradient":""},"mobile":{"background-color":"var(--ast-global-color-5)","background-image":"","background-repeat":"repeat","background-position":"center center","background-size":"auto","background-attachment":"scroll","background-type":"","background-media":"","overlay-type":"","overlay-color":"","overlay-opacity":"","overlay-gradient":""}},"footnotes":""},"class_list":["post-2001","page","type-page","status-publish","hentry"],"uagb_featured_image_src":{"full":false,"thumbnail":false,"medium":false,"medium_large":false,"large":false,"1536x1536":false,"2048x2048":false,"trp-custom-language-flag":false,"woocommerce_thumbnail":false,"woocommerce_single":false,"woocommerce_gallery_thumbnail":false},"uagb_author_info":{"display_name":"Alejandrez","author_link":"https:\/\/sonatacustom.com\/es\/author\/sonatacustomgmail-com\/"},"uagb_comment_info":0,"uagb_excerpt":"Kits de bater\u00eda El cat\u00e1logo de kits de bater\u00eda de Sonata Custom est\u00e1 especialmente centrado en la portabilidad. Todos sabemos lo compleja que es la log\u00edstica para los que tocamos la bater\u00eda, pero ahora tus opciones son m\u00e1s diversas que nunca. Desde kits con versatilidad de sonido limitada pero que caben en un portaequipajes hasta&hellip;","_links":{"self":[{"href":"https:\/\/sonatacustom.com\/es\/wp-json\/wp\/v2\/pages\/2001","targetHints":{"allow":["GET"]}}],"collection":[{"href":"https:\/\/sonatacustom.com\/es\/wp-json\/wp\/v2\/pages"}],"about":[{"href":"https:\/\/sonatacustom.com\/es\/wp-json\/wp\/v2\/types\/page"}],"author":[{"embeddable":true,"href":"https:\/\/sonatacustom.com\/es\/wp-json\/wp\/v2\/users\/1"}],"replies":[{"embeddable":true,"href":"https:\/\/sonatacustom.com\/es\/wp-json\/wp\/v2\/comments?post=2001"}],"version-history":[{"count":39,"href":"https:\/\/sonatacustom.com\/es\/wp-json\/wp\/v2\/pages\/2001\/revisions"}],"predecessor-version":[{"id":3402,"href":"https:\/\/sonatacustom.com\/es\/wp-json\/wp\/v2\/pages\/2001\/revisions\/3402"}],"up":[{"embeddable":true,"href":"https:\/\/sonatacustom.com\/es\/wp-json\/wp\/v2\/pages\/1840"}],"wp:attachment":[{"href":"https:\/\/sonatacustom.com\/es\/wp-json\/wp\/v2\/media?parent=2001"}],"curies":[{"name":"wp","href":"https:\/\/api.w.org\/{rel}","templated":true}]}}