{"id":1994,"date":"2025-02-11T16:52:23","date_gmt":"2025-02-11T16:52:23","guid":{"rendered":"https:\/\/sonatacustom.com\/?page_id=1994"},"modified":"2025-10-15T13:13:19","modified_gmt":"2025-10-15T11:13:19","slug":"producto-personalizado","status":"publish","type":"page","link":"https:\/\/sonatacustom.com\/es\/producto-personalizado\/","title":{"rendered":"Producto personalizado"},"content":{"rendered":"\n<h2 class=\"wp-block-heading\">Producto personalizado<\/h2>\n\n\n\n<p>Si quieres un producto en una madera, medidas u otras caracter\u00edsticas que no est\u00e9n listadas en las opciones, utiliza el formulario de producto personalizado. Si tienes dudas, consulta la gu\u00eda de compra del producto que quieres personalizar o preg\u00fantame en el formulario. Me pondr\u00e9 en contacto contigo para comunicarte el precio y el plazo de entrega.<\/p>\n\n\n\n<ul class=\"wp-block-list\">\n<li>En caso de pedir <strong>medidas<\/strong> diferentes a las listadas:\n<ul class=\"wp-block-list\">\n<li>No se incrementar\u00e1 el precio si el producto no dispone de opciones preconfiguradas.<\/li>\n\n\n\n<li>Si dispone de ellas el precio aplicado ser\u00e1 el de la medida m\u00e1s cercana.<\/li>\n<\/ul>\n<\/li>\n\n\n\n<li>En caso de pedir un <strong>acabado<\/strong> diferente:\n<ul class=\"wp-block-list\">\n<li>Si el acabado solicitado es opaco, el precio no se incrementar\u00e1.<\/li>\n\n\n\n<li>Si el acabado por defecto es opaco y el solicitado es transparente (barniz, aceite, lacado&#8230;), el precio se incrementar\u00e1. \u00c9sto se debe a que los acabados que muestran la madera requieren mayor atenci\u00f3n al detalle a la hora de preparar la superficie.<\/li>\n<\/ul>\n<\/li>\n\n\n\n<li>Si se encarga un producto en una <strong>madera<\/strong> de mayor coste que aquella con la que se fabrica por defecto, el coste se incrementar\u00e1.<\/li>\n\n\n\n<li>Cualquier <strong>accesorio a\u00f1adido<\/strong> que el producto no incluya por defecto tambi\u00e9n incrementar\u00e1 el precio.<\/li>\n<\/ul>\n\n\n\n<div class=\"wp-block-uagb-buttons uagb-buttons__outer-wrap uagb-btn__default-btn uagb-btn-tablet__default-btn uagb-btn-mobile__default-btn uagb-block-83eb5918\"><div class=\"uagb-buttons__wrap uagb-buttons-layout-wrap \">\n<div class=\"wp-block-uagb-buttons-child uagb-buttons__outer-wrap uagb-block-2ba883ef wp-block-button\"><div class=\"uagb-button__wrapper\"><a class=\"uagb-buttons-repeater wp-block-button__link\" aria-label=\"\" href=\"https:\/\/sonatacustom.com\/es\/producto-personalizado\/valoraciones\/\" rel=\"follow noopener\" target=\"_self\" role=\"button\"><div class=\"uagb-button__link\">Valoraciones de clientes<\/div><\/a><\/div><\/div>\n<\/div><\/div>\n\n\n\n<div class=\"wp-block-uagb-forms uagb-forms__outer-wrap uagb-block-70c78953 uagb-forms__medium-btn\"><form class=\"uagb-forms-main-form\" method=\"post\" autocomplete=\"on\" name=\"uagb-form-70c78953\">\n<div class=\"wp-block-uagb-forms-name uagb-forms-name-wrap uagb-forms-field-set uagb-block-0b35d18f\"><div class=\"uagb-forms-name-label required uagb-forms-input-label\" id=\"0b35d18f\">Nombre<\/div><input type=\"text\" placeholder=\"Nombre\" required class=\"uagb-forms-name-input uagb-forms-input\" name=\"0b35d18f\" autocomplete=\"given-name\"\/><\/div>\n\n\n\n<div class=\"wp-block-uagb-forms-email uagb-forms-email-wrap uagb-forms-field-set uagb-block-ed4942ba\"><div class=\"uagb-forms-email-label required uagb-forms-input-label\" id=\"ed4942ba\">Correo Electr\u00f3nico<\/div><input type=\"email\" class=\"uagb-forms-email-input uagb-forms-input\" placeholder=\"ejemplo@ejemplo.com\" required name=\"ed4942ba\" autocomplete=\"email\"\/><\/div>\n\n\n\n<div class=\"wp-block-uagb-forms-textarea uagb-forms-textarea-wrap uagb-forms-field-set uagb-block-2316d49b\"><div class=\"uagb-forms-textarea-label required uagb-forms-input-label\" id=\"2316d49b\">Descripci\u00f3n del producto<\/div><textarea required class=\"uagb-forms-textarea-input uagb-forms-input\" rows=\"4\" placeholder=\"Mensaje...\" name=\"2316d49b\" autocomplete=\"off\"><\/textarea><\/div>\n\n\n\n<div class=\"wp-block-uagb-forms-accept uagb-forms-accept-wrap uagb-forms-field-set uagb-block-030a0aa3\"><input type=\"checkbox\" name=\"030a0aa3\" required value=\"Agree\" class=\"uagb-forms-checkbox\" id=\"uagb-forms-accept-030a0aa3\"\/><label name=\"030a0aa3\" for=\"uagb-forms-accept-030a0aa3\" class=\"uagb-forms-accept-label required\" id=\"030a0aa3\">He le\u00eddo y acepto los t\u00e9rminos de la pol\u00edtica de privacidad.<\/label><br\/><\/div>\n<div class=\"uagb-forms-form-hidden-data\"><input type=\"hidden\" id=\"g-recaptcha-response\" class=\"uagb-forms-recaptcha\"\/><input type=\"hidden\" class=\"uagb_forms_form_label\" value=\"Spectra Form\"\/><input type=\"hidden\" class=\"uagb_forms_form_id\" value=\"uagb-form-70c78953\"\/><\/div><div class=\"uagb-form-reacaptcha-error-70c78953\"><\/div><div class=\"uagb-forms-main-submit-button-wrap wp-block-button\"><button class=\"uagb-forms-main-submit-button wp-block-button__link\"><div class=\"uagb-forms-main-submit-button-text\">Enviar<\/div><\/button><\/div><\/form><div class=\"uagb-forms-success-message-70c78953 uagb-forms-submit-message-hide\"><span>The form has been submitted successfully!<\/span><\/div><div class=\"uagb-forms-failed-message-70c78953 uagb-forms-submit-message-hide\"><span>There has been some error while submitting the form. Please verify all form fields again.<\/span><\/div><\/div>\n","protected":false},"excerpt":{"rendered":"<p>Producto personalizado Si quieres un producto en una madera, medidas u otras caracter\u00edsticas que no est\u00e9n listadas en las opciones, utiliza el formulario de producto personalizado. Si tienes dudas, consulta la gu\u00eda de compra del producto que quieres personalizar o preg\u00fantame en el formulario. Me pondr\u00e9 en contacto contigo para comunicarte el precio y el [&hellip;]<\/p>\n","protected":false},"author":1,"featured_media":0,"parent":0,"menu_order":0,"comment_status":"closed","ping_status":"closed","template":"","meta":{"_uag_custom_page_level_css":"","site-sidebar-layout":"default","site-content-layout":"","ast-site-content-layout":"default","site-content-style":"default","site-sidebar-style":"default","ast-global-header-display":"","ast-banner-title-visibility":"","ast-main-header-display":"","ast-hfb-above-header-display":"","ast-hfb-below-header-display":"","ast-hfb-mobile-header-display":"","site-post-title":"","ast-breadcrumbs-content":"","ast-featured-img":"","footer-sml-layout":"","ast-disable-related-posts":"","theme-transparent-header-meta":"","adv-header-id-meta":"","stick-header-meta":"","header-above-stick-meta":"","header-main-stick-meta":"","header-below-stick-meta":"","astra-migrate-meta-layouts":"set","ast-page-background-enabled":"default","ast-page-background-meta":{"desktop":{"background-color":"var(--ast-global-color-4)","background-image":"","background-repeat":"repeat","background-position":"center center","background-size":"auto","background-attachment":"scroll","background-type":"","background-media":"","overlay-type":"","overlay-color":"","overlay-opacity":"","overlay-gradient":""},"tablet":{"background-color":"","background-image":"","background-repeat":"repeat","background-position":"center center","background-size":"auto","background-attachment":"scroll","background-type":"","background-media":"","overlay-type":"","overlay-color":"","overlay-opacity":"","overlay-gradient":""},"mobile":{"background-color":"","background-image":"","background-repeat":"repeat","background-position":"center center","background-size":"auto","background-attachment":"scroll","background-type":"","background-media":"","overlay-type":"","overlay-color":"","overlay-opacity":"","overlay-gradient":""}},"ast-content-background-meta":{"desktop":{"background-color":"var(--ast-global-color-5)","background-image":"","background-repeat":"repeat","background-position":"center center","background-size":"auto","background-attachment":"scroll","background-type":"","background-media":"","overlay-type":"","overlay-color":"","overlay-opacity":"","overlay-gradient":""},"tablet":{"background-color":"var(--ast-global-color-5)","background-image":"","background-repeat":"repeat","background-position":"center center","background-size":"auto","background-attachment":"scroll","background-type":"","background-media":"","overlay-type":"","overlay-color":"","overlay-opacity":"","overlay-gradient":""},"mobile":{"background-color":"var(--ast-global-color-5)","background-image":"","background-repeat":"repeat","background-position":"center center","background-size":"auto","background-attachment":"scroll","background-type":"","background-media":"","overlay-type":"","overlay-color":"","overlay-opacity":"","overlay-gradient":""}},"footnotes":""},"class_list":["post-1994","page","type-page","status-publish","hentry"],"uagb_featured_image_src":{"full":false,"thumbnail":false,"medium":false,"medium_large":false,"large":false,"1536x1536":false,"2048x2048":false,"trp-custom-language-flag":false,"woocommerce_thumbnail":false,"woocommerce_single":false,"woocommerce_gallery_thumbnail":false},"uagb_author_info":{"display_name":"Alejandrez","author_link":"https:\/\/sonatacustom.com\/es\/author\/sonatacustomgmail-com\/"},"uagb_comment_info":0,"uagb_excerpt":"Producto personalizado Si quieres un producto en una madera, medidas u otras caracter\u00edsticas que no est\u00e9n listadas en las opciones, utiliza el formulario de producto personalizado. Si tienes dudas, consulta la gu\u00eda de compra del producto que quieres personalizar o preg\u00fantame en el formulario. Me pondr\u00e9 en contacto contigo para comunicarte el precio y el&hellip;","_links":{"self":[{"href":"https:\/\/sonatacustom.com\/es\/wp-json\/wp\/v2\/pages\/1994","targetHints":{"allow":["GET"]}}],"collection":[{"href":"https:\/\/sonatacustom.com\/es\/wp-json\/wp\/v2\/pages"}],"about":[{"href":"https:\/\/sonatacustom.com\/es\/wp-json\/wp\/v2\/types\/page"}],"author":[{"embeddable":true,"href":"https:\/\/sonatacustom.com\/es\/wp-json\/wp\/v2\/users\/1"}],"replies":[{"embeddable":true,"href":"https:\/\/sonatacustom.com\/es\/wp-json\/wp\/v2\/comments?post=1994"}],"version-history":[{"count":8,"href":"https:\/\/sonatacustom.com\/es\/wp-json\/wp\/v2\/pages\/1994\/revisions"}],"predecessor-version":[{"id":3119,"href":"https:\/\/sonatacustom.com\/es\/wp-json\/wp\/v2\/pages\/1994\/revisions\/3119"}],"wp:attachment":[{"href":"https:\/\/sonatacustom.com\/es\/wp-json\/wp\/v2\/media?parent=1994"}],"curies":[{"name":"wp","href":"https:\/\/api.w.org\/{rel}","templated":true}]}}