{"id":10,"date":"2025-03-04T12:01:49","date_gmt":"2025-03-04T12:01:49","guid":{"rendered":"http:\/\/sonatacustom.com\/?page_id=10"},"modified":"2025-10-13T10:26:16","modified_gmt":"2025-10-13T08:26:16","slug":"terminos-y-condiciones","status":"publish","type":"page","link":"https:\/\/sonatacustom.com\/es\/terminos-y-condiciones\/","title":{"rendered":"T\u00e9rminos y condiciones"},"content":{"rendered":"\n<h2 class=\"wp-block-heading\">General<\/h2>\n\n\n\n<p>Todos los productos de Sonata Custom son fabricados bajo demanda. Debido a ello, y a su car\u00e1cter personalizable, desde el momento que tu pedido es aceptado, \u00e9ste no puede ser cancelado ni devuelto. La \u00fanica excepci\u00f3n es en caso de que el art\u00edculo recibido difiera significativamente del solicitado en el pedido. Las ligeras variaciones en dimensiones, color y caracter\u00edsticas propias de un producto fabricado totalmente a mano no se consideran variaci\u00f3n suficiente para justificar la devoluci\u00f3n de un art\u00edculo. Cualquier variaci\u00f3n sobre el producto se concretar\u00e1 antes de que comience su fabricaci\u00f3n.<\/p>\n\n\n\n<p>En este texto se hace distinci\u00f3n entre \u00abproducto\u00bb, listado en la tienda y con caracter\u00edsticas seg\u00fan dise\u00f1o, y \u00abart\u00edculo\u00bb, fabricado a partir de un pedido para un cliente concreto y en el que las caracter\u00edsticas pueden variar ligeramente respecto a las del producto equivalente.<\/p>\n\n\n\n<h2 class=\"wp-block-heading\">Comunicaci\u00f3n con el cliente<\/h2>\n\n\n\n<p>Antes de y durante la fabricaci\u00f3n de un art\u00edculo, y especialemente en el caso de una solicitud realizada a trav\u00e9s del formulario de producto personalizado, Sonata Custom contactar\u00e1 con el cliente para mantenerlo al corriente del estado de su art\u00edculo o para concretar posibilidades de dise\u00f1o, adaptaci\u00f3n y personalizaci\u00f3n del mismo.<\/p>\n\n\n\n<p>En caso de que el cliente, durante la fabricaci\u00f3n de su art\u00edculo, no responda a los mensajes en el plazo de un a\u00f1o, se considerar\u00e1 que lo rechaza pero no se devolver\u00e1 su importe.<\/p>\n\n\n\n<h2 class=\"wp-block-heading\">Caracter\u00edsticas de los productos<\/h2>\n\n\n\n<p>El hardware instalado en algunos productos, como pedaleras, kits de bater\u00eda, etc, as\u00ed como las pinturas y acabados disponibles estan sujetos a su disponibilidad. Sonata Custom se reserva el derecho de modificar dichos elementos sin actualizaci\u00f3n de las imagenes de los productos de la tienda. Sin embargo, siempre se tratar\u00e1 de utilizar elementos de calidad y aspecto similares y actualizar el precio en caso de ser necesario. Las imagenes listadas en la tienda son de art\u00edculos ya vendidos. El cliente acepta que su art\u00edculo pueda ser fotografiado y publicado antes de salir de las instalaciones.<\/p>\n\n\n\n<h2 class=\"wp-block-heading\">Pago<\/h2>\n\n\n\n<p>El pago del importe completo se realizar\u00e1 mediante transferencia bancaria antes de la fabricaci\u00f3n del art\u00edculo. Una vez iniciada la fabricaci\u00f3n ya no se podr\u00e1n realizar cambios sobre \u00e9l ni alteraciones de su precio.<\/p>\n\n\n\n<h2 class=\"wp-block-heading\">Plazo de fabricaci\u00f3n<\/h2>\n\n\n\n<p>El plazo de fabricaci\u00f3n de los productos es variable, pudiendo ser de hasta 3 semanas en el caso de productos con mucho trabajo de acabado. Sin embargo, la existencia de pedidos anteriores pendientes de fabricaci\u00f3n podr\u00edan extender el plazo de recepci\u00f3n del art\u00edculo. Puedes consultar el plazo antes de la compra contactando con Sonata Custom.<\/p>\n\n\n\n<h2 class=\"wp-block-heading\">Env\u00edo<\/h2>\n\n\n\n<p>Los env\u00edos se realizar\u00e1n a trav\u00e9s de SEUR y su importe es gratu\u00edto en pedidos con importe mayor de 200 \u20ac y env\u00edo a Espa\u00f1a peninsular. En caso de extrav\u00edo o da\u00f1o durante el env\u00edo, el producto volver\u00e1 a ser fabricado y enviado con la dilataci\u00f3n del plazo que \u00e9sto conlleva. El cliente tiene la obligaci\u00f3n de comprobar el estado del art\u00edculo durante su recepci\u00f3n y rechazarlo si presenta da\u00f1os.<\/p>\n\n\n\n<h2 class=\"wp-block-heading\">Garant\u00eda<\/h2>\n\n\n\n<p>En caso de requerir una reparaci\u00f3n, Sonata Custom puede enviar las piezas necesarias o recibir el art\u00edculo para su reparaci\u00f3n. No obstante, s\u00f3lo la segunda opci\u00f3n otorga una extensi\u00f3n de garant\u00eda, la cu\u00e1l ser\u00eda de 6 meses a partir de la recepci\u00f3n del art\u00edculo reparado. En caso de haber vencido el periodo de garant\u00eda, los portes, mano de obra y piezas necesarias ser\u00e1n abonados por el cliente antes de la reparaci\u00f3n.<\/p>\n\n\n\n<p>Sonata Custom ofrece una garant\u00eda de dos a\u00f1os a partir de la fecha de env\u00edo del art\u00edculo. Dicha garant\u00eda cubre defectos de fabricaci\u00f3n y\/o dise\u00f1o, pero no cubre el desgaste normal por uso de los productos ni mal uso de \u00e9stos. En caso de problema con un art\u00edculo, el cliente debe ponerse en contacto y proporcionar toda la informaci\u00f3n que se le solicite para evaluar dicho problema. Sonata Custom se reserva el derecho a decidir si el problema se debe a mala utilizaci\u00f3n del art\u00edculo.<\/p>\n","protected":false},"excerpt":{"rendered":"<p>General Todos los productos de Sonata Custom son fabricados bajo demanda. Debido a ello, y a su car\u00e1cter personalizable, desde el momento que tu pedido es aceptado, \u00e9ste no puede ser cancelado ni devuelto. La \u00fanica excepci\u00f3n es en caso de que el art\u00edculo recibido difiera significativamente del solicitado en el pedido. Las ligeras variaciones [&hellip;]<\/p>\n","protected":false},"author":1,"featured_media":0,"parent":0,"menu_order":0,"comment_status":"closed","ping_status":"closed","template":"","meta":{"_uag_custom_page_level_css":"","site-sidebar-layout":"default","site-content-layout":"","ast-site-content-layout":"default","site-content-style":"default","site-sidebar-style":"default","ast-global-header-display":"","ast-banner-title-visibility":"","ast-main-header-display":"","ast-hfb-above-header-display":"","ast-hfb-below-header-display":"","ast-hfb-mobile-header-display":"","site-post-title":"","ast-breadcrumbs-content":"","ast-featured-img":"","footer-sml-layout":"","ast-disable-related-posts":"","theme-transparent-header-meta":"","adv-header-id-meta":"","stick-header-meta":"","header-above-stick-meta":"","header-main-stick-meta":"","header-below-stick-meta":"","astra-migrate-meta-layouts":"set","ast-page-background-enabled":"default","ast-page-background-meta":{"desktop":{"background-color":"var(--ast-global-color-4)","background-image":"","background-repeat":"repeat","background-position":"center center","background-size":"auto","background-attachment":"scroll","background-type":"","background-media":"","overlay-type":"","overlay-color":"","overlay-opacity":"","overlay-gradient":""},"tablet":{"background-color":"","background-image":"","background-repeat":"repeat","background-position":"center center","background-size":"auto","background-attachment":"scroll","background-type":"","background-media":"","overlay-type":"","overlay-color":"","overlay-opacity":"","overlay-gradient":""},"mobile":{"background-color":"","background-image":"","background-repeat":"repeat","background-position":"center center","background-size":"auto","background-attachment":"scroll","background-type":"","background-media":"","overlay-type":"","overlay-color":"","overlay-opacity":"","overlay-gradient":""}},"ast-content-background-meta":{"desktop":{"background-color":"var(--ast-global-color-5)","background-image":"","background-repeat":"repeat","background-position":"center center","background-size":"auto","background-attachment":"scroll","background-type":"","background-media":"","overlay-type":"","overlay-color":"","overlay-opacity":"","overlay-gradient":""},"tablet":{"background-color":"var(--ast-global-color-5)","background-image":"","background-repeat":"repeat","background-position":"center center","background-size":"auto","background-attachment":"scroll","background-type":"","background-media":"","overlay-type":"","overlay-color":"","overlay-opacity":"","overlay-gradient":""},"mobile":{"background-color":"var(--ast-global-color-5)","background-image":"","background-repeat":"repeat","background-position":"center center","background-size":"auto","background-attachment":"scroll","background-type":"","background-media":"","overlay-type":"","overlay-color":"","overlay-opacity":"","overlay-gradient":""}},"footnotes":""},"class_list":["post-10","page","type-page","status-publish","hentry"],"uagb_featured_image_src":{"full":false,"thumbnail":false,"medium":false,"medium_large":false,"large":false,"1536x1536":false,"2048x2048":false,"trp-custom-language-flag":false,"woocommerce_thumbnail":false,"woocommerce_single":false,"woocommerce_gallery_thumbnail":false},"uagb_author_info":{"display_name":"Alejandrez","author_link":"https:\/\/sonatacustom.com\/es\/author\/sonatacustomgmail-com\/"},"uagb_comment_info":0,"uagb_excerpt":"General Todos los productos de Sonata Custom son fabricados bajo demanda. Debido a ello, y a su car\u00e1cter personalizable, desde el momento que tu pedido es aceptado, \u00e9ste no puede ser cancelado ni devuelto. La \u00fanica excepci\u00f3n es en caso de que el art\u00edculo recibido difiera significativamente del solicitado en el pedido. Las ligeras variaciones&hellip;","_links":{"self":[{"href":"https:\/\/sonatacustom.com\/es\/wp-json\/wp\/v2\/pages\/10","targetHints":{"allow":["GET"]}}],"collection":[{"href":"https:\/\/sonatacustom.com\/es\/wp-json\/wp\/v2\/pages"}],"about":[{"href":"https:\/\/sonatacustom.com\/es\/wp-json\/wp\/v2\/types\/page"}],"author":[{"embeddable":true,"href":"https:\/\/sonatacustom.com\/es\/wp-json\/wp\/v2\/users\/1"}],"replies":[{"embeddable":true,"href":"https:\/\/sonatacustom.com\/es\/wp-json\/wp\/v2\/comments?post=10"}],"version-history":[{"count":9,"href":"https:\/\/sonatacustom.com\/es\/wp-json\/wp\/v2\/pages\/10\/revisions"}],"predecessor-version":[{"id":3109,"href":"https:\/\/sonatacustom.com\/es\/wp-json\/wp\/v2\/pages\/10\/revisions\/3109"}],"wp:attachment":[{"href":"https:\/\/sonatacustom.com\/es\/wp-json\/wp\/v2\/media?parent=10"}],"curies":[{"name":"wp","href":"https:\/\/api.w.org\/{rel}","templated":true}]}}