{"id":3371,"date":"2026-04-07T09:00:41","date_gmt":"2026-04-07T07:00:41","guid":{"rendered":"https:\/\/sonatacustom.com\/?post_type=product&#038;p=3371"},"modified":"2026-05-08T12:04:29","modified_gmt":"2026-05-08T10:04:29","slug":"caja-brass-beauty","status":"publish","type":"product","link":"https:\/\/sonatacustom.com\/en\/product\/caja-brass-beauty\/","title":{"rendered":"Stein Drums 14\u00d76,5\u201d Brass Beauty (in stock)"},"content":{"rendered":"<p>This snare was created with a clear goal: to capture the essence of the most recorded snare sound in history\u2014that of the Black Beauty\u2014and enhance its performance. Built around a brass shell with the iconic Black Nickel finish, it delivers that unmistakable combination of warmth, brightness, and exceptional sensitivity.<\/p>\n<p>We did not stop at aesthetics. To ensure maximum precision, we have equipped this model with the Trick GS007 strainer, one of the best on the market. The setup is completed with brass-plated die-cast hoops, which not only create a striking visual contrast against the black shell, but also focus the overtones and deliver a powerful, controlled rimshot.<\/p>","protected":false},"excerpt":{"rendered":"<ul>\n<li aria-level=\"1\">14\u00d76,5\u201d brass shell, 1,3 mm thick.<\/li>\n<li aria-level=\"1\">Black Nickel finish.<\/li>\n<li aria-level=\"1\">10 tension points.<\/li>\n<li aria-level=\"1\">Brass plated die cast hoops.<\/li>\n<li aria-level=\"1\">Brass plated T13 tube lugs.<\/li>\n<li aria-level=\"1\">45\u00ba bearing edges.<\/li>\n<li aria-level=\"1\">Black Trick GS007 snare strainer.<\/li>\n<li aria-level=\"1\">20-strand phosphor bronze snare wire.<\/li>\n<li aria-level=\"1\">Remo heads.<\/li>\n<li aria-level=\"1\">Handcrafted in Galicia by Sonata Custom.<\/li>\n<li aria-level=\"1\">More options available through the <a href=\"https:\/\/forms.gle\/989m7yHBBCtaYfUA9\">customization form<\/a>.<\/li>\n<\/ul>","protected":false},"featured_media":3373,"comment_status":"open","ping_status":"closed","template":"","meta":{"_uag_custom_page_level_css":"","site-sidebar-layout":"default","site-content-layout":"","ast-site-content-layout":"default","site-content-style":"default","site-sidebar-style":"default","ast-global-header-display":"","ast-banner-title-visibility":"","ast-main-header-display":"","ast-hfb-above-header-display":"","ast-hfb-below-header-display":"","ast-hfb-mobile-header-display":"","site-post-title":"","ast-breadcrumbs-content":"","ast-featured-img":"","footer-sml-layout":"","ast-disable-related-posts":"","theme-transparent-header-meta":"default","adv-header-id-meta":"","stick-header-meta":"","header-above-stick-meta":"","header-main-stick-meta":"","header-below-stick-meta":"","astra-migrate-meta-layouts":"set","ast-page-background-enabled":"default","ast-page-background-meta":{"desktop":{"background-color":"var(--ast-global-color-4)","background-image":"","background-repeat":"repeat","background-position":"center center","background-size":"auto","background-attachment":"scroll","background-type":"","background-media":"","overlay-type":"","overlay-color":"","overlay-opacity":"","overlay-gradient":""},"tablet":{"background-color":"","background-image":"","background-repeat":"repeat","background-position":"center center","background-size":"auto","background-attachment":"scroll","background-type":"","background-media":"","overlay-type":"","overlay-color":"","overlay-opacity":"","overlay-gradient":""},"mobile":{"background-color":"","background-image":"","background-repeat":"repeat","background-position":"center center","background-size":"auto","background-attachment":"scroll","background-type":"","background-media":"","overlay-type":"","overlay-color":"","overlay-opacity":"","overlay-gradient":""}},"ast-content-background-meta":{"desktop":{"background-color":"var(--ast-global-color-5)","background-image":"","background-repeat":"repeat","background-position":"center center","background-size":"auto","background-attachment":"scroll","background-type":"","background-media":"","overlay-type":"","overlay-color":"","overlay-opacity":"","overlay-gradient":""},"tablet":{"background-color":"var(--ast-global-color-5)","background-image":"","background-repeat":"repeat","background-position":"center center","background-size":"auto","background-attachment":"scroll","background-type":"","background-media":"","overlay-type":"","overlay-color":"","overlay-opacity":"","overlay-gradient":""},"mobile":{"background-color":"var(--ast-global-color-5)","background-image":"","background-repeat":"repeat","background-position":"center center","background-size":"auto","background-attachment":"scroll","background-type":"","background-media":"","overlay-type":"","overlay-color":"","overlay-opacity":"","overlay-gradient":""}}},"product_brand":[],"product_cat":[48],"product_tag":[],"class_list":{"0":"post-3371","1":"product","2":"type-product","3":"status-publish","4":"has-post-thumbnail","6":"product_cat-cajas-stein-drums","7":"desktop-align-left","8":"tablet-align-left","9":"mobile-align-left","11":"first","12":"instock","13":"taxable","14":"shipping-taxable","15":"purchasable","16":"product-type-simple"},"uagb_featured_image_src":{"full":["https:\/\/sonatacustom.com\/wp-content\/uploads\/2026\/04\/DSC01185-scaled.jpg",2560,1707,false],"thumbnail":["https:\/\/sonatacustom.com\/wp-content\/uploads\/2026\/04\/DSC01185-150x150.jpg",150,150,true],"medium":["https:\/\/sonatacustom.com\/wp-content\/uploads\/2026\/04\/DSC01185-300x200.jpg",300,200,true],"medium_large":["https:\/\/sonatacustom.com\/wp-content\/uploads\/2026\/04\/DSC01185-768x512.jpg",768,512,true],"large":["https:\/\/sonatacustom.com\/wp-content\/uploads\/2026\/04\/DSC01185-1024x683.jpg",1024,683,true],"1536x1536":["https:\/\/sonatacustom.com\/wp-content\/uploads\/2026\/04\/DSC01185-1536x1024.jpg",1536,1024,true],"2048x2048":["https:\/\/sonatacustom.com\/wp-content\/uploads\/2026\/04\/DSC01185-2048x1365.jpg",2048,1365,true],"trp-custom-language-flag":["https:\/\/sonatacustom.com\/wp-content\/uploads\/2026\/04\/DSC01185-18x12.jpg",18,12,true],"woocommerce_thumbnail":["https:\/\/sonatacustom.com\/wp-content\/uploads\/2026\/04\/DSC01185-300x200.jpg",300,200,true],"woocommerce_single":["https:\/\/sonatacustom.com\/wp-content\/uploads\/2026\/04\/DSC01185-600x400.jpg",600,400,true],"woocommerce_gallery_thumbnail":["https:\/\/sonatacustom.com\/wp-content\/uploads\/2026\/04\/DSC01185-100x100.jpg",100,100,true]},"uagb_author_info":{"display_name":"Alejandrez","author_link":"https:\/\/sonatacustom.com\/en\/author\/"},"uagb_comment_info":0,"uagb_excerpt":"Casco de lat\u00f3n 14x6,5\u201d de 1,3 mm de grosor. Acabado Black Nickel. 10 puntos de afinaci\u00f3n. Aros Die Cast chapados en lat\u00f3n. Bellotas de tubo T13 lat\u00f3n. Bearing edges a 45\u00ba. Sistema bordonero Trick GS007 negro. Bord\u00f3n bronce fosforado de 20 hilos. Parches Remo. Fabricada artesanalmente en Galicia por Sonata Custom. M\u00e1s opciones disponibles a&hellip;","_links":{"self":[{"href":"https:\/\/sonatacustom.com\/en\/wp-json\/wp\/v2\/product\/3371","targetHints":{"allow":["GET"]}}],"collection":[{"href":"https:\/\/sonatacustom.com\/en\/wp-json\/wp\/v2\/product"}],"about":[{"href":"https:\/\/sonatacustom.com\/en\/wp-json\/wp\/v2\/types\/product"}],"replies":[{"embeddable":true,"href":"https:\/\/sonatacustom.com\/en\/wp-json\/wp\/v2\/comments?post=3371"}],"wp:featuredmedia":[{"embeddable":true,"href":"https:\/\/sonatacustom.com\/en\/wp-json\/wp\/v2\/media\/3373"}],"wp:attachment":[{"href":"https:\/\/sonatacustom.com\/en\/wp-json\/wp\/v2\/media?parent=3371"}],"wp:term":[{"taxonomy":"product_brand","embeddable":true,"href":"https:\/\/sonatacustom.com\/en\/wp-json\/wp\/v2\/product_brand?post=3371"},{"taxonomy":"product_cat","embeddable":true,"href":"https:\/\/sonatacustom.com\/en\/wp-json\/wp\/v2\/product_cat?post=3371"},{"taxonomy":"product_tag","embeddable":true,"href":"https:\/\/sonatacustom.com\/en\/wp-json\/wp\/v2\/product_tag?post=3371"}],"curies":[{"name":"wp","href":"https:\/\/api.w.org\/{rel}","templated":true}]}}