{"id":1892,"date":"2025-02-11T15:48:15","date_gmt":"2025-02-11T15:48:15","guid":{"rendered":"https:\/\/sonatacustom.com\/?post_type=product&#038;p=1892"},"modified":"2025-12-01T10:32:26","modified_gmt":"2025-12-01T08:32:26","slug":"claves-tradicionales","status":"publish","type":"product","link":"https:\/\/sonatacustom.com\/en\/product\/claves-tradicionales\/","title":{"rendered":"Traditional claves"},"content":{"rendered":"<p>Discover the authentic rhythm with our handmade wooden claves!<\/p>\n<p>In every pair of our claves lies a story of dedication and art. Handmade with passion and precision, our wooden claves are not just instruments, but unique pieces of art that carry the personal touch of their creator. Each set is fully customizable, allowing you to choose everything from the type of wood to the design and size, ensuring that each pair is perfect for your style and musical needs.<\/p>\n<ul>\n<li>Traditional claves 180 mm in length and 30 mm in diameter.<\/li>\n<li>Oil finish to keep the wood's sound intact.<\/li>\n<\/ul>\n<p>If you want to know more about the product, you can check the <a href=\"https:\/\/sonatacustom.com\/en\/guias-de-compra\/guia-claves\/\">shopping guide<\/a>.<\/p>\n<p>If you want a different size or a different wood for the two claves, you can use the <a href=\"https:\/\/sonatacustom.com\/en\/producto-personalizado\/\">custom product form<\/a>.<\/p>","protected":false},"excerpt":{"rendered":"<ul>\n<li>Solid wood choice of iroko, sapele, cherry, and wenge.<\/li>\n<li>Optional darkened ends (not available for wenge).<\/li>\n<li>180 mm in length and 30 mm in diameter (pair).<\/li>\n<li>Oil finish.<\/li>\n<\/ul>","protected":false},"featured_media":2663,"comment_status":"open","ping_status":"closed","template":"","meta":{"_uag_custom_page_level_css":"","site-sidebar-layout":"default","site-content-layout":"","ast-site-content-layout":"default","site-content-style":"default","site-sidebar-style":"default","ast-global-header-display":"","ast-banner-title-visibility":"","ast-main-header-display":"","ast-hfb-above-header-display":"","ast-hfb-below-header-display":"","ast-hfb-mobile-header-display":"","site-post-title":"","ast-breadcrumbs-content":"","ast-featured-img":"","footer-sml-layout":"","ast-disable-related-posts":"","theme-transparent-header-meta":"default","adv-header-id-meta":"","stick-header-meta":"","header-above-stick-meta":"","header-main-stick-meta":"","header-below-stick-meta":"","astra-migrate-meta-layouts":"set","ast-page-background-enabled":"default","ast-page-background-meta":{"desktop":{"background-color":"var(--ast-global-color-4)","background-image":"","background-repeat":"repeat","background-position":"center center","background-size":"auto","background-attachment":"scroll","background-type":"","background-media":"","overlay-type":"","overlay-color":"","overlay-opacity":"","overlay-gradient":""},"tablet":{"background-color":"","background-image":"","background-repeat":"repeat","background-position":"center center","background-size":"auto","background-attachment":"scroll","background-type":"","background-media":"","overlay-type":"","overlay-color":"","overlay-opacity":"","overlay-gradient":""},"mobile":{"background-color":"","background-image":"","background-repeat":"repeat","background-position":"center center","background-size":"auto","background-attachment":"scroll","background-type":"","background-media":"","overlay-type":"","overlay-color":"","overlay-opacity":"","overlay-gradient":""}},"ast-content-background-meta":{"desktop":{"background-color":"var(--ast-global-color-5)","background-image":"","background-repeat":"repeat","background-position":"center center","background-size":"auto","background-attachment":"scroll","background-type":"","background-media":"","overlay-type":"","overlay-color":"","overlay-opacity":"","overlay-gradient":""},"tablet":{"background-color":"var(--ast-global-color-5)","background-image":"","background-repeat":"repeat","background-position":"center center","background-size":"auto","background-attachment":"scroll","background-type":"","background-media":"","overlay-type":"","overlay-color":"","overlay-opacity":"","overlay-gradient":""},"mobile":{"background-color":"var(--ast-global-color-5)","background-image":"","background-repeat":"repeat","background-position":"center center","background-size":"auto","background-attachment":"scroll","background-type":"","background-media":"","overlay-type":"","overlay-color":"","overlay-opacity":"","overlay-gradient":""}}},"product_brand":[],"product_cat":[30],"product_tag":[],"class_list":{"0":"post-1892","1":"product","2":"type-product","3":"status-publish","4":"has-post-thumbnail","6":"product_cat-percusion","7":"desktop-align-left","8":"tablet-align-left","9":"mobile-align-left","11":"first","12":"instock","13":"taxable","14":"shipping-taxable","15":"purchasable","16":"product-type-simple"},"uagb_featured_image_src":{"full":["https:\/\/sonatacustom.com\/wp-content\/uploads\/2025\/03\/claves_tradicionales_wenge_general-scaled.jpg",2560,1707,false],"thumbnail":["https:\/\/sonatacustom.com\/wp-content\/uploads\/2025\/03\/claves_tradicionales_wenge_general-150x150.jpg",150,150,true],"medium":["https:\/\/sonatacustom.com\/wp-content\/uploads\/2025\/03\/claves_tradicionales_wenge_general-300x200.jpg",300,200,true],"medium_large":["https:\/\/sonatacustom.com\/wp-content\/uploads\/2025\/03\/claves_tradicionales_wenge_general-768x512.jpg",768,512,true],"large":["https:\/\/sonatacustom.com\/wp-content\/uploads\/2025\/03\/claves_tradicionales_wenge_general-1024x683.jpg",1024,683,true],"1536x1536":["https:\/\/sonatacustom.com\/wp-content\/uploads\/2025\/03\/claves_tradicionales_wenge_general-1536x1024.jpg",1536,1024,true],"2048x2048":["https:\/\/sonatacustom.com\/wp-content\/uploads\/2025\/03\/claves_tradicionales_wenge_general-2048x1365.jpg",2048,1365,true],"trp-custom-language-flag":["https:\/\/sonatacustom.com\/wp-content\/uploads\/2025\/03\/claves_tradicionales_wenge_general-scaled.jpg",18,12,false],"woocommerce_thumbnail":["https:\/\/sonatacustom.com\/wp-content\/uploads\/2025\/03\/claves_tradicionales_wenge_general-scaled-300x200.jpg",300,200,true],"woocommerce_single":["https:\/\/sonatacustom.com\/wp-content\/uploads\/2025\/03\/claves_tradicionales_wenge_general-scaled-600x400.jpg",600,400,true],"woocommerce_gallery_thumbnail":["https:\/\/sonatacustom.com\/wp-content\/uploads\/2025\/03\/claves_tradicionales_wenge_general-scaled-100x100.jpg",100,100,true]},"uagb_author_info":{"display_name":"Alejandrez","author_link":"https:\/\/sonatacustom.com\/en\/author\/"},"uagb_comment_info":1,"uagb_excerpt":"Madera maciza, a elegir entre iroko, sapelli, cerezo y weng\u00e9. Borde oscurecido opcional (no disponible para weng\u00e9). 180 mm de largo y 30 mm de di\u00e1metro (pareja). Acabado al aceite.","_links":{"self":[{"href":"https:\/\/sonatacustom.com\/en\/wp-json\/wp\/v2\/product\/1892","targetHints":{"allow":["GET"]}}],"collection":[{"href":"https:\/\/sonatacustom.com\/en\/wp-json\/wp\/v2\/product"}],"about":[{"href":"https:\/\/sonatacustom.com\/en\/wp-json\/wp\/v2\/types\/product"}],"replies":[{"embeddable":true,"href":"https:\/\/sonatacustom.com\/en\/wp-json\/wp\/v2\/comments?post=1892"}],"wp:featuredmedia":[{"embeddable":true,"href":"https:\/\/sonatacustom.com\/en\/wp-json\/wp\/v2\/media\/2663"}],"wp:attachment":[{"href":"https:\/\/sonatacustom.com\/en\/wp-json\/wp\/v2\/media?parent=1892"}],"wp:term":[{"taxonomy":"product_brand","embeddable":true,"href":"https:\/\/sonatacustom.com\/en\/wp-json\/wp\/v2\/product_brand?post=1892"},{"taxonomy":"product_cat","embeddable":true,"href":"https:\/\/sonatacustom.com\/en\/wp-json\/wp\/v2\/product_cat?post=1892"},{"taxonomy":"product_tag","embeddable":true,"href":"https:\/\/sonatacustom.com\/en\/wp-json\/wp\/v2\/product_tag?post=1892"}],"curies":[{"name":"wp","href":"https:\/\/api.w.org\/{rel}","templated":true}]}}