{"id":325,"date":"2025-03-18T16:29:11","date_gmt":"2025-03-18T16:29:11","guid":{"rendered":"https:\/\/\/home\/"},"modified":"2025-03-13T10:36:51","modified_gmt":"2025-03-13T10:36:51","slug":"pagina-principal","status":"publish","type":"page","link":"https:\/\/sonatacustom.com\/en\/","title":{"rendered":"P\u00e1gina principal"},"content":{"rendered":"<div class=\"wp-block-cover alignwide is-light has-parallax is-repeated\" style=\"min-height:421px;aspect-ratio:unset;\"><span aria-hidden=\"true\" class=\"wp-block-cover__background has-background-dim-0 has-background-dim\" style=\"background-color:#8d827b\"><\/span><div class=\"wp-block-cover__image-background wp-image-2472 has-parallax is-repeated\" style=\"background-position:50% 50%;background-image:url(https:\/\/sonatacustom.com\/wp-content\/uploads\/2025\/03\/fondo_virutas-scaled.jpg)\"><\/div><div class=\"wp-block-cover__inner-container is-layout-flow wp-block-cover-is-layout-flow\">\n<p class=\"has-text-align-center has-large-font-size\"><\/p>\n<\/div><\/div>\n\n\n\n<div class=\"wp-block-uagb-container uagb-block-d0d95ddb alignfull uagb-is-root-container\"><div class=\"uagb-container-inner-blocks-wrap\">\n<div class=\"wp-block-uagb-container uagb-block-1fe8315a\">\n<div class=\"wp-block-uagb-advanced-heading uagb-block-396a3aea\"><h4 class=\"uagb-heading-text\">Sonata Custom products are focused in customization possibilities<\/h4><\/div>\n\n\n\n<p>A product specially designed for you is undoubtedly something special. To ensure you have the best experience making music, you decide how your instrument will be.<\/p>\n\n\n\n<p>You can visit the shop and choose from the pre-configured options. If you need something more specific, use the custom product form, where you can describe in full detail how you want the instrument I\u2019ll make for you to be.<\/p>\n\n\n\n<div class=\"wp-block-buttons is-content-justification-center is-layout-flex wp-container-core-buttons-is-layout-b5994976 wp-block-buttons-is-layout-flex\">\n<div class=\"wp-block-button has-custom-width wp-block-button__width-50\"><a class=\"wp-block-button__link wp-element-button\" href=\"https:\/\/sonatacustom.com\/en\/tienda\/\">Shop<\/a><\/div>\n\n\n\n<div class=\"wp-block-button has-custom-width wp-block-button__width-50\"><a class=\"wp-block-button__link wp-element-button\" href=\"https:\/\/sonatacustom.com\/en\/producto-personalizado\/\">Customize your product<\/a><\/div>\n<\/div>\n<\/div>\n\n\n\n<div class=\"wp-block-uagb-container uagb-block-d01c4098\">\n<figure class=\"wp-block-image size-large\"><img loading=\"lazy\" decoding=\"async\" width=\"1024\" height=\"683\" src=\"https:\/\/sonatacustom.com\/wp-content\/uploads\/2025\/03\/cepillo_detalle-1024x683.jpg\" alt=\"\" class=\"wp-image-2471\" srcset=\"https:\/\/sonatacustom.com\/wp-content\/uploads\/2025\/03\/cepillo_detalle-1024x683.jpg 1024w, https:\/\/sonatacustom.com\/wp-content\/uploads\/2025\/03\/cepillo_detalle-300x200.jpg 300w, https:\/\/sonatacustom.com\/wp-content\/uploads\/2025\/03\/cepillo_detalle-scaled-600x400.jpg 600w, https:\/\/sonatacustom.com\/wp-content\/uploads\/2025\/03\/cepillo_detalle-768x512.jpg 768w, https:\/\/sonatacustom.com\/wp-content\/uploads\/2025\/03\/cepillo_detalle-1536x1024.jpg 1536w, https:\/\/sonatacustom.com\/wp-content\/uploads\/2025\/03\/cepillo_detalle-2048x1365.jpg 2048w\" sizes=\"auto, (max-width: 1024px) 100vw, 1024px\" \/><\/figure>\n<\/div>\n<\/div><\/div>\n\n\n\n<div class=\"wp-block-cover aligncenter is-light has-parallax is-repeated\" style=\"min-height:50px;aspect-ratio:unset;\"><span aria-hidden=\"true\" class=\"wp-block-cover__background has-background-dim\" style=\"background-color:#8d827b\"><\/span><div class=\"wp-block-cover__image-background wp-image-2472 has-parallax is-repeated\" style=\"background-position:50% 50%;background-image:url(https:\/\/sonatacustom.com\/wp-content\/uploads\/2025\/03\/fondo_virutas-scaled.jpg)\"><\/div><div class=\"wp-block-cover__inner-container is-layout-flow wp-block-cover-is-layout-flow\">\n<p class=\"has-text-align-center has-large-font-size\"><\/p>\n<\/div><\/div>\n\n\n\n<div class=\"wp-block-uagb-container uagb-layout-grid uagb-block-e94db61c alignfull uagb-is-root-container\"><div class=\"uagb-container-inner-blocks-wrap\">\n<div class=\"wp-block-uagb-container uagb-block-c687d0d0\">\n<figure class=\"wp-block-image aligncenter size-large\"><img loading=\"lazy\" decoding=\"async\" width=\"1024\" height=\"683\" src=\"https:\/\/sonatacustom.com\/wp-content\/uploads\/2025\/03\/nest_kit_18_dentro-1024x683.jpg\" alt=\"\" class=\"wp-image-2670\" srcset=\"https:\/\/sonatacustom.com\/wp-content\/uploads\/2025\/03\/nest_kit_18_dentro-1024x683.jpg 1024w, https:\/\/sonatacustom.com\/wp-content\/uploads\/2025\/03\/nest_kit_18_dentro-300x200.jpg 300w, https:\/\/sonatacustom.com\/wp-content\/uploads\/2025\/03\/nest_kit_18_dentro-scaled-600x400.jpg 600w, https:\/\/sonatacustom.com\/wp-content\/uploads\/2025\/03\/nest_kit_18_dentro-768x512.jpg 768w, https:\/\/sonatacustom.com\/wp-content\/uploads\/2025\/03\/nest_kit_18_dentro-1536x1024.jpg 1536w, https:\/\/sonatacustom.com\/wp-content\/uploads\/2025\/03\/nest_kit_18_dentro-2048x1365.jpg 2048w\" sizes=\"auto, (max-width: 1024px) 100vw, 1024px\" \/><\/figure>\n<\/div>\n\n\n\n<div class=\"wp-block-uagb-container uagb-block-bd4310c1\">\n<div class=\"wp-block-uagb-advanced-heading uagb-block-7f3e3783\"><h4 class=\"uagb-heading-text\">Doubts about how a product can be tailored to you? <\/h4><\/div>\n\n\n\n<p>If you're unsure how to make your instrument fit your needs or want to explore the available customization options, I\u2019ve created a series of buying guides for each product. In them, I explain in detail how Sonata Custom instruments are built and what modifications can be made to the designs. Furthermore, if you have any questions that the guides don't answer, you can contact me, and I\u2019ll help ensure your instrument perfectly suits your tastes and needs.<\/p>\n\n\n\n<div class=\"wp-block-buttons is-content-justification-center is-layout-flex wp-container-core-buttons-is-layout-b5994976 wp-block-buttons-is-layout-flex\">\n<div class=\"wp-block-button has-custom-width wp-block-button__width-75\"><a class=\"wp-block-button__link wp-element-button\" href=\"https:\/\/sonatacustom.com\/en\/guias-de-compra\/\">Shopping Guides<\/a><\/div>\n<\/div>\n<\/div>\n<\/div><\/div>\n\n\n\n<div class=\"wp-block-cover is-light has-parallax is-repeated\" style=\"min-height:50px;aspect-ratio:unset;\"><span aria-hidden=\"true\" class=\"wp-block-cover__background has-background-dim\" style=\"background-color:#8d827b\"><\/span><div class=\"wp-block-cover__image-background wp-image-2472 has-parallax is-repeated\" style=\"background-position:50% 50%;background-image:url(https:\/\/sonatacustom.com\/wp-content\/uploads\/2025\/03\/fondo_virutas-scaled.jpg)\"><\/div><div class=\"wp-block-cover__inner-container is-layout-constrained wp-block-cover-is-layout-constrained\">\n<p class=\"has-text-align-center has-large-font-size\"><\/p>\n<\/div><\/div>\n\n\n\n<div class=\"wp-block-uagb-container uagb-layout-grid uagb-block-33e6d0af alignfull uagb-is-root-container\"><div class=\"uagb-container-inner-blocks-wrap\">\n<div class=\"wp-block-uagb-container uagb-block-166dae3e\">\n<div class=\"wp-block-uagb-advanced-heading uagb-block-68396397\"><h4 class=\"uagb-heading-text\">Want to get to know the craftsman?<\/h4><\/div>\n\n\n\n<p>Visit the \u00ababout me\u00bb page if you want to learn a little more about who makes the products at Sonata Custom.<\/p>\n\n\n\n<div class=\"wp-block-buttons is-content-justification-center is-layout-flex wp-container-core-buttons-is-layout-b5994976 wp-block-buttons-is-layout-flex\">\n<div class=\"wp-block-button has-custom-width wp-block-button__width-75\"><a class=\"wp-block-button__link wp-element-button\" href=\"https:\/\/sonatacustom.com\/en\/sobre-mi\/\">About me<\/a><\/div>\n<\/div>\n<\/div>\n\n\n\n<div class=\"wp-block-uagb-container uagb-block-bfd5f415\">\n<figure class=\"wp-block-image size-large\"><img loading=\"lazy\" decoding=\"async\" width=\"1024\" height=\"739\" src=\"https:\/\/sonatacustom.com\/wp-content\/uploads\/2025\/03\/sierra_mesa-scaled-e1741790810129-1024x739.jpg\" alt=\"\" class=\"wp-image-2474\" srcset=\"https:\/\/sonatacustom.com\/wp-content\/uploads\/2025\/03\/sierra_mesa-scaled-e1741790810129-1024x739.jpg 1024w, https:\/\/sonatacustom.com\/wp-content\/uploads\/2025\/03\/sierra_mesa-scaled-e1741790810129-300x217.jpg 300w, https:\/\/sonatacustom.com\/wp-content\/uploads\/2025\/03\/sierra_mesa-scaled-e1741790810129-600x433.jpg 600w, https:\/\/sonatacustom.com\/wp-content\/uploads\/2025\/03\/sierra_mesa-scaled-e1741790810129-768x554.jpg 768w, https:\/\/sonatacustom.com\/wp-content\/uploads\/2025\/03\/sierra_mesa-scaled-e1741790810129.jpg 1330w\" sizes=\"auto, (max-width: 1024px) 100vw, 1024px\" \/><\/figure>\n<\/div>\n<\/div><\/div>\n\n\n\n<div class=\"wp-block-cover is-light has-parallax is-repeated\" style=\"min-height:50px;aspect-ratio:unset;\"><span aria-hidden=\"true\" class=\"wp-block-cover__background has-background-dim\" style=\"background-color:#8d827b\"><\/span><div class=\"wp-block-cover__image-background wp-image-2472 has-parallax is-repeated\" style=\"background-position:50% 50%;background-image:url(https:\/\/sonatacustom.com\/wp-content\/uploads\/2025\/03\/fondo_virutas-scaled.jpg)\"><\/div><div class=\"wp-block-cover__inner-container is-layout-constrained wp-block-cover-is-layout-constrained\">\n<p class=\"has-text-align-center has-large-font-size\"><\/p>\n<\/div><\/div>\n\n\n\n<div class=\"wp-block-uagb-container uagb-layout-grid uagb-block-b24ba2ab alignfull uagb-is-root-container\"><div class=\"uagb-container-inner-blocks-wrap\">\n<div class=\"wp-block-uagb-container uagb-block-832cf12d\">\n<figure class=\"wp-block-image size-large\"><img loading=\"lazy\" decoding=\"async\" width=\"1024\" height=\"683\" src=\"https:\/\/sonatacustom.com\/wp-content\/uploads\/2025\/03\/cepillo_3-1024x683.jpg\" alt=\"\" class=\"wp-image-2552\" srcset=\"https:\/\/sonatacustom.com\/wp-content\/uploads\/2025\/03\/cepillo_3-1024x683.jpg 1024w, https:\/\/sonatacustom.com\/wp-content\/uploads\/2025\/03\/cepillo_3-300x200.jpg 300w, https:\/\/sonatacustom.com\/wp-content\/uploads\/2025\/03\/cepillo_3-scaled-600x400.jpg 600w, https:\/\/sonatacustom.com\/wp-content\/uploads\/2025\/03\/cepillo_3-768x512.jpg 768w, https:\/\/sonatacustom.com\/wp-content\/uploads\/2025\/03\/cepillo_3-1536x1024.jpg 1536w, https:\/\/sonatacustom.com\/wp-content\/uploads\/2025\/03\/cepillo_3-2048x1365.jpg 2048w\" sizes=\"auto, (max-width: 1024px) 100vw, 1024px\" \/><\/figure>\n<\/div>\n\n\n\n<div class=\"wp-block-uagb-container uagb-block-497765bd\">\n<div class=\"wp-block-uagb-advanced-heading uagb-block-84522dcb\"><h4 class=\"uagb-heading-text\">Check the updates<\/h4><\/div>\n\n\n\n<p>As a craftsman, I always strive to improve continuously. In addition to constant practice, which enhances my skills in shaping wood, I try to optimize my designs both functionally and aesthetically. Due to practical limitations, I can't update all the photos in the shop for small design changes, so I showcase them on the news page.<\/p>\n\n\n\n<div class=\"wp-block-buttons is-content-justification-center is-layout-flex wp-container-core-buttons-is-layout-b5994976 wp-block-buttons-is-layout-flex\">\n<div class=\"wp-block-button has-custom-width wp-block-button__width-75\"><a class=\"wp-block-button__link wp-element-button\" href=\"https:\/\/sonatacustom.com\/en\/noticias\/\">News<\/a><\/div>\n<\/div>\n<\/div>\n<\/div><\/div>\n\n\n\n<div class=\"wp-block-cover is-light has-parallax is-repeated\" style=\"min-height:50px;aspect-ratio:unset;\"><span aria-hidden=\"true\" class=\"wp-block-cover__background has-background-dim\" style=\"background-color:#8d827b\"><\/span><div class=\"wp-block-cover__image-background wp-image-2472 has-parallax is-repeated\" style=\"background-position:50% 50%;background-image:url(https:\/\/sonatacustom.com\/wp-content\/uploads\/2025\/03\/fondo_virutas-scaled.jpg)\"><\/div><div class=\"wp-block-cover__inner-container is-layout-constrained wp-block-cover-is-layout-constrained\">\n<p class=\"has-text-align-center has-large-font-size\"><\/p>\n<\/div><\/div>\n\n\n\n<div class=\"wp-block-uagb-container uagb-layout-grid uagb-block-efcd5777 alignfull uagb-is-root-container\"><div class=\"uagb-container-inner-blocks-wrap\">\n<div class=\"wp-block-uagb-container uagb-block-828f8d9a\">\n<div class=\"wp-block-uagb-advanced-heading uagb-block-5a8c7717\"><h4 class=\"uagb-heading-text\">Precision and Quality Craftsmanship<\/h4><\/div>\n\n\n\n<p>All Sonata Custom products are crafted to a high standard of quality, with no detail left to chance. From the selection of the finest woods to the final assembly, everything is done with the utmost attention to detail.<\/p>\n<\/div>\n<\/div><\/div>\n\n\n\n<p><\/p>","protected":false},"excerpt":{"rendered":"<p>Los productos de Sonata Custom se enfocan en las posibilidades de personalizaci\u00f3n Un producto especialmente dise\u00f1ado para ti sin duda es algo especial. Para que tengas la mejor experiencia haciendo m\u00fasica, t\u00fa decides c\u00f3mo va a ser tu instrumento. Puedes visitar la tienda y escoger entre las opciones preconfiguradas. Si necesitas algo m\u00e1s espec\u00edfico, utiliza [&hellip;]<\/p>","protected":false},"author":1,"featured_media":0,"parent":0,"menu_order":0,"comment_status":"closed","ping_status":"closed","template":"","meta":{"_uag_custom_page_level_css":"","site-sidebar-layout":"no-sidebar","site-content-layout":"plain-container","ast-site-content-layout":"full-width-container","site-content-style":"unboxed","site-sidebar-style":"unboxed","ast-global-header-display":"","ast-banner-title-visibility":"","ast-main-header-display":"","ast-hfb-above-header-display":"","ast-hfb-below-header-display":"","ast-hfb-mobile-header-display":"","site-post-title":"disabled","ast-breadcrumbs-content":"","ast-featured-img":"disabled","footer-sml-layout":"","ast-disable-related-posts":"","theme-transparent-header-meta":"default","adv-header-id-meta":"","stick-header-meta":"","header-above-stick-meta":"","header-main-stick-meta":"","header-below-stick-meta":"","astra-migrate-meta-layouts":"set","ast-page-background-enabled":"default","ast-page-background-meta":{"desktop":{"background-color":"var(--ast-global-color-4)","background-image":"","background-repeat":"repeat","background-position":"center center","background-size":"auto","background-attachment":"scroll","background-type":"","background-media":"","overlay-type":"","overlay-color":"","overlay-opacity":"","overlay-gradient":""},"tablet":{"background-color":"","background-image":"","background-repeat":"repeat","background-position":"center center","background-size":"auto","background-attachment":"scroll","background-type":"","background-media":"","overlay-type":"","overlay-color":"","overlay-opacity":"","overlay-gradient":""},"mobile":{"background-color":"","background-image":"","background-repeat":"repeat","background-position":"center center","background-size":"auto","background-attachment":"scroll","background-type":"","background-media":"","overlay-type":"","overlay-color":"","overlay-opacity":"","overlay-gradient":""}},"ast-content-background-meta":{"desktop":{"background-color":"var(--ast-global-color-5)","background-image":"","background-repeat":"repeat","background-position":"center center","background-size":"auto","background-attachment":"scroll","background-type":"","background-media":"","overlay-type":"","overlay-color":"","overlay-opacity":"","overlay-gradient":""},"tablet":{"background-color":"var(--ast-global-color-5)","background-image":"","background-repeat":"repeat","background-position":"center center","background-size":"auto","background-attachment":"scroll","background-type":"","background-media":"","overlay-type":"","overlay-color":"","overlay-opacity":"","overlay-gradient":""},"mobile":{"background-color":"var(--ast-global-color-5)","background-image":"","background-repeat":"repeat","background-position":"center center","background-size":"auto","background-attachment":"scroll","background-type":"","background-media":"","overlay-type":"","overlay-color":"","overlay-opacity":"","overlay-gradient":""}},"footnotes":""},"class_list":["post-325","page","type-page","status-publish","hentry"],"uagb_featured_image_src":{"full":false,"thumbnail":false,"medium":false,"medium_large":false,"large":false,"1536x1536":false,"2048x2048":false,"trp-custom-language-flag":false,"woocommerce_thumbnail":false,"woocommerce_single":false,"woocommerce_gallery_thumbnail":false},"uagb_author_info":{"display_name":"Alejandrez","author_link":"https:\/\/sonatacustom.com\/en\/author\/sonatacustomgmail-com\/"},"uagb_comment_info":0,"uagb_excerpt":"Los productos de Sonata Custom se enfocan en las posibilidades de personalizaci\u00f3n Un producto especialmente dise\u00f1ado para ti sin duda es algo especial. Para que tengas la mejor experiencia haciendo m\u00fasica, t\u00fa decides c\u00f3mo va a ser tu instrumento. Puedes visitar la tienda y escoger entre las opciones preconfiguradas. Si necesitas algo m\u00e1s espec\u00edfico, utiliza&hellip;","_links":{"self":[{"href":"https:\/\/sonatacustom.com\/en\/wp-json\/wp\/v2\/pages\/325","targetHints":{"allow":["GET"]}}],"collection":[{"href":"https:\/\/sonatacustom.com\/en\/wp-json\/wp\/v2\/pages"}],"about":[{"href":"https:\/\/sonatacustom.com\/en\/wp-json\/wp\/v2\/types\/page"}],"author":[{"embeddable":true,"href":"https:\/\/sonatacustom.com\/en\/wp-json\/wp\/v2\/users\/1"}],"replies":[{"embeddable":true,"href":"https:\/\/sonatacustom.com\/en\/wp-json\/wp\/v2\/comments?post=325"}],"version-history":[{"count":42,"href":"https:\/\/sonatacustom.com\/en\/wp-json\/wp\/v2\/pages\/325\/revisions"}],"predecessor-version":[{"id":2771,"href":"https:\/\/sonatacustom.com\/en\/wp-json\/wp\/v2\/pages\/325\/revisions\/2771"}],"wp:attachment":[{"href":"https:\/\/sonatacustom.com\/en\/wp-json\/wp\/v2\/media?parent=325"}],"curies":[{"name":"wp","href":"https:\/\/api.w.org\/{rel}","templated":true}]}}