{"id":2348,"date":"2025-03-04T09:41:45","date_gmt":"2025-03-04T09:41:45","guid":{"rendered":"https:\/\/sonatacustom.com\/?page_id=2348"},"modified":"2025-03-19T13:07:31","modified_gmt":"2025-03-19T13:07:31","slug":"soportes-pedales-guitarra","status":"publish","type":"page","link":"https:\/\/sonatacustom.com\/en\/guias-de-compra\/soportes-pedales-guitarra\/","title":{"rendered":"Guitar pedalboards"},"content":{"rendered":"<h2 class=\"wp-block-heading has-text-align-center\">Guitar pedalboards<\/h2>\n\n\n\n<p>If you're looking for an integrated solution to organize all your guitar or bass pedals, Sonata Custom offers the best option. These pedalboards feature two front surfaces that are 13 cm wide, which is enough for most pedals on the market, along with a lower tray to place the power supply. This tray is conveniently positioned so that the cables can easily pass through the central slot to the pedals. <\/p>\n\n\n\n<div class=\"wp-block-uagb-container uagb-layout-grid uagb-block-028078d9 alignfull uagb-is-root-container\">\n<div class=\"wp-block-uagb-container uagb-block-3ce4bfcf\">\n<figure class=\"wp-block-image size-full is-style-default\"><img loading=\"lazy\" decoding=\"async\" width=\"2560\" height=\"807\" src=\"https:\/\/sonatacustom.com\/wp-content\/uploads\/2025\/03\/soporte_pedales_50_guia1-scaled.jpg\" alt=\"\" class=\"wp-image-2350\" srcset=\"https:\/\/sonatacustom.com\/wp-content\/uploads\/2025\/03\/soporte_pedales_50_guia1-scaled.jpg 2560w, https:\/\/sonatacustom.com\/wp-content\/uploads\/2025\/03\/soporte_pedales_50_guia1-300x95.jpg 300w, https:\/\/sonatacustom.com\/wp-content\/uploads\/2025\/03\/soporte_pedales_50_guia1-scaled-600x189.jpg 600w, https:\/\/sonatacustom.com\/wp-content\/uploads\/2025\/03\/soporte_pedales_50_guia1-1024x323.jpg 1024w, https:\/\/sonatacustom.com\/wp-content\/uploads\/2025\/03\/soporte_pedales_50_guia1-768x242.jpg 768w, https:\/\/sonatacustom.com\/wp-content\/uploads\/2025\/03\/soporte_pedales_50_guia1-1536x484.jpg 1536w, https:\/\/sonatacustom.com\/wp-content\/uploads\/2025\/03\/soporte_pedales_50_guia1-2048x646.jpg 2048w\" sizes=\"auto, (max-width: 2560px) 100vw, 2560px\" \/><\/figure>\n<\/div>\n\n\n\n<div class=\"wp-block-uagb-container uagb-layout-flex uagb-block-aa573280\">\n<p>Among the options available in the store, there are two power supply options. The Fender Engine Room LVL12 and LVL8 are high-quality power supplies, and their design is well-suited for integration into pedalboards of this style. If you choose one of these, your pedalboard will come with the power supply already installed, complete with a custom cover elegantly concealing the rear compartment.<\/p>\n<\/div>\n<\/div>\n\n\n\n<p>Along with the pedalboard, the power supply box and all the accessories it comes with will be sent, as well as tools to organize the cables. The power supply is attached to the wood with high-resistance double-sided tape, but it can be removed from the pedalboard if necessary. Lastly, if you already have a power supply or prefer to use a different model, you can order the pedalboard with the tray empty and place the one you want in it. However, in this case, the custom rear cover will not be included.<\/p>\n\n\n\n<div class=\"wp-block-uagb-container uagb-block-c0ecb70a alignfull uagb-is-root-container\"><div class=\"uagb-container-inner-blocks-wrap\">\n<div class=\"wp-block-uagb-container uagb-block-8a1d263f\">\n<p>By default, the horizontal surfaces and the top are made from sapele wood, while the sides are made from beech wood, and the final finish is satin. The\nshop offers three different sizes: 50, 75, and 100 cm. I believe these sizes will meet most needs, but if you want a stand of a larger, smaller, or intermediate size, or different woods or finishes, you can use the <a href=\"https:\/\/sonatacustom.com\/en\/producto-personalizado\/\">custom product form<\/a>.<\/p>\n<\/div>\n\n\n\n<div class=\"wp-block-uagb-container uagb-block-8c7d3230\">\n<figure class=\"wp-block-image size-large\"><img loading=\"lazy\" decoding=\"async\" width=\"2560\" height=\"1439\" src=\"https:\/\/sonatacustom.com\/wp-content\/uploads\/2025\/03\/soporte_pedales_50_detalle1-edited-scaled.jpg\" alt=\"\" class=\"wp-image-2351\" srcset=\"https:\/\/sonatacustom.com\/wp-content\/uploads\/2025\/03\/soporte_pedales_50_detalle1-edited-scaled.jpg 2560w, https:\/\/sonatacustom.com\/wp-content\/uploads\/2025\/03\/soporte_pedales_50_detalle1-edited-300x169.jpg 300w, https:\/\/sonatacustom.com\/wp-content\/uploads\/2025\/03\/soporte_pedales_50_detalle1-edited-scaled-600x337.jpg 600w, https:\/\/sonatacustom.com\/wp-content\/uploads\/2025\/03\/soporte_pedales_50_detalle1-edited-1024x576.jpg 1024w, https:\/\/sonatacustom.com\/wp-content\/uploads\/2025\/03\/soporte_pedales_50_detalle1-edited-768x432.jpg 768w, https:\/\/sonatacustom.com\/wp-content\/uploads\/2025\/03\/soporte_pedales_50_detalle1-edited-1536x863.jpg 1536w, https:\/\/sonatacustom.com\/wp-content\/uploads\/2025\/03\/soporte_pedales_50_detalle1-edited-2048x1151.jpg 2048w\" sizes=\"auto, (max-width: 2560px) 100vw, 2560px\" \/><\/figure>\n<\/div>\n<\/div><\/div>\n\n\n\n<p><\/p>","protected":false},"excerpt":{"rendered":"<p>Soportes para pedales de guitarra Si quieres una soluci\u00f3n integrada para organizar todos tus pedales de guitarra o bajo, Sonata Custom te ofrece la mejor opci\u00f3n. Estas pedaleras tienen dos superficies frontales de 13 cm de ancho, suficiente para la gran mayor\u00eda de pedales del mercado, adem\u00e1s de una bandeja inferior donde colocar la fuente [&hellip;]<\/p>","protected":false},"author":1,"featured_media":0,"parent":1840,"menu_order":0,"comment_status":"closed","ping_status":"closed","template":"","meta":{"_uag_custom_page_level_css":"","site-sidebar-layout":"default","site-content-layout":"","ast-site-content-layout":"default","site-content-style":"default","site-sidebar-style":"default","ast-global-header-display":"","ast-banner-title-visibility":"","ast-main-header-display":"","ast-hfb-above-header-display":"","ast-hfb-below-header-display":"","ast-hfb-mobile-header-display":"","site-post-title":"","ast-breadcrumbs-content":"","ast-featured-img":"","footer-sml-layout":"","ast-disable-related-posts":"","theme-transparent-header-meta":"","adv-header-id-meta":"","stick-header-meta":"","header-above-stick-meta":"","header-main-stick-meta":"","header-below-stick-meta":"","astra-migrate-meta-layouts":"set","ast-page-background-enabled":"default","ast-page-background-meta":{"desktop":{"background-color":"var(--ast-global-color-4)","background-image":"","background-repeat":"repeat","background-position":"center center","background-size":"auto","background-attachment":"scroll","background-type":"","background-media":"","overlay-type":"","overlay-color":"","overlay-opacity":"","overlay-gradient":""},"tablet":{"background-color":"","background-image":"","background-repeat":"repeat","background-position":"center center","background-size":"auto","background-attachment":"scroll","background-type":"","background-media":"","overlay-type":"","overlay-color":"","overlay-opacity":"","overlay-gradient":""},"mobile":{"background-color":"","background-image":"","background-repeat":"repeat","background-position":"center center","background-size":"auto","background-attachment":"scroll","background-type":"","background-media":"","overlay-type":"","overlay-color":"","overlay-opacity":"","overlay-gradient":""}},"ast-content-background-meta":{"desktop":{"background-color":"var(--ast-global-color-5)","background-image":"","background-repeat":"repeat","background-position":"center center","background-size":"auto","background-attachment":"scroll","background-type":"","background-media":"","overlay-type":"","overlay-color":"","overlay-opacity":"","overlay-gradient":""},"tablet":{"background-color":"var(--ast-global-color-5)","background-image":"","background-repeat":"repeat","background-position":"center center","background-size":"auto","background-attachment":"scroll","background-type":"","background-media":"","overlay-type":"","overlay-color":"","overlay-opacity":"","overlay-gradient":""},"mobile":{"background-color":"var(--ast-global-color-5)","background-image":"","background-repeat":"repeat","background-position":"center center","background-size":"auto","background-attachment":"scroll","background-type":"","background-media":"","overlay-type":"","overlay-color":"","overlay-opacity":"","overlay-gradient":""}},"footnotes":""},"class_list":["post-2348","page","type-page","status-publish","hentry"],"uagb_featured_image_src":{"full":false,"thumbnail":false,"medium":false,"medium_large":false,"large":false,"1536x1536":false,"2048x2048":false,"trp-custom-language-flag":false,"woocommerce_thumbnail":false,"woocommerce_single":false,"woocommerce_gallery_thumbnail":false},"uagb_author_info":{"display_name":"Alejandrez","author_link":"https:\/\/sonatacustom.com\/en\/author\/sonatacustomgmail-com\/"},"uagb_comment_info":0,"uagb_excerpt":"Soportes para pedales de guitarra Si quieres una soluci\u00f3n integrada para organizar todos tus pedales de guitarra o bajo, Sonata Custom te ofrece la mejor opci\u00f3n. Estas pedaleras tienen dos superficies frontales de 13 cm de ancho, suficiente para la gran mayor\u00eda de pedales del mercado, adem\u00e1s de una bandeja inferior donde colocar la fuente&hellip;","_links":{"self":[{"href":"https:\/\/sonatacustom.com\/en\/wp-json\/wp\/v2\/pages\/2348","targetHints":{"allow":["GET"]}}],"collection":[{"href":"https:\/\/sonatacustom.com\/en\/wp-json\/wp\/v2\/pages"}],"about":[{"href":"https:\/\/sonatacustom.com\/en\/wp-json\/wp\/v2\/types\/page"}],"author":[{"embeddable":true,"href":"https:\/\/sonatacustom.com\/en\/wp-json\/wp\/v2\/users\/1"}],"replies":[{"embeddable":true,"href":"https:\/\/sonatacustom.com\/en\/wp-json\/wp\/v2\/comments?post=2348"}],"version-history":[{"count":20,"href":"https:\/\/sonatacustom.com\/en\/wp-json\/wp\/v2\/pages\/2348\/revisions"}],"predecessor-version":[{"id":2841,"href":"https:\/\/sonatacustom.com\/en\/wp-json\/wp\/v2\/pages\/2348\/revisions\/2841"}],"up":[{"embeddable":true,"href":"https:\/\/sonatacustom.com\/en\/wp-json\/wp\/v2\/pages\/1840"}],"wp:attachment":[{"href":"https:\/\/sonatacustom.com\/en\/wp-json\/wp\/v2\/media?parent=2348"}],"curies":[{"name":"wp","href":"https:\/\/api.w.org\/{rel}","templated":true}]}}