{"id":2014,"date":"2025-02-16T18:31:37","date_gmt":"2025-02-16T18:31:37","guid":{"rendered":"https:\/\/sonatacustom.com\/?page_id=2014"},"modified":"2025-10-13T10:12:43","modified_gmt":"2025-10-13T08:12:43","slug":"guia-apoyamanos-para-fagot","status":"publish","type":"page","link":"https:\/\/sonatacustom.com\/en\/guias-de-compra\/guia-apoyamanos-para-fagot\/","title":{"rendered":"Bassoon handrest"},"content":{"rendered":"<h2 class=\"wp-block-heading has-text-align-center\">Bassoon handrest<\/h2>\n\n\n\n<div class=\"wp-block-uagb-container uagb-layout-grid uagb-block-fc839349 alignfull uagb-is-root-container\">\n<div class=\"wp-block-uagb-container uagb-layout-grid uagb-block-c7192590\">\n<p>The bassoon handrest, or crutch, is the most important ergonomic element of the instrument. A good handrest can make the difference between playing comfortably or developing wrist pain just minutes after starting to play. Many bassoons include a small-sized handrest, as it\u2019s designed for children who are just starting to play the instrument. However, as the years go by, the handrest starts to feel too small, and it\u2019s time to replace it. It\u2019s very important to choose one that fits our hand well, as everyone has different needs. Size is the most relevant factor, and it should match the size of the hand. The handrest offered in the Sonata Custom store is suitable for medium to large hands, but by using the<\/p>\n<\/div>\n\n\n\n<div class=\"wp-block-uagb-container uagb-block-f29ddaf6\">\n<figure class=\"wp-block-image size-large\"><img loading=\"lazy\" decoding=\"async\" width=\"1024\" height=\"683\" src=\"https:\/\/sonatacustom.com\/wp-content\/uploads\/2025\/02\/Apoyamanos_9-1024x683.jpg\" alt=\"apoyamanos para fagot vista derecha\" class=\"wp-image-3070\" style=\"object-fit:cover\" srcset=\"https:\/\/sonatacustom.com\/wp-content\/uploads\/2025\/02\/Apoyamanos_9-1024x683.jpg 1024w, https:\/\/sonatacustom.com\/wp-content\/uploads\/2025\/02\/Apoyamanos_9-300x200.jpg 300w, https:\/\/sonatacustom.com\/wp-content\/uploads\/2025\/02\/Apoyamanos_9-768x512.jpg 768w, https:\/\/sonatacustom.com\/wp-content\/uploads\/2025\/02\/Apoyamanos_9-1536x1024.jpg 1536w, https:\/\/sonatacustom.com\/wp-content\/uploads\/2025\/02\/Apoyamanos_9-2048x1365.jpg 2048w, https:\/\/sonatacustom.com\/wp-content\/uploads\/2025\/02\/Apoyamanos_9-18x12.jpg 18w, https:\/\/sonatacustom.com\/wp-content\/uploads\/2025\/02\/Apoyamanos_9-600x400.jpg 600w\" sizes=\"auto, (max-width: 1024px) 100vw, 1024px\" \/><\/figure>\n<\/div>\n<\/div>\n\n\n\n<p style=\"margin-top:var(--wp--preset--spacing--50);margin-bottom:var(--wp--preset--spacing--70)\">&nbsp; <strong>Size <\/strong>is the most relevant factor, and it should be <strong>according to the size of the hand<\/strong>. The handrest offered in the Sonata Custom shop is suitable for medium to large hands, but by using the <a href=\"https:\/\/shttps:\/\/sonatacustom.com\/producto-personalizado\/\">custom product form<\/a> you can order specific sizes or shapes different than standard.You can also specify the angle between the palm and the rod.<\/p>\n\n\n\n<p>In addition to shape and size, the <strong>length of the shaft <\/strong>is another factor to consider. A shaft that is too short will force the fingers to remain bent to rest on the keys, while one that is too long will make it difficult to reach. On the other hand, the attachment system to the instrument will depend on which base is installed on your instrument. Make sure to correctly measure the type of rod your previous handrest had so that the new one fits perfectly. If you prefer, along with the handrest, a new base with an adjustable threaded rod can be included, allowing you to change the entire set with a simple screwdriver.<\/p>\n\n\n\n<div class=\"wp-block-uagb-container uagb-layout-grid uagb-block-e29e008c alignfull uagb-is-root-container\"><div class=\"uagb-container-inner-blocks-wrap\">\n<div class=\"wp-block-uagb-container uagb-block-434567e7\">\n<figure class=\"wp-block-image size-large\"><img loading=\"lazy\" decoding=\"async\" width=\"1024\" height=\"683\" src=\"https:\/\/sonatacustom.com\/wp-content\/uploads\/2025\/02\/apoyamanos_wenge_5-1024x683.jpg\" alt=\"\" class=\"wp-image-3103\" srcset=\"https:\/\/sonatacustom.com\/wp-content\/uploads\/2025\/02\/apoyamanos_wenge_5-1024x683.jpg 1024w, https:\/\/sonatacustom.com\/wp-content\/uploads\/2025\/02\/apoyamanos_wenge_5-300x200.jpg 300w, https:\/\/sonatacustom.com\/wp-content\/uploads\/2025\/02\/apoyamanos_wenge_5-768x512.jpg 768w, https:\/\/sonatacustom.com\/wp-content\/uploads\/2025\/02\/apoyamanos_wenge_5-1536x1024.jpg 1536w, https:\/\/sonatacustom.com\/wp-content\/uploads\/2025\/02\/apoyamanos_wenge_5-2048x1365.jpg 2048w, https:\/\/sonatacustom.com\/wp-content\/uploads\/2025\/02\/apoyamanos_wenge_5-18x12.jpg 18w, https:\/\/sonatacustom.com\/wp-content\/uploads\/2025\/02\/apoyamanos_wenge_5-600x400.jpg 600w\" sizes=\"auto, (max-width: 1024px) 100vw, 1024px\" \/><\/figure>\n<\/div>\n\n\n\n<div class=\"wp-block-group is-vertical is-layout-flex wp-container-core-group-is-layout-fe9cc265 wp-block-group-is-layout-flex\">\n<p>On the other hand, there are the aesthetic options. The first and most important one is the wood used to make the hand rest. In the shop, you\u2019ll find a fine selection of decorative woods, chosen for their dark tones that go beautifully with the red color of the bassoon. However, any type of wood is suitable for a hand rest, so feel free to request yours in any wood through the custom product form. The final step is choosing the finish for your hand rest \u2014 either an oil finish or a glossy varnish. The former provides a matte look that preserves the silky texture of the wood, while the varnish highlights the grain and gives a smoother, more luminous surface.<\/p>\n<\/div>\n<\/div><\/div>\n\n\n\n<p><\/p>","protected":false},"excerpt":{"rendered":"<p>Apoyamanos para fagot El apoyamanos, reposamanos o muleta del fagot es el elemento ergon\u00f3mico m\u00e1s importante del instrumento. Un buen apoyamanos puede ser la diferencia entre tocar c\u00f3modamente o desarrollar dolor en la mu\u00f1eca a los pocos minutos de estar tocando. Muchos fagotes incluyen un apoyamanos de peque\u00f1o tama\u00f1o, pues est\u00e1 pensado para ni\u00f1os que [&hellip;]<\/p>","protected":false},"author":1,"featured_media":0,"parent":1840,"menu_order":0,"comment_status":"closed","ping_status":"closed","template":"","meta":{"_uag_custom_page_level_css":"","site-sidebar-layout":"default","site-content-layout":"","ast-site-content-layout":"default","site-content-style":"default","site-sidebar-style":"default","ast-global-header-display":"","ast-banner-title-visibility":"","ast-main-header-display":"","ast-hfb-above-header-display":"","ast-hfb-below-header-display":"","ast-hfb-mobile-header-display":"","site-post-title":"","ast-breadcrumbs-content":"","ast-featured-img":"","footer-sml-layout":"","ast-disable-related-posts":"","theme-transparent-header-meta":"","adv-header-id-meta":"","stick-header-meta":"","header-above-stick-meta":"","header-main-stick-meta":"","header-below-stick-meta":"","astra-migrate-meta-layouts":"set","ast-page-background-enabled":"default","ast-page-background-meta":{"desktop":{"background-color":"var(--ast-global-color-4)","background-image":"","background-repeat":"repeat","background-position":"center center","background-size":"auto","background-attachment":"scroll","background-type":"","background-media":"","overlay-type":"","overlay-color":"","overlay-opacity":"","overlay-gradient":""},"tablet":{"background-color":"","background-image":"","background-repeat":"repeat","background-position":"center center","background-size":"auto","background-attachment":"scroll","background-type":"","background-media":"","overlay-type":"","overlay-color":"","overlay-opacity":"","overlay-gradient":""},"mobile":{"background-color":"","background-image":"","background-repeat":"repeat","background-position":"center center","background-size":"auto","background-attachment":"scroll","background-type":"","background-media":"","overlay-type":"","overlay-color":"","overlay-opacity":"","overlay-gradient":""}},"ast-content-background-meta":{"desktop":{"background-color":"var(--ast-global-color-5)","background-image":"","background-repeat":"repeat","background-position":"center center","background-size":"auto","background-attachment":"scroll","background-type":"","background-media":"","overlay-type":"","overlay-color":"","overlay-opacity":"","overlay-gradient":""},"tablet":{"background-color":"var(--ast-global-color-5)","background-image":"","background-repeat":"repeat","background-position":"center center","background-size":"auto","background-attachment":"scroll","background-type":"","background-media":"","overlay-type":"","overlay-color":"","overlay-opacity":"","overlay-gradient":""},"mobile":{"background-color":"var(--ast-global-color-5)","background-image":"","background-repeat":"repeat","background-position":"center center","background-size":"auto","background-attachment":"scroll","background-type":"","background-media":"","overlay-type":"","overlay-color":"","overlay-opacity":"","overlay-gradient":""}},"footnotes":""},"class_list":["post-2014","page","type-page","status-publish","hentry"],"uagb_featured_image_src":{"full":false,"thumbnail":false,"medium":false,"medium_large":false,"large":false,"1536x1536":false,"2048x2048":false,"trp-custom-language-flag":false,"woocommerce_thumbnail":false,"woocommerce_single":false,"woocommerce_gallery_thumbnail":false},"uagb_author_info":{"display_name":"Alejandrez","author_link":"https:\/\/sonatacustom.com\/en\/author\/sonatacustomgmail-com\/"},"uagb_comment_info":0,"uagb_excerpt":"Apoyamanos para fagot El apoyamanos, reposamanos o muleta del fagot es el elemento ergon\u00f3mico m\u00e1s importante del instrumento. Un buen apoyamanos puede ser la diferencia entre tocar c\u00f3modamente o desarrollar dolor en la mu\u00f1eca a los pocos minutos de estar tocando. Muchos fagotes incluyen un apoyamanos de peque\u00f1o tama\u00f1o, pues est\u00e1 pensado para ni\u00f1os que&hellip;","_links":{"self":[{"href":"https:\/\/sonatacustom.com\/en\/wp-json\/wp\/v2\/pages\/2014","targetHints":{"allow":["GET"]}}],"collection":[{"href":"https:\/\/sonatacustom.com\/en\/wp-json\/wp\/v2\/pages"}],"about":[{"href":"https:\/\/sonatacustom.com\/en\/wp-json\/wp\/v2\/types\/page"}],"author":[{"embeddable":true,"href":"https:\/\/sonatacustom.com\/en\/wp-json\/wp\/v2\/users\/1"}],"replies":[{"embeddable":true,"href":"https:\/\/sonatacustom.com\/en\/wp-json\/wp\/v2\/comments?post=2014"}],"version-history":[{"count":12,"href":"https:\/\/sonatacustom.com\/en\/wp-json\/wp\/v2\/pages\/2014\/revisions"}],"predecessor-version":[{"id":3107,"href":"https:\/\/sonatacustom.com\/en\/wp-json\/wp\/v2\/pages\/2014\/revisions\/3107"}],"up":[{"embeddable":true,"href":"https:\/\/sonatacustom.com\/en\/wp-json\/wp\/v2\/pages\/1840"}],"wp:attachment":[{"href":"https:\/\/sonatacustom.com\/en\/wp-json\/wp\/v2\/media?parent=2014"}],"curies":[{"name":"wp","href":"https:\/\/api.w.org\/{rel}","templated":true}]}}