{"id":2001,"date":"2025-02-12T13:24:48","date_gmt":"2025-02-12T13:24:48","guid":{"rendered":"https:\/\/sonatacustom.com\/?page_id=2001"},"modified":"2026-05-02T16:17:59","modified_gmt":"2026-05-02T14:17:59","slug":"guia-kits-de-bateria","status":"publish","type":"page","link":"https:\/\/sonatacustom.com\/en\/guias-de-compra\/guia-kits-de-bateria\/","title":{"rendered":"Drum kits"},"content":{"rendered":"<h2 class=\"wp-block-heading has-text-align-center\">Drum kits<\/h2>\n\n\n\n<p>The Sonata Custom drum kit catalog is especially focused on portability. We all know how complex logistics can be for drummers, but now your options are more diverse than ever. From kits with limited tonal versatility but that fit in a luggage rack, to full-sized kits with standard features that fit entirely in a regular car trunk.<\/p>\n\n\n\n<h3 class=\"wp-block-heading\" style=\"border-style:none;border-width:0px;border-radius:0px;margin-top:30px;margin-bottom:30px\">Compact drum kit<\/h3>\n\n\n\n<p>This drum kit can be stored in a simple carry-on suitcase. In fact, the suitcase itself is part of the kit! Many of us have gone to a jam session with our bandmates only to end up as spectators because there was no drum set. Now you can comfortably bring it yourself!<\/p>\n\n\n\n<div class=\"wp-block-uagb-container uagb-layout-grid uagb-block-ea945d0c alignfull uagb-is-root-container\"><div class=\"uagb-container-inner-blocks-wrap\">\n<div class=\"wp-block-uagb-container uagb-block-e7f6f3a1\">\n<figure class=\"wp-block-image size-large\"><img loading=\"lazy\" decoding=\"async\" width=\"1024\" height=\"683\" src=\"https:\/\/sonatacustom.com\/wp-content\/uploads\/2025\/03\/kit_compacto_diagrama-1024x683.jpg\" alt=\"\" class=\"wp-image-2665\" srcset=\"https:\/\/sonatacustom.com\/wp-content\/uploads\/2025\/03\/kit_compacto_diagrama-1024x683.jpg 1024w, https:\/\/sonatacustom.com\/wp-content\/uploads\/2025\/03\/kit_compacto_diagrama-300x200.jpg 300w, https:\/\/sonatacustom.com\/wp-content\/uploads\/2025\/03\/kit_compacto_diagrama-scaled-600x400.jpg 600w, https:\/\/sonatacustom.com\/wp-content\/uploads\/2025\/03\/kit_compacto_diagrama-768x512.jpg 768w, https:\/\/sonatacustom.com\/wp-content\/uploads\/2025\/03\/kit_compacto_diagrama-1536x1024.jpg 1536w, https:\/\/sonatacustom.com\/wp-content\/uploads\/2025\/03\/kit_compacto_diagrama-2048x1365.jpg 2048w\" sizes=\"auto, (max-width: 1024px) 100vw, 1024px\" \/><\/figure>\n<\/div>\n\n\n\n<p>The Sonata Custom compact drum kit includes a single hi-hat stand, to which a clamp for a crash-ride and another for a 10\u2033 snare are attached. The suitcase itself is used as the bass drum, and its wheels are locked with two wooden pieces, one of which serves to attach the bass drum pedal. As if that weren\u2019t enough, the kit also includes a 6\u2033 rototom mounted on a stand specifically designed to attach to the suitcase handle. The kit is completed with a practical telescopic drum stool.<\/p>\n<\/div><\/div>\n\n\n\n<div class=\"wp-block-uagb-container uagb-layout-grid uagb-block-d0d29a82 alignfull uagb-is-root-container\"><div class=\"uagb-container-inner-blocks-wrap\">\n<p>At first, it might seem a bit intimidating to fit all the gear back into the suitcase, but don\u2019t worry. Detailed instructions are provided with the kit to guide you through the process. With a little practice, everything can be packed away in just a few minutes. It\u2019s worth mentioning that, despite the technical limitations, I\u2019ve chosen not to modify the suitcase in any way. This way, if it gets damaged during a trip or if you simply want to change its look, you can pack all the gear into any other standard carry-on suitcase.<\/p>\n\n\n\n<figure class=\"wp-block-image size-large\"><img loading=\"lazy\" decoding=\"async\" width=\"1024\" height=\"683\" src=\"https:\/\/sonatacustom.com\/wp-content\/uploads\/2025\/03\/kit_compacto_guardado-1024x683.jpg\" alt=\"\" class=\"wp-image-2667\" srcset=\"https:\/\/sonatacustom.com\/wp-content\/uploads\/2025\/03\/kit_compacto_guardado-1024x683.jpg 1024w, https:\/\/sonatacustom.com\/wp-content\/uploads\/2025\/03\/kit_compacto_guardado-300x200.jpg 300w, https:\/\/sonatacustom.com\/wp-content\/uploads\/2025\/03\/kit_compacto_guardado-scaled-600x400.jpg 600w, https:\/\/sonatacustom.com\/wp-content\/uploads\/2025\/03\/kit_compacto_guardado-768x512.jpg 768w, https:\/\/sonatacustom.com\/wp-content\/uploads\/2025\/03\/kit_compacto_guardado-1536x1024.jpg 1536w, https:\/\/sonatacustom.com\/wp-content\/uploads\/2025\/03\/kit_compacto_guardado-2048x1365.jpg 2048w\" sizes=\"auto, (max-width: 1024px) 100vw, 1024px\" \/><\/figure>\n<\/div><\/div>\n\n\n\n<h3 class=\"wp-block-heading\" style=\"border-style:none;border-width:0px;margin-top:30px;margin-bottom:30px\">Nesting kit<\/h3>\n\n\n\n<p>The drums are designed to fit inside each other, with all shells, except for the smallest one, made in two halves that can be reassembled using butterfly latches. This design allows you to transport the entire kit in the same space as the bass drum. By choosing the right sizes, even the snare drum can fit inside the bass drum.<\/p>\n\n\n\n<div class=\"wp-block-uagb-container uagb-layout-grid uagb-block-8686516a alignfull uagb-is-root-container\"><div class=\"uagb-container-inner-blocks-wrap\">\n<div class=\"wp-block-uagb-container uagb-block-16facc45\">\n<figure class=\"wp-block-image size-large\"><img loading=\"lazy\" decoding=\"async\" width=\"1024\" height=\"683\" src=\"https:\/\/sonatacustom.com\/wp-content\/uploads\/2025\/03\/nest_kit_18_dentro-1024x683.jpg\" alt=\"\" class=\"wp-image-2670\" srcset=\"https:\/\/sonatacustom.com\/wp-content\/uploads\/2025\/03\/nest_kit_18_dentro-1024x683.jpg 1024w, https:\/\/sonatacustom.com\/wp-content\/uploads\/2025\/03\/nest_kit_18_dentro-300x200.jpg 300w, https:\/\/sonatacustom.com\/wp-content\/uploads\/2025\/03\/nest_kit_18_dentro-scaled-600x400.jpg 600w, https:\/\/sonatacustom.com\/wp-content\/uploads\/2025\/03\/nest_kit_18_dentro-768x512.jpg 768w, https:\/\/sonatacustom.com\/wp-content\/uploads\/2025\/03\/nest_kit_18_dentro-1536x1024.jpg 1536w, https:\/\/sonatacustom.com\/wp-content\/uploads\/2025\/03\/nest_kit_18_dentro-2048x1365.jpg 2048w\" sizes=\"auto, (max-width: 1024px) 100vw, 1024px\" \/><\/figure>\n<\/div>\n\n\n\n<div class=\"wp-block-uagb-container uagb-block-541d6f9c\">\n<p>To create one of these kits, it\u2019s essential to carefully choose the right sizes so that everything fits perfectly. In the pre-configured kits available in the store, everything is already thought out, but at Sonata Custom, we focus on personalization. That\u2019s why I encourage you to create a custom kit tailored to your specific needs using the <a href=\"https:\/\/sonatacustom.com\/en\/producto-personalizado\/\">custom product form<\/a>. The customizable aspects of the kits include: number of tension rods per drumhead, diameters and depths, color, and finish. In the case of the toms, you can also choose the mounting system.<\/p>\n<\/div>\n<\/div><\/div>\n\n\n\n<p style=\"border-style:none;border-width:0px\">However, there are some rules to follow. For example, when choosing the diameters of the toms, you need to consider how they will be mounted in the kit:<\/p>\n\n\n\n<ul style=\"margin-left:var(--wp--preset--spacing--60)\" class=\"wp-block-list\">\n<li>For toms mounted with floating suspension, the difference should be at least 4\u2033 (for example, 8\u2033, 12\u2033, and 16\u2033).<\/li>\n\n\n\n<li>For toms mounted with a bracket screwed directly to the shell, the smallest size difference you can have is 3\u2033 (for example, 10\u2033, 13\u2033, and 16\u2033).<\/li>\n\n\n\n<li>The difference between a floor tom mounted with legs and the bass drum must be at least 4\u2033 (for example, 16\u2033 and 20\u2033).<\/li>\n<\/ul>\n\n\n\n<p style=\"margin-top:var(--wp--preset--spacing--50)\">The available diameters are 8\u2033, 10\u2033, 12\u2033, 13\u2033, 14\u2033, 15\u2033, 16\u2033, 18\u2033, 20\u2033, 22\u2033, 24\u2033, and 26\u2033, so the options are varied. For example, a minimalist kit could consist of a 10\u2033 rack tom, a 14\u2033 floor tom, and an 18\u2033 bass drum. If you want to have all possible toms at your disposal, you could create a kit with 8\u2033 and 12\u2033 rack toms, a 15\u2033 suspended floor tom, another 18\u2033 floor tom with legs, and a 22\u2033 bass drum. You can even create two kits, with double bass drums and 7 toms.<\/p>\n\n\n\n<ul style=\"margin-left:var(--wp--preset--spacing--60)\" class=\"wp-block-list\">\n<li>On the other hand, the difference in depths must be at least 1\u2033. Although a tom is labeled as 10\u00d78\u2033, the actual total height will be 9\u2033 due to the hoops.<\/li>\n\n\n\n<li>If you want to include a snare, you need to add its depth to this inch. For example, in a bass drum with a depth of 18\u2033, you could fit a 16\u00d710\u2033 tom and a 14\u00d75.5\u2033 snare (keep in mind that the snare also adds 1\u2033 to the depth of its shell).<\/li>\n\n\n\n<li>When adding a snare drum, it\u2019s important to consider that the diameter difference should be at least 4\u2033 to fit the snare mechanism.<\/li>\n<\/ul>\n\n\n\n<div class=\"wp-block-uagb-container uagb-layout-grid uagb-block-632b7a8b default uagb-is-root-container\">\n<p style=\"border-style:none;border-width:0px;border-radius:0px;margin-top:var(--wp--preset--spacing--40);margin-bottom:var(--wp--preset--spacing--40)\">For example, inside a 20\u00d718\u2033 bass drum, a 16\u00d710\u2033 floor tom and a 14\u00d75.5\u2033 snare drum can fit perfectly, stacked one on top of the other. If you're open to using a smaller snare, or even a piccolo snare, the possibilities increase. For instance, inside an 18\u00d714\u2033 bass drum, you could fit a 14\u00d710\u2033 floor tom and a 14\u00d73\u2033 piccolo snare. Of course, if you have any questions, don't hesitate to reach out. Creating one of these kits is complex, but the reward is well worth the effort.<\/p>\n\n\n\n<div class=\"wp-block-uagb-container uagb-block-551afbc0 default uagb-is-root-container\">\n<figure class=\"wp-block-image size-large\"><img loading=\"lazy\" decoding=\"async\" width=\"1024\" height=\"683\" src=\"https:\/\/sonatacustom.com\/wp-content\/uploads\/2025\/03\/nesting_kit_20_nested-1024x683.jpg\" alt=\"\" class=\"wp-image-2698\" srcset=\"https:\/\/sonatacustom.com\/wp-content\/uploads\/2025\/03\/nesting_kit_20_nested-1024x683.jpg 1024w, https:\/\/sonatacustom.com\/wp-content\/uploads\/2025\/03\/nesting_kit_20_nested-300x200.jpg 300w, https:\/\/sonatacustom.com\/wp-content\/uploads\/2025\/03\/nesting_kit_20_nested-scaled-600x400.jpg 600w, https:\/\/sonatacustom.com\/wp-content\/uploads\/2025\/03\/nesting_kit_20_nested-768x512.jpg 768w, https:\/\/sonatacustom.com\/wp-content\/uploads\/2025\/03\/nesting_kit_20_nested-1536x1024.jpg 1536w, https:\/\/sonatacustom.com\/wp-content\/uploads\/2025\/03\/nesting_kit_20_nested-2048x1365.jpg 2048w\" sizes=\"auto, (max-width: 1024px) 100vw, 1024px\" \/><\/figure>\n<\/div>\n<\/div>\n\n\n\n<p style=\"margin-top:var(--wp--preset--spacing--70)\">In the following video, you can see the nesting process of the 5-piece Nesting Kit 20, which takes less than 3 minutes. This kit consists of a 10\u00d78\u2033 rack tom nested inside a 13\u00d79\u2033 tom, which, along with a 13\u00d75\u2033 snare drum, is stored inside the 16\u00d716\u2033 floor tom. Finally, the floor tom is placed inside the 20\u00d717\u2033 bass drum.<\/p>\n\n\n\n<figure class=\"wp-block-embed is-type-video is-provider-youtube wp-block-embed-youtube wp-embed-aspect-16-9 wp-has-aspect-ratio\"><div class=\"wp-block-embed__wrapper\">\n<iframe loading=\"lazy\" title=\"How to nest the Sonata Custom 5-piece Nesting Kit 20\" width=\"500\" height=\"281\" src=\"https:\/\/www.youtube.com\/embed\/X8uQg_Q4Iy8?feature=oembed\" frameborder=\"0\" allow=\"accelerometer; autoplay; clipboard-write; encrypted-media; gyroscope; picture-in-picture; web-share\" referrerpolicy=\"strict-origin-when-cross-origin\" allowfullscreen><\/iframe>\n<\/div><\/figure>\n\n\n\n<h3 class=\"wp-block-heading\" style=\"border-style:none;border-width:0px;border-radius:0px;margin-top:115px;margin-bottom:30px\">Standard drum kit<\/h3>\n\n\n\n<p>If what you're looking for is a custom standard kit, you can have that too. The customization options are essentially the same as those for the nesting kits.<\/p>","protected":false},"excerpt":{"rendered":"<p>Kits de bater\u00eda El cat\u00e1logo de kits de bater\u00eda de Sonata Custom est\u00e1 especialmente centrado en la portabilidad. Todos sabemos lo compleja que es la log\u00edstica para los que tocamos la bater\u00eda, pero ahora tus opciones son m\u00e1s diversas que nunca. Desde kits con versatilidad de sonido limitada pero que caben en un portaequipajes hasta [&hellip;]<\/p>","protected":false},"author":1,"featured_media":0,"parent":1840,"menu_order":0,"comment_status":"closed","ping_status":"closed","template":"","meta":{"_uag_custom_page_level_css":"","site-sidebar-layout":"default","site-content-layout":"","ast-site-content-layout":"default","site-content-style":"default","site-sidebar-style":"default","ast-global-header-display":"","ast-banner-title-visibility":"","ast-main-header-display":"","ast-hfb-above-header-display":"","ast-hfb-below-header-display":"","ast-hfb-mobile-header-display":"","site-post-title":"","ast-breadcrumbs-content":"","ast-featured-img":"","footer-sml-layout":"","ast-disable-related-posts":"","theme-transparent-header-meta":"","adv-header-id-meta":"","stick-header-meta":"","header-above-stick-meta":"","header-main-stick-meta":"","header-below-stick-meta":"","astra-migrate-meta-layouts":"set","ast-page-background-enabled":"default","ast-page-background-meta":{"desktop":{"background-color":"var(--ast-global-color-4)","background-image":"","background-repeat":"repeat","background-position":"center center","background-size":"auto","background-attachment":"scroll","background-type":"","background-media":"","overlay-type":"","overlay-color":"","overlay-opacity":"","overlay-gradient":""},"tablet":{"background-color":"","background-image":"","background-repeat":"repeat","background-position":"center center","background-size":"auto","background-attachment":"scroll","background-type":"","background-media":"","overlay-type":"","overlay-color":"","overlay-opacity":"","overlay-gradient":""},"mobile":{"background-color":"","background-image":"","background-repeat":"repeat","background-position":"center center","background-size":"auto","background-attachment":"scroll","background-type":"","background-media":"","overlay-type":"","overlay-color":"","overlay-opacity":"","overlay-gradient":""}},"ast-content-background-meta":{"desktop":{"background-color":"var(--ast-global-color-5)","background-image":"","background-repeat":"repeat","background-position":"center center","background-size":"auto","background-attachment":"scroll","background-type":"","background-media":"","overlay-type":"","overlay-color":"","overlay-opacity":"","overlay-gradient":""},"tablet":{"background-color":"var(--ast-global-color-5)","background-image":"","background-repeat":"repeat","background-position":"center center","background-size":"auto","background-attachment":"scroll","background-type":"","background-media":"","overlay-type":"","overlay-color":"","overlay-opacity":"","overlay-gradient":""},"mobile":{"background-color":"var(--ast-global-color-5)","background-image":"","background-repeat":"repeat","background-position":"center center","background-size":"auto","background-attachment":"scroll","background-type":"","background-media":"","overlay-type":"","overlay-color":"","overlay-opacity":"","overlay-gradient":""}},"footnotes":""},"class_list":["post-2001","page","type-page","status-publish","hentry"],"uagb_featured_image_src":{"full":false,"thumbnail":false,"medium":false,"medium_large":false,"large":false,"1536x1536":false,"2048x2048":false,"trp-custom-language-flag":false,"woocommerce_thumbnail":false,"woocommerce_single":false,"woocommerce_gallery_thumbnail":false},"uagb_author_info":{"display_name":"Alejandrez","author_link":"https:\/\/sonatacustom.com\/en\/author\/sonatacustomgmail-com\/"},"uagb_comment_info":0,"uagb_excerpt":"Kits de bater\u00eda El cat\u00e1logo de kits de bater\u00eda de Sonata Custom est\u00e1 especialmente centrado en la portabilidad. Todos sabemos lo compleja que es la log\u00edstica para los que tocamos la bater\u00eda, pero ahora tus opciones son m\u00e1s diversas que nunca. Desde kits con versatilidad de sonido limitada pero que caben en un portaequipajes hasta&hellip;","_links":{"self":[{"href":"https:\/\/sonatacustom.com\/en\/wp-json\/wp\/v2\/pages\/2001","targetHints":{"allow":["GET"]}}],"collection":[{"href":"https:\/\/sonatacustom.com\/en\/wp-json\/wp\/v2\/pages"}],"about":[{"href":"https:\/\/sonatacustom.com\/en\/wp-json\/wp\/v2\/types\/page"}],"author":[{"embeddable":true,"href":"https:\/\/sonatacustom.com\/en\/wp-json\/wp\/v2\/users\/1"}],"replies":[{"embeddable":true,"href":"https:\/\/sonatacustom.com\/en\/wp-json\/wp\/v2\/comments?post=2001"}],"version-history":[{"count":39,"href":"https:\/\/sonatacustom.com\/en\/wp-json\/wp\/v2\/pages\/2001\/revisions"}],"predecessor-version":[{"id":3402,"href":"https:\/\/sonatacustom.com\/en\/wp-json\/wp\/v2\/pages\/2001\/revisions\/3402"}],"up":[{"embeddable":true,"href":"https:\/\/sonatacustom.com\/en\/wp-json\/wp\/v2\/pages\/1840"}],"wp:attachment":[{"href":"https:\/\/sonatacustom.com\/en\/wp-json\/wp\/v2\/media?parent=2001"}],"curies":[{"name":"wp","href":"https:\/\/api.w.org\/{rel}","templated":true}]}}