{"id":1994,"date":"2025-02-11T16:52:23","date_gmt":"2025-02-11T16:52:23","guid":{"rendered":"https:\/\/sonatacustom.com\/?page_id=1994"},"modified":"2025-10-15T13:13:19","modified_gmt":"2025-10-15T11:13:19","slug":"producto-personalizado","status":"publish","type":"page","link":"https:\/\/sonatacustom.com\/en\/producto-personalizado\/","title":{"rendered":"Customized product"},"content":{"rendered":"<h2 class=\"wp-block-heading\">Customized product<\/h2>\n\n\n\n<p>If you want a product in a wood, size, or other features not listed among the options, use the custom product form. If you have any questions, check the product customization guide or ask me through the form. I will get in touch with you to provide the price and delivery time.<\/p>\n\n\n\n<ul class=\"wp-block-list\">\n<li>If you request <strong>measurements<\/strong> different from those listed:\n<ul class=\"wp-block-list\">\n<li>The price will not increase if the product does not have preconfigured options.<\/li>\n\n\n\n<li>If preconfigured options are available, the price applied will be that of the closest size.<\/li>\n<\/ul>\n<\/li>\n\n\n\n<li>In case you request a different <strong>finish<\/strong> :\n<ul class=\"wp-block-list\">\n<li>If the requested finish is opaque, the price will not increase.<\/li>\n\n\n\n<li>If the default finish is opaque and the requested finish is transparent (varnish, oil, lacquer, etc.), the price will increase. This is because finishes that showcase the wood require more attention to detail when preparing the surface.<\/li>\n<\/ul>\n<\/li>\n\n\n\n<li>If a product is ordered in a more expensive <strong>wood<\/strong> than the default one, the cost will increase.<\/li>\n\n\n\n<li>Any <strong>added accessory<\/strong> that is not included by default with the product will also increase the price.<\/li>\n<\/ul>\n\n\n\n<div class=\"wp-block-uagb-buttons uagb-buttons__outer-wrap uagb-btn__default-btn uagb-btn-tablet__default-btn uagb-btn-mobile__default-btn uagb-block-83eb5918\"><div class=\"uagb-buttons__wrap uagb-buttons-layout-wrap\">\n<div class=\"wp-block-uagb-buttons-child uagb-buttons__outer-wrap uagb-block-2ba883ef wp-block-button\"><div class=\"uagb-button__wrapper\"><a class=\"uagb-buttons-repeater wp-block-button__link\" aria-label=\"\" href=\"https:\/\/sonatacustom.com\/en\/producto-personalizado\/valoraciones\/\" rel=\"follow noopener\" target=\"_self\" role=\"button\"><div class=\"uagb-button__link\">Client reviews<\/div><\/a><\/div><\/div>\n<\/div><\/div>\n\n\n\n<div class=\"wp-block-uagb-forms uagb-forms__outer-wrap uagb-block-70c78953 uagb-forms__medium-btn\"><form class=\"uagb-forms-main-form\" method=\"post\" autocomplete=\"on\" name=\"uagb-form-70c78953\" action=\"\">\n<div class=\"wp-block-uagb-forms-name uagb-forms-name-wrap uagb-forms-field-set uagb-block-0b35d18f\"><div class=\"uagb-forms-name-label required uagb-forms-input-label\" id=\"0b35d18f\">First name<\/div><input type=\"text\" placeholder=\"First name\" required class=\"uagb-forms-name-input uagb-forms-input\" name=\"0b35d18f\" autocomplete=\"given-name\"\/><\/div>\n\n\n\n<div class=\"wp-block-uagb-forms-email uagb-forms-email-wrap uagb-forms-field-set uagb-block-ed4942ba\"><div class=\"uagb-forms-email-label required uagb-forms-input-label\" id=\"ed4942ba\">Email<\/div><input type=\"email\" class=\"uagb-forms-email-input uagb-forms-input\" placeholder=\"example@example.com\" required name=\"ed4942ba\" autocomplete=\"email\"\/><\/div>\n\n\n\n<div class=\"wp-block-uagb-forms-textarea uagb-forms-textarea-wrap uagb-forms-field-set uagb-block-2316d49b\"><div class=\"uagb-forms-textarea-label required uagb-forms-input-label\" id=\"2316d49b\">Product description<\/div><textarea required class=\"uagb-forms-textarea-input uagb-forms-input\" rows=\"4\" placeholder=\"Message...\" name=\"2316d49b\" autocomplete=\"off\"><\/textarea><\/div>\n\n\n\n<div class=\"wp-block-uagb-forms-accept uagb-forms-accept-wrap uagb-forms-field-set uagb-block-030a0aa3\"><input type=\"checkbox\" name=\"030a0aa3\" required value=\"Agree\" class=\"uagb-forms-checkbox\" id=\"uagb-forms-accept-030a0aa3\"\/><label name=\"030a0aa3\" for=\"uagb-forms-accept-030a0aa3\" class=\"uagb-forms-accept-label required\" id=\"030a0aa3\">I have read and accept the terms of the privacy policy.<\/label><br\/><\/div>\n<div class=\"uagb-forms-form-hidden-data\"><input type=\"hidden\" id=\"g-recaptcha-response\" class=\"uagb-forms-recaptcha\"\/><input type=\"hidden\" class=\"uagb_forms_form_label\" value=\"Spectra Form\"\/><input type=\"hidden\" class=\"uagb_forms_form_id\" value=\"uagb-form-70c78953\"\/><\/div><div class=\"uagb-form-reacaptcha-error-70c78953\"><\/div><div class=\"uagb-forms-main-submit-button-wrap wp-block-button\"><button class=\"uagb-forms-main-submit-button wp-block-button__link\"><div class=\"uagb-forms-main-submit-button-text\">Send<\/div><\/button><\/div><input type=\"hidden\" name=\"trp-form-language\" value=\"en\"\/><\/form><div class=\"uagb-forms-success-message-70c78953 uagb-forms-submit-message-hide\"><span>The form has been submitted successfully!<\/span><\/div><div class=\"uagb-forms-failed-message-70c78953 uagb-forms-submit-message-hide\"><span>There has been some error while submitting the form. Please verify all form fields again.<\/span><\/div><\/div>","protected":false},"excerpt":{"rendered":"<p>Producto personalizado Si quieres un producto en una madera, medidas u otras caracter\u00edsticas que no est\u00e9n listadas en las opciones, utiliza el formulario de producto personalizado. Si tienes dudas, consulta la gu\u00eda de compra del producto que quieres personalizar o preg\u00fantame en el formulario. Me pondr\u00e9 en contacto contigo para comunicarte el precio y el [&hellip;]<\/p>","protected":false},"author":1,"featured_media":0,"parent":0,"menu_order":0,"comment_status":"closed","ping_status":"closed","template":"","meta":{"_uag_custom_page_level_css":"","site-sidebar-layout":"default","site-content-layout":"","ast-site-content-layout":"default","site-content-style":"default","site-sidebar-style":"default","ast-global-header-display":"","ast-banner-title-visibility":"","ast-main-header-display":"","ast-hfb-above-header-display":"","ast-hfb-below-header-display":"","ast-hfb-mobile-header-display":"","site-post-title":"","ast-breadcrumbs-content":"","ast-featured-img":"","footer-sml-layout":"","ast-disable-related-posts":"","theme-transparent-header-meta":"","adv-header-id-meta":"","stick-header-meta":"","header-above-stick-meta":"","header-main-stick-meta":"","header-below-stick-meta":"","astra-migrate-meta-layouts":"set","ast-page-background-enabled":"default","ast-page-background-meta":{"desktop":{"background-color":"var(--ast-global-color-4)","background-image":"","background-repeat":"repeat","background-position":"center center","background-size":"auto","background-attachment":"scroll","background-type":"","background-media":"","overlay-type":"","overlay-color":"","overlay-opacity":"","overlay-gradient":""},"tablet":{"background-color":"","background-image":"","background-repeat":"repeat","background-position":"center center","background-size":"auto","background-attachment":"scroll","background-type":"","background-media":"","overlay-type":"","overlay-color":"","overlay-opacity":"","overlay-gradient":""},"mobile":{"background-color":"","background-image":"","background-repeat":"repeat","background-position":"center center","background-size":"auto","background-attachment":"scroll","background-type":"","background-media":"","overlay-type":"","overlay-color":"","overlay-opacity":"","overlay-gradient":""}},"ast-content-background-meta":{"desktop":{"background-color":"var(--ast-global-color-5)","background-image":"","background-repeat":"repeat","background-position":"center center","background-size":"auto","background-attachment":"scroll","background-type":"","background-media":"","overlay-type":"","overlay-color":"","overlay-opacity":"","overlay-gradient":""},"tablet":{"background-color":"var(--ast-global-color-5)","background-image":"","background-repeat":"repeat","background-position":"center center","background-size":"auto","background-attachment":"scroll","background-type":"","background-media":"","overlay-type":"","overlay-color":"","overlay-opacity":"","overlay-gradient":""},"mobile":{"background-color":"var(--ast-global-color-5)","background-image":"","background-repeat":"repeat","background-position":"center center","background-size":"auto","background-attachment":"scroll","background-type":"","background-media":"","overlay-type":"","overlay-color":"","overlay-opacity":"","overlay-gradient":""}},"footnotes":""},"class_list":["post-1994","page","type-page","status-publish","hentry"],"uagb_featured_image_src":{"full":false,"thumbnail":false,"medium":false,"medium_large":false,"large":false,"1536x1536":false,"2048x2048":false,"trp-custom-language-flag":false,"woocommerce_thumbnail":false,"woocommerce_single":false,"woocommerce_gallery_thumbnail":false},"uagb_author_info":{"display_name":"Alejandrez","author_link":"https:\/\/sonatacustom.com\/en\/author\/sonatacustomgmail-com\/"},"uagb_comment_info":0,"uagb_excerpt":"Producto personalizado Si quieres un producto en una madera, medidas u otras caracter\u00edsticas que no est\u00e9n listadas en las opciones, utiliza el formulario de producto personalizado. Si tienes dudas, consulta la gu\u00eda de compra del producto que quieres personalizar o preg\u00fantame en el formulario. Me pondr\u00e9 en contacto contigo para comunicarte el precio y el&hellip;","_links":{"self":[{"href":"https:\/\/sonatacustom.com\/en\/wp-json\/wp\/v2\/pages\/1994","targetHints":{"allow":["GET"]}}],"collection":[{"href":"https:\/\/sonatacustom.com\/en\/wp-json\/wp\/v2\/pages"}],"about":[{"href":"https:\/\/sonatacustom.com\/en\/wp-json\/wp\/v2\/types\/page"}],"author":[{"embeddable":true,"href":"https:\/\/sonatacustom.com\/en\/wp-json\/wp\/v2\/users\/1"}],"replies":[{"embeddable":true,"href":"https:\/\/sonatacustom.com\/en\/wp-json\/wp\/v2\/comments?post=1994"}],"version-history":[{"count":8,"href":"https:\/\/sonatacustom.com\/en\/wp-json\/wp\/v2\/pages\/1994\/revisions"}],"predecessor-version":[{"id":3119,"href":"https:\/\/sonatacustom.com\/en\/wp-json\/wp\/v2\/pages\/1994\/revisions\/3119"}],"wp:attachment":[{"href":"https:\/\/sonatacustom.com\/en\/wp-json\/wp\/v2\/media?parent=1994"}],"curies":[{"name":"wp","href":"https:\/\/api.w.org\/{rel}","templated":true}]}}