{"id":10,"date":"2025-03-04T12:01:49","date_gmt":"2025-03-04T12:01:49","guid":{"rendered":"http:\/\/sonatacustom.com\/?page_id=10"},"modified":"2025-10-13T10:26:16","modified_gmt":"2025-10-13T08:26:16","slug":"terminos-y-condiciones","status":"publish","type":"page","link":"https:\/\/sonatacustom.com\/en\/terminos-y-condiciones\/","title":{"rendered":"Terms and conditions"},"content":{"rendered":"<h2 class=\"wp-block-heading\">General<\/h2>\n\n\n\n<p>All products from Sonata Custom are made to order. Due to this, and their customizable nature, once your order is accepted, it cannot be canceled or returned. The only exception is if the item received significantly differs from the one requested in the order. Minor variations in dimensions, color, and characteristics inherent to a completely handmade product are not considered sufficient variation to justify the return of an item. Any variation in the product will be confirmed before manufacturing begins.<\/p>\n\n\n\n<p>This text makes a distinction between \"product\", listed in the store and featuring characteristics based on design, and \"item\", manufactured based on a specific customer\u2019s order, where the features may slightly vary compared to the equivalent product.<\/p>\n\n\n\n<h2 class=\"wp-block-heading\">Customer communication<\/h2>\n\n\n\n<p>Before and during the manufacturing of an item, and especially in the case of a request made through the custom product form, Sonata Custom will contact the customer to keep them informed about the status of their item or to finalize design, adaptation, and customization options.<\/p>\n\n\n\n<p>If the customer does not respond to messages during the manufacturing of their item within a period of one year, it will be considered as a rejection of the item, but the amount paid will not be refunded.<\/p>\n\n\n\n<h2 class=\"wp-block-heading\">Product features<\/h2>\n\n\n\n<p>The hardware installed in some products, such as pedalboards, drum kits, etc., as well as the available paints and finishes, are subject to availability. Sonata Custom reserves the right to modify these elements without updating the product images in the store. However, we will always aim to use similar quality and appearance elements and update the price if necessary. The images listed in the store are of items already sold. The customer agrees that their item may be photographed and published before leaving the premises.<\/p>\n\n\n\n<h2 class=\"wp-block-heading\">Payment<\/h2>\n\n\n\n<p>The full payment must be made via bank transfer before the manufacturing of the item begins. Once manufacturing has started, no changes can be made to the item or its price.<\/p>\n\n\n\n<h2 class=\"wp-block-heading\">Manufacturing time<\/h2>\n\n\n\n<p>The manufacturing time for products is variable and can take up to 3 weeks for products with heavy finish work. However, the existence of previous pending orders may extend the delivery time of the item. You can inquire about the manufacturing time before making a purchase by contacting Sonata Custom.<\/p>\n\n\n\n<h2 class=\"wp-block-heading\">Shipping<\/h2>\n\n\n\n<p>Shipments will be made through SEUR and are free for orders over \u20ac200 with delivery to mainland Spain. In case of loss or damage during shipping, the product will be re-manufactured and sent again, which may extend the delivery time. The customer is responsible for checking the condition of the item upon reception and rejecting it if it shows any damage.<\/p>\n\n\n\n<h2 class=\"wp-block-heading\">Warranty<\/h2>\n\n\n\n<p>In case a repair is needed, Sonata Custom can either send the necessary parts or receive the item for repair. However, only the second option provides an extension of the warranty, which would be 6 months from the receipt of the repaired item. If the warranty period has expired, the customer will be required to pay for shipping, labour, and necessary parts before the repair.<\/p>\n\n\n\n<p>Sonata Custom offers a two-year warranty from the date of shipment of the item. This warranty covers manufacturing and\/or design defects, but does not cover normal wear and tear from use or misuse of the products. In case of an issue with an item, the customer must contact us and provide all the information requested to assess the problem. Sonata Custom reserves the right to determine if the issue is due to improper use of the item.<\/p>","protected":false},"excerpt":{"rendered":"<p>General Todos los productos de Sonata Custom son fabricados bajo demanda. Debido a ello, y a su car\u00e1cter personalizable, desde el momento que tu pedido es aceptado, \u00e9ste no puede ser cancelado ni devuelto. La \u00fanica excepci\u00f3n es en caso de que el art\u00edculo recibido difiera significativamente del solicitado en el pedido. Las ligeras variaciones [&hellip;]<\/p>","protected":false},"author":1,"featured_media":0,"parent":0,"menu_order":0,"comment_status":"closed","ping_status":"closed","template":"","meta":{"_uag_custom_page_level_css":"","site-sidebar-layout":"default","site-content-layout":"","ast-site-content-layout":"default","site-content-style":"default","site-sidebar-style":"default","ast-global-header-display":"","ast-banner-title-visibility":"","ast-main-header-display":"","ast-hfb-above-header-display":"","ast-hfb-below-header-display":"","ast-hfb-mobile-header-display":"","site-post-title":"","ast-breadcrumbs-content":"","ast-featured-img":"","footer-sml-layout":"","ast-disable-related-posts":"","theme-transparent-header-meta":"","adv-header-id-meta":"","stick-header-meta":"","header-above-stick-meta":"","header-main-stick-meta":"","header-below-stick-meta":"","astra-migrate-meta-layouts":"set","ast-page-background-enabled":"default","ast-page-background-meta":{"desktop":{"background-color":"var(--ast-global-color-4)","background-image":"","background-repeat":"repeat","background-position":"center center","background-size":"auto","background-attachment":"scroll","background-type":"","background-media":"","overlay-type":"","overlay-color":"","overlay-opacity":"","overlay-gradient":""},"tablet":{"background-color":"","background-image":"","background-repeat":"repeat","background-position":"center center","background-size":"auto","background-attachment":"scroll","background-type":"","background-media":"","overlay-type":"","overlay-color":"","overlay-opacity":"","overlay-gradient":""},"mobile":{"background-color":"","background-image":"","background-repeat":"repeat","background-position":"center center","background-size":"auto","background-attachment":"scroll","background-type":"","background-media":"","overlay-type":"","overlay-color":"","overlay-opacity":"","overlay-gradient":""}},"ast-content-background-meta":{"desktop":{"background-color":"var(--ast-global-color-5)","background-image":"","background-repeat":"repeat","background-position":"center center","background-size":"auto","background-attachment":"scroll","background-type":"","background-media":"","overlay-type":"","overlay-color":"","overlay-opacity":"","overlay-gradient":""},"tablet":{"background-color":"var(--ast-global-color-5)","background-image":"","background-repeat":"repeat","background-position":"center center","background-size":"auto","background-attachment":"scroll","background-type":"","background-media":"","overlay-type":"","overlay-color":"","overlay-opacity":"","overlay-gradient":""},"mobile":{"background-color":"var(--ast-global-color-5)","background-image":"","background-repeat":"repeat","background-position":"center center","background-size":"auto","background-attachment":"scroll","background-type":"","background-media":"","overlay-type":"","overlay-color":"","overlay-opacity":"","overlay-gradient":""}},"footnotes":""},"class_list":["post-10","page","type-page","status-publish","hentry"],"uagb_featured_image_src":{"full":false,"thumbnail":false,"medium":false,"medium_large":false,"large":false,"1536x1536":false,"2048x2048":false,"trp-custom-language-flag":false,"woocommerce_thumbnail":false,"woocommerce_single":false,"woocommerce_gallery_thumbnail":false},"uagb_author_info":{"display_name":"Alejandrez","author_link":"https:\/\/sonatacustom.com\/en\/author\/sonatacustomgmail-com\/"},"uagb_comment_info":0,"uagb_excerpt":"General Todos los productos de Sonata Custom son fabricados bajo demanda. Debido a ello, y a su car\u00e1cter personalizable, desde el momento que tu pedido es aceptado, \u00e9ste no puede ser cancelado ni devuelto. La \u00fanica excepci\u00f3n es en caso de que el art\u00edculo recibido difiera significativamente del solicitado en el pedido. Las ligeras variaciones&hellip;","_links":{"self":[{"href":"https:\/\/sonatacustom.com\/en\/wp-json\/wp\/v2\/pages\/10","targetHints":{"allow":["GET"]}}],"collection":[{"href":"https:\/\/sonatacustom.com\/en\/wp-json\/wp\/v2\/pages"}],"about":[{"href":"https:\/\/sonatacustom.com\/en\/wp-json\/wp\/v2\/types\/page"}],"author":[{"embeddable":true,"href":"https:\/\/sonatacustom.com\/en\/wp-json\/wp\/v2\/users\/1"}],"replies":[{"embeddable":true,"href":"https:\/\/sonatacustom.com\/en\/wp-json\/wp\/v2\/comments?post=10"}],"version-history":[{"count":9,"href":"https:\/\/sonatacustom.com\/en\/wp-json\/wp\/v2\/pages\/10\/revisions"}],"predecessor-version":[{"id":3109,"href":"https:\/\/sonatacustom.com\/en\/wp-json\/wp\/v2\/pages\/10\/revisions\/3109"}],"wp:attachment":[{"href":"https:\/\/sonatacustom.com\/en\/wp-json\/wp\/v2\/media?parent=10"}],"curies":[{"name":"wp","href":"https:\/\/api.w.org\/{rel}","templated":true}]}}